{"id":52637,"date":"2026-01-26T08:59:22","date_gmt":"2026-01-26T13:59:22","guid":{"rendered":"https:\/\/industriasroboto.com\/?post_type=product&#038;p=52637"},"modified":"2026-01-26T09:07:50","modified_gmt":"2026-01-26T14:07:50","slug":"liverpool-new-castle-naval","status":"publish","type":"product","link":"https:\/\/industriasroboto.com\/es\/producto\/liverpool-new-castle-naval\/","title":{"rendered":"Liverpool New Castle Naval"},"content":{"rendered":"<p><img loading=\"lazy\" decoding=\"async\" class=\"alignnone size-full wp-image-47537\" src=\"https:\/\/industriasroboto.com\/wp-content\/uploads\/2025\/06\/LIVERPOOL-NEW-CASTLE-01.jpg\" alt=\"\" width=\"1651\" height=\"1276\" \/><\/p>\n","protected":false},"excerpt":{"rendered":"<p><strong><span style=\"vertical-align: inherit;\"><span style=\"vertical-align: inherit;\">Caracter\u00edsticas:<\/span><\/span><\/strong><\/p>\n<ul>\n<li>Materiales :dril pesado (100%algod\u00f3n),poli\u00e9ster<\/li>\n<li>Sistema de cierre broche<\/li>\n<li>2 bolsillos laterales con cremallera met\u00e1lica para\u00a0 seguridad.<\/li>\n<li>2 bolsillos laterales y 1 bolsillo interno<\/li>\n<li>Cremallera met\u00e1lica\u00a0 en pu\u00f1os.<\/li>\n<li>Detalles en cuerina, y cuero sint\u00e9tico de alta calidad.<\/li>\n<li>Capota removible.<\/li>\n<\/ul>\n<p>&nbsp;<\/p>\n<p><strong>M\u00e9todos de pago:<\/strong><\/p>\n<p><strong><img loading=\"lazy\" decoding=\"async\" class=\"alignnone size-full wp-image-48309\" src=\"https:\/\/industriasroboto.com\/wp-content\/uploads\/2025\/11\/Medios-de-pago-2025.jpg\" alt=\"\" width=\"350\" height=\"150\" \/><\/strong><\/p>\n","protected":false},"featured_media":52575,"comment_status":"open","ping_status":"closed","template":"","meta":[],"product_brand":[],"product_cat":[131,128],"product_tag":[],"class_list":{"0":"post-52637","1":"product","2":"type-product","3":"status-publish","4":"has-post-thumbnail","6":"product_cat-abrigos-y-chamarras","7":"product_cat-hombre-es","9":"first","10":"instock","11":"taxable","12":"shipping-taxable","13":"purchasable","14":"product-type-variable","15":"has-default-attributes"},"yoast_head":"<!-- This site is optimized with the Yoast SEO plugin v27.2 - https:\/\/yoast.com\/product\/yoast-seo-wordpress\/ -->\n<title>Liverpool New Castle Naval | Industrias Roboto<\/title>\n<meta name=\"robots\" content=\"index, follow, max-snippet:-1, max-image-preview:large, max-video-preview:-1\" \/>\n<link rel=\"canonical\" href=\"https:\/\/industriasroboto.com\/es\/producto\/liverpool-new-castle-naval\/\" \/>\n<meta property=\"og:locale\" content=\"es_ES\" \/>\n<meta property=\"og:type\" content=\"article\" \/>\n<meta property=\"og:title\" content=\"Liverpool New Castle Naval | Industrias Roboto\" \/>\n<meta property=\"og:description\" content=\"Caracter\u00edsticas:   Materiales :dril pesado (100%algod\u00f3n),poli\u00e9ster  Sistema de cierre broche  2 bolsillos laterales con cremallera met\u00e1lica para\u00a0 seguridad.  2 bolsillos laterales y 1 bolsillo interno  Cremallera met\u00e1lica\u00a0 en pu\u00f1os.  Detalles en cuerina, y cuero sint\u00e9tico de alta calidad.  Capota removible.  &nbsp;  M\u00e9todos de pago:\" \/>\n<meta property=\"og:url\" content=\"https:\/\/industriasroboto.com\/es\/producto\/liverpool-new-castle-naval\/\" \/>\n<meta property=\"og:site_name\" content=\"Industrias Roboto\" \/>\n<meta property=\"article:publisher\" content=\"https:\/\/www.facebook.com\/Robotoindustries\/\" \/>\n<meta property=\"article:modified_time\" content=\"2026-01-26T14:07:50+00:00\" \/>\n<meta property=\"og:image\" content=\"https:\/\/industriasroboto.com\/wp-content\/uploads\/2026\/01\/Cazadora-Liverpool-New-Castle-Naval-2.jpeg\" \/>\n\t<meta property=\"og:image:width\" content=\"1200\" \/>\n\t<meta property=\"og:image:height\" content=\"1600\" \/>\n\t<meta property=\"og:image:type\" content=\"image\/jpeg\" \/>\n<meta name=\"twitter:card\" content=\"summary_large_image\" \/>\n<meta name=\"twitter:label1\" content=\"Tiempo de lectura\" \/>\n\t<meta name=\"twitter:data1\" content=\"1 minuto\" \/>\n<script type=\"application\/ld+json\" class=\"yoast-schema-graph\">{\"@context\":\"https:\/\/schema.org\",\"@graph\":[{\"@type\":\"WebPage\",\"@id\":\"https:\/\/industriasroboto.com\/es\/producto\/liverpool-new-castle-naval\/\",\"url\":\"https:\/\/industriasroboto.com\/es\/producto\/liverpool-new-castle-naval\/\",\"name\":\"Liverpool New Castle Naval | Industrias Roboto\",\"isPartOf\":{\"@id\":\"https:\/\/industriasroboto.com\/en\/#website\"},\"primaryImageOfPage\":{\"@id\":\"https:\/\/industriasroboto.com\/es\/producto\/liverpool-new-castle-naval\/#primaryimage\"},\"image\":{\"@id\":\"https:\/\/industriasroboto.com\/es\/producto\/liverpool-new-castle-naval\/#primaryimage\"},\"thumbnailUrl\":\"https:\/\/industriasroboto.com\/wp-content\/uploads\/2026\/01\/Cazadora-Liverpool-New-Castle-Naval-2.jpeg\",\"datePublished\":\"2026-01-26T13:59:22+00:00\",\"dateModified\":\"2026-01-26T14:07:50+00:00\",\"breadcrumb\":{\"@id\":\"https:\/\/industriasroboto.com\/es\/producto\/liverpool-new-castle-naval\/#breadcrumb\"},\"inLanguage\":\"es\",\"potentialAction\":[{\"@type\":\"ReadAction\",\"target\":[\"https:\/\/industriasroboto.com\/es\/producto\/liverpool-new-castle-naval\/\"]}]},{\"@type\":\"ImageObject\",\"inLanguage\":\"es\",\"@id\":\"https:\/\/industriasroboto.com\/es\/producto\/liverpool-new-castle-naval\/#primaryimage\",\"url\":\"https:\/\/industriasroboto.com\/wp-content\/uploads\/2026\/01\/Cazadora-Liverpool-New-Castle-Naval-2.jpeg\",\"contentUrl\":\"https:\/\/industriasroboto.com\/wp-content\/uploads\/2026\/01\/Cazadora-Liverpool-New-Castle-Naval-2.jpeg\",\"width\":1200,\"height\":1600},{\"@type\":\"BreadcrumbList\",\"@id\":\"https:\/\/industriasroboto.com\/es\/producto\/liverpool-new-castle-naval\/#breadcrumb\",\"itemListElement\":[{\"@type\":\"ListItem\",\"position\":1,\"name\":\"Portada\",\"item\":\"https:\/\/industriasroboto.com\/es\/\"},{\"@type\":\"ListItem\",\"position\":2,\"name\":\"Tienda Online | Industrias Roboto\",\"item\":\"https:\/\/industriasroboto.com\/es\/tienda\/\"},{\"@type\":\"ListItem\",\"position\":3,\"name\":\"Liverpool New Castle Naval\"}]},{\"@type\":\"WebSite\",\"@id\":\"https:\/\/industriasroboto.com\/en\/#website\",\"url\":\"https:\/\/industriasroboto.com\/en\/\",\"name\":\"Industrias Roboto\",\"description\":\"Industrias Roboto. Bienvenido a la Era de la Moda Funcional. Dise\u00f1o y manufactura 100% colombiana\",\"publisher\":{\"@id\":\"https:\/\/industriasroboto.com\/en\/#organization\"},\"alternateName\":\"Ind. Roboto\",\"potentialAction\":[{\"@type\":\"SearchAction\",\"target\":{\"@type\":\"EntryPoint\",\"urlTemplate\":\"https:\/\/industriasroboto.com\/en\/?s={search_term_string}\"},\"query-input\":{\"@type\":\"PropertyValueSpecification\",\"valueRequired\":true,\"valueName\":\"search_term_string\"}}],\"inLanguage\":\"es\"},{\"@type\":\"Organization\",\"@id\":\"https:\/\/industriasroboto.com\/en\/#organization\",\"name\":\"Industrias Roboto\",\"url\":\"https:\/\/industriasroboto.com\/en\/\",\"logo\":{\"@type\":\"ImageObject\",\"inLanguage\":\"es\",\"@id\":\"https:\/\/industriasroboto.com\/en\/#\/schema\/logo\/image\/\",\"url\":\"https:\/\/industriasroboto.com\/wp-content\/uploads\/2026\/01\/cropped-cropped-cropped-Industrias-Roboto-Logo-Web.png\",\"contentUrl\":\"https:\/\/industriasroboto.com\/wp-content\/uploads\/2026\/01\/cropped-cropped-cropped-Industrias-Roboto-Logo-Web.png\",\"width\":227,\"height\":80,\"caption\":\"Industrias Roboto\"},\"image\":{\"@id\":\"https:\/\/industriasroboto.com\/en\/#\/schema\/logo\/image\/\"},\"sameAs\":[\"https:\/\/www.facebook.com\/Robotoindustries\/\",\"https:\/\/www.instagram.com\/ind.roboto\/\",\"https:\/\/www.youtube.com\/@industriasroboto9224\"]}]}<\/script>\n<!-- \/ Yoast SEO plugin. -->","yoast_head_json":{"title":"Liverpool New Castle Naval | Industrias Roboto","robots":{"index":"index","follow":"follow","max-snippet":"max-snippet:-1","max-image-preview":"max-image-preview:large","max-video-preview":"max-video-preview:-1"},"canonical":"https:\/\/industriasroboto.com\/es\/producto\/liverpool-new-castle-naval\/","og_locale":"es_ES","og_type":"article","og_title":"Liverpool New Castle Naval | Industrias Roboto","og_description":"Caracter\u00edsticas:   Materiales :dril pesado (100%algod\u00f3n),poli\u00e9ster  Sistema de cierre broche  2 bolsillos laterales con cremallera met\u00e1lica para\u00a0 seguridad.  2 bolsillos laterales y 1 bolsillo interno  Cremallera met\u00e1lica\u00a0 en pu\u00f1os.  Detalles en cuerina, y cuero sint\u00e9tico de alta calidad.  Capota removible.  &nbsp;  M\u00e9todos de pago:","og_url":"https:\/\/industriasroboto.com\/es\/producto\/liverpool-new-castle-naval\/","og_site_name":"Industrias Roboto","article_publisher":"https:\/\/www.facebook.com\/Robotoindustries\/","article_modified_time":"2026-01-26T14:07:50+00:00","og_image":[{"width":1200,"height":1600,"url":"https:\/\/industriasroboto.com\/wp-content\/uploads\/2026\/01\/Cazadora-Liverpool-New-Castle-Naval-2.jpeg","type":"image\/jpeg"}],"twitter_card":"summary_large_image","twitter_misc":{"Tiempo de lectura":"1 minuto"},"schema":{"@context":"https:\/\/schema.org","@graph":[{"@type":"WebPage","@id":"https:\/\/industriasroboto.com\/es\/producto\/liverpool-new-castle-naval\/","url":"https:\/\/industriasroboto.com\/es\/producto\/liverpool-new-castle-naval\/","name":"Liverpool New Castle Naval | Industrias Roboto","isPartOf":{"@id":"https:\/\/industriasroboto.com\/en\/#website"},"primaryImageOfPage":{"@id":"https:\/\/industriasroboto.com\/es\/producto\/liverpool-new-castle-naval\/#primaryimage"},"image":{"@id":"https:\/\/industriasroboto.com\/es\/producto\/liverpool-new-castle-naval\/#primaryimage"},"thumbnailUrl":"https:\/\/industriasroboto.com\/wp-content\/uploads\/2026\/01\/Cazadora-Liverpool-New-Castle-Naval-2.jpeg","datePublished":"2026-01-26T13:59:22+00:00","dateModified":"2026-01-26T14:07:50+00:00","breadcrumb":{"@id":"https:\/\/industriasroboto.com\/es\/producto\/liverpool-new-castle-naval\/#breadcrumb"},"inLanguage":"es","potentialAction":[{"@type":"ReadAction","target":["https:\/\/industriasroboto.com\/es\/producto\/liverpool-new-castle-naval\/"]}]},{"@type":"ImageObject","inLanguage":"es","@id":"https:\/\/industriasroboto.com\/es\/producto\/liverpool-new-castle-naval\/#primaryimage","url":"https:\/\/industriasroboto.com\/wp-content\/uploads\/2026\/01\/Cazadora-Liverpool-New-Castle-Naval-2.jpeg","contentUrl":"https:\/\/industriasroboto.com\/wp-content\/uploads\/2026\/01\/Cazadora-Liverpool-New-Castle-Naval-2.jpeg","width":1200,"height":1600},{"@type":"BreadcrumbList","@id":"https:\/\/industriasroboto.com\/es\/producto\/liverpool-new-castle-naval\/#breadcrumb","itemListElement":[{"@type":"ListItem","position":1,"name":"Portada","item":"https:\/\/industriasroboto.com\/es\/"},{"@type":"ListItem","position":2,"name":"Tienda Online | Industrias Roboto","item":"https:\/\/industriasroboto.com\/es\/tienda\/"},{"@type":"ListItem","position":3,"name":"Liverpool New Castle Naval"}]},{"@type":"WebSite","@id":"https:\/\/industriasroboto.com\/en\/#website","url":"https:\/\/industriasroboto.com\/en\/","name":"Industrias Roboto","description":"Industrias Roboto. Bienvenido a la Era de la Moda Funcional. Dise\u00f1o y manufactura 100% colombiana","publisher":{"@id":"https:\/\/industriasroboto.com\/en\/#organization"},"alternateName":"Ind. Roboto","potentialAction":[{"@type":"SearchAction","target":{"@type":"EntryPoint","urlTemplate":"https:\/\/industriasroboto.com\/en\/?s={search_term_string}"},"query-input":{"@type":"PropertyValueSpecification","valueRequired":true,"valueName":"search_term_string"}}],"inLanguage":"es"},{"@type":"Organization","@id":"https:\/\/industriasroboto.com\/en\/#organization","name":"Industrias Roboto","url":"https:\/\/industriasroboto.com\/en\/","logo":{"@type":"ImageObject","inLanguage":"es","@id":"https:\/\/industriasroboto.com\/en\/#\/schema\/logo\/image\/","url":"https:\/\/industriasroboto.com\/wp-content\/uploads\/2026\/01\/cropped-cropped-cropped-Industrias-Roboto-Logo-Web.png","contentUrl":"https:\/\/industriasroboto.com\/wp-content\/uploads\/2026\/01\/cropped-cropped-cropped-Industrias-Roboto-Logo-Web.png","width":227,"height":80,"caption":"Industrias Roboto"},"image":{"@id":"https:\/\/industriasroboto.com\/en\/#\/schema\/logo\/image\/"},"sameAs":["https:\/\/www.facebook.com\/Robotoindustries\/","https:\/\/www.instagram.com\/ind.roboto\/","https:\/\/www.youtube.com\/@industriasroboto9224"]}]}},"_links":{"self":[{"href":"https:\/\/industriasroboto.com\/es\/wp-json\/wp\/v2\/product\/52637","targetHints":{"allow":["GET"]}}],"collection":[{"href":"https:\/\/industriasroboto.com\/es\/wp-json\/wp\/v2\/product"}],"about":[{"href":"https:\/\/industriasroboto.com\/es\/wp-json\/wp\/v2\/types\/product"}],"replies":[{"embeddable":true,"href":"https:\/\/industriasroboto.com\/es\/wp-json\/wp\/v2\/comments?post=52637"}],"wp:featuredmedia":[{"embeddable":true,"href":"https:\/\/industriasroboto.com\/es\/wp-json\/wp\/v2\/media\/52575"}],"wp:attachment":[{"href":"https:\/\/industriasroboto.com\/es\/wp-json\/wp\/v2\/media?parent=52637"}],"wp:term":[{"taxonomy":"product_brand","embeddable":true,"href":"https:\/\/industriasroboto.com\/es\/wp-json\/wp\/v2\/product_brand?post=52637"},{"taxonomy":"product_cat","embeddable":true,"href":"https:\/\/industriasroboto.com\/es\/wp-json\/wp\/v2\/product_cat?post=52637"},{"taxonomy":"product_tag","embeddable":true,"href":"https:\/\/industriasroboto.com\/es\/wp-json\/wp\/v2\/product_tag?post=52637"}],"curies":[{"name":"wp","href":"https:\/\/api.w.org\/{rel}","templated":true}]}}