{"id":46865,"date":"2025-04-21T09:37:43","date_gmt":"2025-04-21T14:37:43","guid":{"rendered":"https:\/\/www.industriasroboto.com\/?post_type=product&#038;p=46865"},"modified":"2025-11-20T06:56:06","modified_gmt":"2025-11-20T11:56:06","slug":"biker-furiosa-drill-oliva-2","status":"publish","type":"product","link":"https:\/\/industriasroboto.com\/es\/producto\/biker-furiosa-drill-oliva-2\/","title":{"rendered":"Biker Furiosa Drill Oliva"},"content":{"rendered":"<p><img loading=\"lazy\" decoding=\"async\" class=\"alignnone size-full wp-image-45398\" src=\"https:\/\/industriasroboto.com\/wp-content\/uploads\/2024\/05\/BIKER-FURIOSA-02.jpg\" alt=\"Tablas de Medidas\" width=\"792\" height=\"612\" \/><\/p>\n","protected":false},"excerpt":{"rendered":"<p><strong>Caracter\u00edsticas:<\/strong><\/p>\n<ul>\n<li>Chamarra en dril con silueta tipo cors\u00e9.<\/li>\n<li>Materiales: dril (100%algod\u00f3n), algod\u00f3n m\u00f3naco (40% algod\u00f3n, 60% poli\u00e9ster)<\/li>\n<li>Sistema de cierre con cremallera met\u00e1lica<\/li>\n<li>2 bolsillos laterales con cremallera met\u00e1lica para mayor seguridad.<\/li>\n<li>Cremallera en pu\u00f1os.<\/li>\n<li>Bolsillo interno con cremallera de nylon<\/li>\n<li>Detalles en manga, cuello y pu\u00f1os con remaches.<\/li>\n<li>Hebillas met\u00e1licas laterales con correas en cuero para mayor ajuste en cintura<\/li>\n<li>Hombreras en cuero<\/li>\n<\/ul>\n[video width=\"478\" height=\"850\" mp4=\"https:\/\/industriasroboto.com\/wp-content\/uploads\/2025\/04\/Reel-Biker-Firiosa.mp4\"][\/video]\n<p><strong>M\u00e9todos de pago:<\/strong><\/p>\n<p><strong><img loading=\"lazy\" decoding=\"async\" class=\"alignnone wp-image-28588 size-medium\" src=\"https:\/\/industriasroboto.com\/wp-content\/uploads\/2020\/11\/medios-de-pago-300x80.jpg\" alt=\"\" width=\"300\" height=\"80\" \/><\/strong><\/p>\n","protected":false},"featured_media":47365,"comment_status":"open","ping_status":"closed","template":"","meta":[],"product_brand":[],"product_cat":[112,138],"product_tag":[],"class_list":{"0":"post-46865","1":"product","2":"type-product","3":"status-publish","4":"has-post-thumbnail","6":"product_cat-abrigos-es","7":"product_cat-mujer-es","9":"first","10":"instock","11":"taxable","12":"shipping-taxable","13":"purchasable","14":"product-type-variable","15":"has-default-attributes"},"yoast_head":"<!-- This site is optimized with the Yoast SEO plugin v27.2 - https:\/\/yoast.com\/product\/yoast-seo-wordpress\/ -->\n<title>Biker Furiosa Drill Oliva | Industrias Roboto<\/title>\n<meta name=\"robots\" content=\"index, follow, max-snippet:-1, max-image-preview:large, max-video-preview:-1\" \/>\n<link rel=\"canonical\" href=\"https:\/\/industriasroboto.com\/es\/producto\/biker-furiosa-drill-oliva-2\/\" \/>\n<meta property=\"og:locale\" content=\"es_ES\" \/>\n<meta property=\"og:type\" content=\"article\" \/>\n<meta property=\"og:title\" content=\"Biker Furiosa Drill Oliva | Industrias Roboto\" \/>\n<meta property=\"og:description\" content=\"Caracter\u00edsticas:   Chamarra en dril con silueta tipo cors\u00e9.  Materiales: dril (100%algod\u00f3n), algod\u00f3n m\u00f3naco (40% algod\u00f3n, 60% poli\u00e9ster)  Sistema de cierre con cremallera met\u00e1lica  2 bolsillos laterales con cremallera met\u00e1lica para mayor seguridad.  Cremallera en pu\u00f1os.  Bolsillo interno con cremallera de nylon  Detalles en manga, cuello y pu\u00f1os con remaches.  Hebillas met\u00e1licas laterales con correas en cuero para mayor ajuste en cintura  Hombreras en cuero    M\u00e9todos de pago:\" \/>\n<meta property=\"og:url\" content=\"https:\/\/industriasroboto.com\/es\/producto\/biker-furiosa-drill-oliva-2\/\" \/>\n<meta property=\"og:site_name\" content=\"Industrias Roboto\" \/>\n<meta property=\"article:publisher\" content=\"https:\/\/www.facebook.com\/Robotoindustries\/\" \/>\n<meta property=\"article:modified_time\" content=\"2025-11-20T11:56:06+00:00\" \/>\n<meta property=\"og:image\" content=\"https:\/\/industriasroboto.com\/wp-content\/uploads\/2019\/12\/Biker-Furiosa-Verde-Mujer-4-scaled-1.jpg\" \/>\n\t<meta property=\"og:image:width\" content=\"1920\" \/>\n\t<meta property=\"og:image:height\" content=\"2560\" \/>\n\t<meta property=\"og:image:type\" content=\"image\/jpeg\" \/>\n<meta name=\"twitter:card\" content=\"summary_large_image\" \/>\n<meta name=\"twitter:label1\" content=\"Tiempo de lectura\" \/>\n\t<meta name=\"twitter:data1\" content=\"1 minuto\" \/>\n<script type=\"application\/ld+json\" class=\"yoast-schema-graph\">{\"@context\":\"https:\/\/schema.org\",\"@graph\":[{\"@type\":\"WebPage\",\"@id\":\"https:\/\/industriasroboto.com\/es\/producto\/biker-furiosa-drill-oliva-2\/\",\"url\":\"https:\/\/industriasroboto.com\/es\/producto\/biker-furiosa-drill-oliva-2\/\",\"name\":\"Biker Furiosa Drill Oliva | Industrias Roboto\",\"isPartOf\":{\"@id\":\"https:\/\/industriasroboto.com\/en\/#website\"},\"primaryImageOfPage\":{\"@id\":\"https:\/\/industriasroboto.com\/es\/producto\/biker-furiosa-drill-oliva-2\/#primaryimage\"},\"image\":{\"@id\":\"https:\/\/industriasroboto.com\/es\/producto\/biker-furiosa-drill-oliva-2\/#primaryimage\"},\"thumbnailUrl\":\"https:\/\/industriasroboto.com\/wp-content\/uploads\/2019\/12\/Biker-Furiosa-Verde-Mujer-4-scaled-1.jpg\",\"datePublished\":\"2025-04-21T14:37:43+00:00\",\"dateModified\":\"2025-11-20T11:56:06+00:00\",\"breadcrumb\":{\"@id\":\"https:\/\/industriasroboto.com\/es\/producto\/biker-furiosa-drill-oliva-2\/#breadcrumb\"},\"inLanguage\":\"es\",\"potentialAction\":[{\"@type\":\"ReadAction\",\"target\":[\"https:\/\/industriasroboto.com\/es\/producto\/biker-furiosa-drill-oliva-2\/\"]}]},{\"@type\":\"ImageObject\",\"inLanguage\":\"es\",\"@id\":\"https:\/\/industriasroboto.com\/es\/producto\/biker-furiosa-drill-oliva-2\/#primaryimage\",\"url\":\"https:\/\/industriasroboto.com\/wp-content\/uploads\/2019\/12\/Biker-Furiosa-Verde-Mujer-4-scaled-1.jpg\",\"contentUrl\":\"https:\/\/industriasroboto.com\/wp-content\/uploads\/2019\/12\/Biker-Furiosa-Verde-Mujer-4-scaled-1.jpg\",\"width\":1920,\"height\":2560},{\"@type\":\"BreadcrumbList\",\"@id\":\"https:\/\/industriasroboto.com\/es\/producto\/biker-furiosa-drill-oliva-2\/#breadcrumb\",\"itemListElement\":[{\"@type\":\"ListItem\",\"position\":1,\"name\":\"Portada\",\"item\":\"https:\/\/industriasroboto.com\/es\/\"},{\"@type\":\"ListItem\",\"position\":2,\"name\":\"Tienda Online | Industrias Roboto\",\"item\":\"https:\/\/industriasroboto.com\/es\/tienda\/\"},{\"@type\":\"ListItem\",\"position\":3,\"name\":\"Biker Furiosa Drill Oliva\"}]},{\"@type\":\"WebSite\",\"@id\":\"https:\/\/industriasroboto.com\/en\/#website\",\"url\":\"https:\/\/industriasroboto.com\/en\/\",\"name\":\"Industrias Roboto\",\"description\":\"Industrias Roboto. Bienvenido a la Era de la Moda Funcional. Dise\u00f1o y manufactura 100% colombiana\",\"publisher\":{\"@id\":\"https:\/\/industriasroboto.com\/en\/#organization\"},\"alternateName\":\"Ind. Roboto\",\"potentialAction\":[{\"@type\":\"SearchAction\",\"target\":{\"@type\":\"EntryPoint\",\"urlTemplate\":\"https:\/\/industriasroboto.com\/en\/?s={search_term_string}\"},\"query-input\":{\"@type\":\"PropertyValueSpecification\",\"valueRequired\":true,\"valueName\":\"search_term_string\"}}],\"inLanguage\":\"es\"},{\"@type\":\"Organization\",\"@id\":\"https:\/\/industriasroboto.com\/en\/#organization\",\"name\":\"Industrias Roboto\",\"url\":\"https:\/\/industriasroboto.com\/en\/\",\"logo\":{\"@type\":\"ImageObject\",\"inLanguage\":\"es\",\"@id\":\"https:\/\/industriasroboto.com\/en\/#\/schema\/logo\/image\/\",\"url\":\"https:\/\/industriasroboto.com\/wp-content\/uploads\/2026\/01\/cropped-cropped-cropped-Industrias-Roboto-Logo-Web.png\",\"contentUrl\":\"https:\/\/industriasroboto.com\/wp-content\/uploads\/2026\/01\/cropped-cropped-cropped-Industrias-Roboto-Logo-Web.png\",\"width\":227,\"height\":80,\"caption\":\"Industrias Roboto\"},\"image\":{\"@id\":\"https:\/\/industriasroboto.com\/en\/#\/schema\/logo\/image\/\"},\"sameAs\":[\"https:\/\/www.facebook.com\/Robotoindustries\/\",\"https:\/\/www.instagram.com\/ind.roboto\/\",\"https:\/\/www.youtube.com\/@industriasroboto9224\"]}]}<\/script>\n<!-- \/ Yoast SEO plugin. -->","yoast_head_json":{"title":"Biker Furiosa Drill Oliva | Industrias Roboto","robots":{"index":"index","follow":"follow","max-snippet":"max-snippet:-1","max-image-preview":"max-image-preview:large","max-video-preview":"max-video-preview:-1"},"canonical":"https:\/\/industriasroboto.com\/es\/producto\/biker-furiosa-drill-oliva-2\/","og_locale":"es_ES","og_type":"article","og_title":"Biker Furiosa Drill Oliva | Industrias Roboto","og_description":"Caracter\u00edsticas:   Chamarra en dril con silueta tipo cors\u00e9.  Materiales: dril (100%algod\u00f3n), algod\u00f3n m\u00f3naco (40% algod\u00f3n, 60% poli\u00e9ster)  Sistema de cierre con cremallera met\u00e1lica  2 bolsillos laterales con cremallera met\u00e1lica para mayor seguridad.  Cremallera en pu\u00f1os.  Bolsillo interno con cremallera de nylon  Detalles en manga, cuello y pu\u00f1os con remaches.  Hebillas met\u00e1licas laterales con correas en cuero para mayor ajuste en cintura  Hombreras en cuero    M\u00e9todos de pago:","og_url":"https:\/\/industriasroboto.com\/es\/producto\/biker-furiosa-drill-oliva-2\/","og_site_name":"Industrias Roboto","article_publisher":"https:\/\/www.facebook.com\/Robotoindustries\/","article_modified_time":"2025-11-20T11:56:06+00:00","og_image":[{"width":1920,"height":2560,"url":"https:\/\/industriasroboto.com\/wp-content\/uploads\/2019\/12\/Biker-Furiosa-Verde-Mujer-4-scaled-1.jpg","type":"image\/jpeg"}],"twitter_card":"summary_large_image","twitter_misc":{"Tiempo de lectura":"1 minuto"},"schema":{"@context":"https:\/\/schema.org","@graph":[{"@type":"WebPage","@id":"https:\/\/industriasroboto.com\/es\/producto\/biker-furiosa-drill-oliva-2\/","url":"https:\/\/industriasroboto.com\/es\/producto\/biker-furiosa-drill-oliva-2\/","name":"Biker Furiosa Drill Oliva | Industrias Roboto","isPartOf":{"@id":"https:\/\/industriasroboto.com\/en\/#website"},"primaryImageOfPage":{"@id":"https:\/\/industriasroboto.com\/es\/producto\/biker-furiosa-drill-oliva-2\/#primaryimage"},"image":{"@id":"https:\/\/industriasroboto.com\/es\/producto\/biker-furiosa-drill-oliva-2\/#primaryimage"},"thumbnailUrl":"https:\/\/industriasroboto.com\/wp-content\/uploads\/2019\/12\/Biker-Furiosa-Verde-Mujer-4-scaled-1.jpg","datePublished":"2025-04-21T14:37:43+00:00","dateModified":"2025-11-20T11:56:06+00:00","breadcrumb":{"@id":"https:\/\/industriasroboto.com\/es\/producto\/biker-furiosa-drill-oliva-2\/#breadcrumb"},"inLanguage":"es","potentialAction":[{"@type":"ReadAction","target":["https:\/\/industriasroboto.com\/es\/producto\/biker-furiosa-drill-oliva-2\/"]}]},{"@type":"ImageObject","inLanguage":"es","@id":"https:\/\/industriasroboto.com\/es\/producto\/biker-furiosa-drill-oliva-2\/#primaryimage","url":"https:\/\/industriasroboto.com\/wp-content\/uploads\/2019\/12\/Biker-Furiosa-Verde-Mujer-4-scaled-1.jpg","contentUrl":"https:\/\/industriasroboto.com\/wp-content\/uploads\/2019\/12\/Biker-Furiosa-Verde-Mujer-4-scaled-1.jpg","width":1920,"height":2560},{"@type":"BreadcrumbList","@id":"https:\/\/industriasroboto.com\/es\/producto\/biker-furiosa-drill-oliva-2\/#breadcrumb","itemListElement":[{"@type":"ListItem","position":1,"name":"Portada","item":"https:\/\/industriasroboto.com\/es\/"},{"@type":"ListItem","position":2,"name":"Tienda Online | Industrias Roboto","item":"https:\/\/industriasroboto.com\/es\/tienda\/"},{"@type":"ListItem","position":3,"name":"Biker Furiosa Drill Oliva"}]},{"@type":"WebSite","@id":"https:\/\/industriasroboto.com\/en\/#website","url":"https:\/\/industriasroboto.com\/en\/","name":"Industrias Roboto","description":"Industrias Roboto. Bienvenido a la Era de la Moda Funcional. Dise\u00f1o y manufactura 100% colombiana","publisher":{"@id":"https:\/\/industriasroboto.com\/en\/#organization"},"alternateName":"Ind. Roboto","potentialAction":[{"@type":"SearchAction","target":{"@type":"EntryPoint","urlTemplate":"https:\/\/industriasroboto.com\/en\/?s={search_term_string}"},"query-input":{"@type":"PropertyValueSpecification","valueRequired":true,"valueName":"search_term_string"}}],"inLanguage":"es"},{"@type":"Organization","@id":"https:\/\/industriasroboto.com\/en\/#organization","name":"Industrias Roboto","url":"https:\/\/industriasroboto.com\/en\/","logo":{"@type":"ImageObject","inLanguage":"es","@id":"https:\/\/industriasroboto.com\/en\/#\/schema\/logo\/image\/","url":"https:\/\/industriasroboto.com\/wp-content\/uploads\/2026\/01\/cropped-cropped-cropped-Industrias-Roboto-Logo-Web.png","contentUrl":"https:\/\/industriasroboto.com\/wp-content\/uploads\/2026\/01\/cropped-cropped-cropped-Industrias-Roboto-Logo-Web.png","width":227,"height":80,"caption":"Industrias Roboto"},"image":{"@id":"https:\/\/industriasroboto.com\/en\/#\/schema\/logo\/image\/"},"sameAs":["https:\/\/www.facebook.com\/Robotoindustries\/","https:\/\/www.instagram.com\/ind.roboto\/","https:\/\/www.youtube.com\/@industriasroboto9224"]}]}},"_links":{"self":[{"href":"https:\/\/industriasroboto.com\/es\/wp-json\/wp\/v2\/product\/46865","targetHints":{"allow":["GET"]}}],"collection":[{"href":"https:\/\/industriasroboto.com\/es\/wp-json\/wp\/v2\/product"}],"about":[{"href":"https:\/\/industriasroboto.com\/es\/wp-json\/wp\/v2\/types\/product"}],"replies":[{"embeddable":true,"href":"https:\/\/industriasroboto.com\/es\/wp-json\/wp\/v2\/comments?post=46865"}],"wp:featuredmedia":[{"embeddable":true,"href":"https:\/\/industriasroboto.com\/es\/wp-json\/wp\/v2\/media\/47365"}],"wp:attachment":[{"href":"https:\/\/industriasroboto.com\/es\/wp-json\/wp\/v2\/media?parent=46865"}],"wp:term":[{"taxonomy":"product_brand","embeddable":true,"href":"https:\/\/industriasroboto.com\/es\/wp-json\/wp\/v2\/product_brand?post=46865"},{"taxonomy":"product_cat","embeddable":true,"href":"https:\/\/industriasroboto.com\/es\/wp-json\/wp\/v2\/product_cat?post=46865"},{"taxonomy":"product_tag","embeddable":true,"href":"https:\/\/industriasroboto.com\/es\/wp-json\/wp\/v2\/product_tag?post=46865"}],"curies":[{"name":"wp","href":"https:\/\/api.w.org\/{rel}","templated":true}]}}