{"id":44002,"date":"2024-02-16T16:12:27","date_gmt":"2024-02-16T21:12:27","guid":{"rendered":"https:\/\/www.industriasroboto.com\/?post_type=product&#038;p=44002"},"modified":"2025-09-11T11:10:04","modified_gmt":"2025-09-11T16:10:04","slug":"cazadora-liverpool-negro-mujer","status":"publish","type":"product","link":"https:\/\/industriasroboto.com\/es\/producto\/cazadora-liverpool-negro-mujer\/","title":{"rendered":"Cazadora Liverpool &#8211; Negro &#8211; Mujer"},"content":{"rendered":"<p><img loading=\"lazy\" decoding=\"async\" class=\"alignnone size-full wp-image-44039\" src=\"https:\/\/industriasroboto.com\/wp-content\/uploads\/2024\/02\/CAZADORA-LIVERPOOL-MUJER-02.jpg\" alt=\"\" width=\"792\" height=\"612\" \/><\/p>\n","protected":false},"excerpt":{"rendered":"<p><strong>Caracter\u00edsticas:<\/strong><\/p>\n<ul>\n<li>Material: dril 100%algod\u00f3n, algod\u00f3n M\u00f3naco (40% algod\u00f3n, 60% poli\u00e9ster)<\/li>\n<li>Sistema de cierre con broches frontales<\/li>\n<li>Capota removible<\/li>\n<li>4\u00a0 bolsillos exteriores, 2 con cremallera met\u00e1lica, 2 con broche<\/li>\n<\/ul>\n<p>&nbsp;<\/p>\n<p><strong>M\u00e9todos de pago:<\/strong><\/p>\n<p><strong><img loading=\"lazy\" decoding=\"async\" class=\"alignnone wp-image-28588 size-medium\" src=\"https:\/\/industriasroboto.com\/wp-content\/uploads\/2020\/11\/medios-de-pago-300x80.jpg\" alt=\"\" width=\"300\" height=\"80\" \/><\/strong><\/p>\n","protected":false},"featured_media":43980,"comment_status":"open","ping_status":"closed","template":"","meta":[],"product_brand":[],"product_cat":[112,138],"product_tag":[],"class_list":{"0":"post-44002","1":"product","2":"type-product","3":"status-publish","4":"has-post-thumbnail","6":"product_cat-abrigos-es","7":"product_cat-mujer-es","9":"first","10":"outofstock","11":"taxable","12":"shipping-taxable","13":"purchasable","14":"product-type-variable","15":"has-default-attributes"},"yoast_head":"<!-- This site is optimized with the Yoast SEO plugin v27.2 - https:\/\/yoast.com\/product\/yoast-seo-wordpress\/ -->\n<title>Cazadora Liverpool - Negro - Mujer | Industrias Roboto<\/title>\n<meta name=\"robots\" content=\"index, follow, max-snippet:-1, max-image-preview:large, max-video-preview:-1\" \/>\n<link rel=\"canonical\" href=\"https:\/\/industriasroboto.com\/es\/producto\/cazadora-liverpool-negro-mujer\/\" \/>\n<meta property=\"og:locale\" content=\"es_ES\" \/>\n<meta property=\"og:type\" content=\"article\" \/>\n<meta property=\"og:title\" content=\"Cazadora Liverpool - Negro - Mujer | Industrias Roboto\" \/>\n<meta property=\"og:description\" content=\"Caracter\u00edsticas:   Material: dril 100%algod\u00f3n, algod\u00f3n M\u00f3naco (40% algod\u00f3n, 60% poli\u00e9ster)  Sistema de cierre con broches frontales  Capota removible  4\u00a0 bolsillos exteriores, 2 con cremallera met\u00e1lica, 2 con broche  &nbsp;  M\u00e9todos de pago:\" \/>\n<meta property=\"og:url\" content=\"https:\/\/industriasroboto.com\/es\/producto\/cazadora-liverpool-negro-mujer\/\" \/>\n<meta property=\"og:site_name\" content=\"Industrias Roboto\" \/>\n<meta property=\"article:publisher\" content=\"https:\/\/www.facebook.com\/Robotoindustries\/\" \/>\n<meta property=\"article:modified_time\" content=\"2025-09-11T16:10:04+00:00\" \/>\n<meta property=\"og:image\" content=\"https:\/\/industriasroboto.com\/wp-content\/uploads\/2023\/10\/Cazadora-Liverpool-Negro-Mujer-3-1.jpg\" \/>\n\t<meta property=\"og:image:width\" content=\"1080\" \/>\n\t<meta property=\"og:image:height\" content=\"1439\" \/>\n\t<meta property=\"og:image:type\" content=\"image\/jpeg\" \/>\n<meta name=\"twitter:card\" content=\"summary_large_image\" \/>\n<meta name=\"twitter:label1\" content=\"Tiempo de lectura\" \/>\n\t<meta name=\"twitter:data1\" content=\"1 minuto\" \/>\n<script type=\"application\/ld+json\" class=\"yoast-schema-graph\">{\"@context\":\"https:\/\/schema.org\",\"@graph\":[{\"@type\":\"WebPage\",\"@id\":\"https:\/\/industriasroboto.com\/es\/producto\/cazadora-liverpool-negro-mujer\/\",\"url\":\"https:\/\/industriasroboto.com\/es\/producto\/cazadora-liverpool-negro-mujer\/\",\"name\":\"Cazadora Liverpool - Negro - Mujer | Industrias Roboto\",\"isPartOf\":{\"@id\":\"https:\/\/industriasroboto.com\/en\/#website\"},\"primaryImageOfPage\":{\"@id\":\"https:\/\/industriasroboto.com\/es\/producto\/cazadora-liverpool-negro-mujer\/#primaryimage\"},\"image\":{\"@id\":\"https:\/\/industriasroboto.com\/es\/producto\/cazadora-liverpool-negro-mujer\/#primaryimage\"},\"thumbnailUrl\":\"https:\/\/industriasroboto.com\/wp-content\/uploads\/2023\/10\/Cazadora-Liverpool-Negro-Mujer-3-1.jpg\",\"datePublished\":\"2024-02-16T21:12:27+00:00\",\"dateModified\":\"2025-09-11T16:10:04+00:00\",\"breadcrumb\":{\"@id\":\"https:\/\/industriasroboto.com\/es\/producto\/cazadora-liverpool-negro-mujer\/#breadcrumb\"},\"inLanguage\":\"es\",\"potentialAction\":[{\"@type\":\"ReadAction\",\"target\":[\"https:\/\/industriasroboto.com\/es\/producto\/cazadora-liverpool-negro-mujer\/\"]}]},{\"@type\":\"ImageObject\",\"inLanguage\":\"es\",\"@id\":\"https:\/\/industriasroboto.com\/es\/producto\/cazadora-liverpool-negro-mujer\/#primaryimage\",\"url\":\"https:\/\/industriasroboto.com\/wp-content\/uploads\/2023\/10\/Cazadora-Liverpool-Negro-Mujer-3-1.jpg\",\"contentUrl\":\"https:\/\/industriasroboto.com\/wp-content\/uploads\/2023\/10\/Cazadora-Liverpool-Negro-Mujer-3-1.jpg\",\"width\":1080,\"height\":1439},{\"@type\":\"BreadcrumbList\",\"@id\":\"https:\/\/industriasroboto.com\/es\/producto\/cazadora-liverpool-negro-mujer\/#breadcrumb\",\"itemListElement\":[{\"@type\":\"ListItem\",\"position\":1,\"name\":\"Portada\",\"item\":\"https:\/\/industriasroboto.com\/es\/\"},{\"@type\":\"ListItem\",\"position\":2,\"name\":\"Tienda Online | Industrias Roboto\",\"item\":\"https:\/\/industriasroboto.com\/es\/tienda\/\"},{\"@type\":\"ListItem\",\"position\":3,\"name\":\"Cazadora Liverpool &#8211; Negro &#8211; Mujer\"}]},{\"@type\":\"WebSite\",\"@id\":\"https:\/\/industriasroboto.com\/en\/#website\",\"url\":\"https:\/\/industriasroboto.com\/en\/\",\"name\":\"Industrias Roboto\",\"description\":\"Industrias Roboto. Bienvenido a la Era de la Moda Funcional. Dise\u00f1o y manufactura 100% colombiana\",\"publisher\":{\"@id\":\"https:\/\/industriasroboto.com\/en\/#organization\"},\"alternateName\":\"Ind. Roboto\",\"potentialAction\":[{\"@type\":\"SearchAction\",\"target\":{\"@type\":\"EntryPoint\",\"urlTemplate\":\"https:\/\/industriasroboto.com\/en\/?s={search_term_string}\"},\"query-input\":{\"@type\":\"PropertyValueSpecification\",\"valueRequired\":true,\"valueName\":\"search_term_string\"}}],\"inLanguage\":\"es\"},{\"@type\":\"Organization\",\"@id\":\"https:\/\/industriasroboto.com\/en\/#organization\",\"name\":\"Industrias Roboto\",\"url\":\"https:\/\/industriasroboto.com\/en\/\",\"logo\":{\"@type\":\"ImageObject\",\"inLanguage\":\"es\",\"@id\":\"https:\/\/industriasroboto.com\/en\/#\/schema\/logo\/image\/\",\"url\":\"https:\/\/industriasroboto.com\/wp-content\/uploads\/2026\/01\/cropped-cropped-cropped-Industrias-Roboto-Logo-Web.png\",\"contentUrl\":\"https:\/\/industriasroboto.com\/wp-content\/uploads\/2026\/01\/cropped-cropped-cropped-Industrias-Roboto-Logo-Web.png\",\"width\":227,\"height\":80,\"caption\":\"Industrias Roboto\"},\"image\":{\"@id\":\"https:\/\/industriasroboto.com\/en\/#\/schema\/logo\/image\/\"},\"sameAs\":[\"https:\/\/www.facebook.com\/Robotoindustries\/\",\"https:\/\/www.instagram.com\/ind.roboto\/\",\"https:\/\/www.youtube.com\/@industriasroboto9224\"]}]}<\/script>\n<!-- \/ Yoast SEO plugin. -->","yoast_head_json":{"title":"Cazadora Liverpool - Negro - Mujer | Industrias Roboto","robots":{"index":"index","follow":"follow","max-snippet":"max-snippet:-1","max-image-preview":"max-image-preview:large","max-video-preview":"max-video-preview:-1"},"canonical":"https:\/\/industriasroboto.com\/es\/producto\/cazadora-liverpool-negro-mujer\/","og_locale":"es_ES","og_type":"article","og_title":"Cazadora Liverpool - Negro - Mujer | Industrias Roboto","og_description":"Caracter\u00edsticas:   Material: dril 100%algod\u00f3n, algod\u00f3n M\u00f3naco (40% algod\u00f3n, 60% poli\u00e9ster)  Sistema de cierre con broches frontales  Capota removible  4\u00a0 bolsillos exteriores, 2 con cremallera met\u00e1lica, 2 con broche  &nbsp;  M\u00e9todos de pago:","og_url":"https:\/\/industriasroboto.com\/es\/producto\/cazadora-liverpool-negro-mujer\/","og_site_name":"Industrias Roboto","article_publisher":"https:\/\/www.facebook.com\/Robotoindustries\/","article_modified_time":"2025-09-11T16:10:04+00:00","og_image":[{"width":1080,"height":1439,"url":"https:\/\/industriasroboto.com\/wp-content\/uploads\/2023\/10\/Cazadora-Liverpool-Negro-Mujer-3-1.jpg","type":"image\/jpeg"}],"twitter_card":"summary_large_image","twitter_misc":{"Tiempo de lectura":"1 minuto"},"schema":{"@context":"https:\/\/schema.org","@graph":[{"@type":"WebPage","@id":"https:\/\/industriasroboto.com\/es\/producto\/cazadora-liverpool-negro-mujer\/","url":"https:\/\/industriasroboto.com\/es\/producto\/cazadora-liverpool-negro-mujer\/","name":"Cazadora Liverpool - Negro - Mujer | Industrias Roboto","isPartOf":{"@id":"https:\/\/industriasroboto.com\/en\/#website"},"primaryImageOfPage":{"@id":"https:\/\/industriasroboto.com\/es\/producto\/cazadora-liverpool-negro-mujer\/#primaryimage"},"image":{"@id":"https:\/\/industriasroboto.com\/es\/producto\/cazadora-liverpool-negro-mujer\/#primaryimage"},"thumbnailUrl":"https:\/\/industriasroboto.com\/wp-content\/uploads\/2023\/10\/Cazadora-Liverpool-Negro-Mujer-3-1.jpg","datePublished":"2024-02-16T21:12:27+00:00","dateModified":"2025-09-11T16:10:04+00:00","breadcrumb":{"@id":"https:\/\/industriasroboto.com\/es\/producto\/cazadora-liverpool-negro-mujer\/#breadcrumb"},"inLanguage":"es","potentialAction":[{"@type":"ReadAction","target":["https:\/\/industriasroboto.com\/es\/producto\/cazadora-liverpool-negro-mujer\/"]}]},{"@type":"ImageObject","inLanguage":"es","@id":"https:\/\/industriasroboto.com\/es\/producto\/cazadora-liverpool-negro-mujer\/#primaryimage","url":"https:\/\/industriasroboto.com\/wp-content\/uploads\/2023\/10\/Cazadora-Liverpool-Negro-Mujer-3-1.jpg","contentUrl":"https:\/\/industriasroboto.com\/wp-content\/uploads\/2023\/10\/Cazadora-Liverpool-Negro-Mujer-3-1.jpg","width":1080,"height":1439},{"@type":"BreadcrumbList","@id":"https:\/\/industriasroboto.com\/es\/producto\/cazadora-liverpool-negro-mujer\/#breadcrumb","itemListElement":[{"@type":"ListItem","position":1,"name":"Portada","item":"https:\/\/industriasroboto.com\/es\/"},{"@type":"ListItem","position":2,"name":"Tienda Online | Industrias Roboto","item":"https:\/\/industriasroboto.com\/es\/tienda\/"},{"@type":"ListItem","position":3,"name":"Cazadora Liverpool &#8211; Negro &#8211; Mujer"}]},{"@type":"WebSite","@id":"https:\/\/industriasroboto.com\/en\/#website","url":"https:\/\/industriasroboto.com\/en\/","name":"Industrias Roboto","description":"Industrias Roboto. Bienvenido a la Era de la Moda Funcional. Dise\u00f1o y manufactura 100% colombiana","publisher":{"@id":"https:\/\/industriasroboto.com\/en\/#organization"},"alternateName":"Ind. Roboto","potentialAction":[{"@type":"SearchAction","target":{"@type":"EntryPoint","urlTemplate":"https:\/\/industriasroboto.com\/en\/?s={search_term_string}"},"query-input":{"@type":"PropertyValueSpecification","valueRequired":true,"valueName":"search_term_string"}}],"inLanguage":"es"},{"@type":"Organization","@id":"https:\/\/industriasroboto.com\/en\/#organization","name":"Industrias Roboto","url":"https:\/\/industriasroboto.com\/en\/","logo":{"@type":"ImageObject","inLanguage":"es","@id":"https:\/\/industriasroboto.com\/en\/#\/schema\/logo\/image\/","url":"https:\/\/industriasroboto.com\/wp-content\/uploads\/2026\/01\/cropped-cropped-cropped-Industrias-Roboto-Logo-Web.png","contentUrl":"https:\/\/industriasroboto.com\/wp-content\/uploads\/2026\/01\/cropped-cropped-cropped-Industrias-Roboto-Logo-Web.png","width":227,"height":80,"caption":"Industrias Roboto"},"image":{"@id":"https:\/\/industriasroboto.com\/en\/#\/schema\/logo\/image\/"},"sameAs":["https:\/\/www.facebook.com\/Robotoindustries\/","https:\/\/www.instagram.com\/ind.roboto\/","https:\/\/www.youtube.com\/@industriasroboto9224"]}]}},"_links":{"self":[{"href":"https:\/\/industriasroboto.com\/es\/wp-json\/wp\/v2\/product\/44002","targetHints":{"allow":["GET"]}}],"collection":[{"href":"https:\/\/industriasroboto.com\/es\/wp-json\/wp\/v2\/product"}],"about":[{"href":"https:\/\/industriasroboto.com\/es\/wp-json\/wp\/v2\/types\/product"}],"replies":[{"embeddable":true,"href":"https:\/\/industriasroboto.com\/es\/wp-json\/wp\/v2\/comments?post=44002"}],"wp:featuredmedia":[{"embeddable":true,"href":"https:\/\/industriasroboto.com\/es\/wp-json\/wp\/v2\/media\/43980"}],"wp:attachment":[{"href":"https:\/\/industriasroboto.com\/es\/wp-json\/wp\/v2\/media?parent=44002"}],"wp:term":[{"taxonomy":"product_brand","embeddable":true,"href":"https:\/\/industriasroboto.com\/es\/wp-json\/wp\/v2\/product_brand?post=44002"},{"taxonomy":"product_cat","embeddable":true,"href":"https:\/\/industriasroboto.com\/es\/wp-json\/wp\/v2\/product_cat?post=44002"},{"taxonomy":"product_tag","embeddable":true,"href":"https:\/\/industriasroboto.com\/es\/wp-json\/wp\/v2\/product_tag?post=44002"}],"curies":[{"name":"wp","href":"https:\/\/api.w.org\/{rel}","templated":true}]}}