{"id":40364,"date":"2023-03-03T15:13:21","date_gmt":"2023-03-03T20:13:21","guid":{"rendered":"https:\/\/www.industriasroboto.com\/?post_type=product&#038;p=40364"},"modified":"2025-09-04T12:44:26","modified_gmt":"2025-09-04T17:44:26","slug":"biker-clasica","status":"publish","type":"product","link":"https:\/\/industriasroboto.com\/es\/producto\/biker-clasica\/","title":{"rendered":"Biker Cl\u00e1sica"},"content":{"rendered":"<p><img loading=\"lazy\" decoding=\"async\" class=\"alignnone size-full wp-image-36626\" src=\"https:\/\/industriasroboto.com\/wp-content\/uploads\/2022\/02\/BIKER-CLASSIC-HOMBRE-01.jpg\" alt=\"Tablas de medidas\" width=\"792\" height=\"612\" \/><\/p>\n","protected":false},"excerpt":{"rendered":"<p><strong>Prenda disponible para entrega inmediata en nuestro show room cdmx. Otras ciudades dentro del territorio mexicano recibe en solo 3 d\u00edas h\u00e1biles.<\/strong><\/p>\n<p><strong>Consulta disponibilidad exacta de tallas aqu\u00ed &#x1f447;&#x1f447;&#x1f447;<\/strong><\/p>\n<p>[vc_row][vc_column][vc_btn title=\u00bbConsultar disponibilidad\u00bb style=\u00bbflat\u00bb shape=\u00bbsquare\u00bb color=\u00bbblack\u00bb i_icon_fontawesome=\u00bbfa fa-whatsapp\u00bb add_icon=\u00bbtrue\u00bb link=\u00bburl:https%3A%2F%2Fweb.whatsapp.com%2Fsend%3Fphone%3D5215547934962%26text%3DHola.%2520Estoy%2520interesado%2520en&#8230;|title:Consultar%20disponibilidad|target:%20_blank|\u00bb][\/vc_column][\/vc_row]<\/p>\n<p>&nbsp;<\/p>\n<p><strong><span style=\"vertical-align: inherit;\">Caracter\u00edsticas:<\/span><\/strong><\/p>\n<ul>\n<li>3 bolsillos externos<\/li>\n<li>1 bolsillo interno<\/li>\n<li>1 bolsillo pistolero<\/li>\n<li>Acolchado en espalda y mangas<\/li>\n<li>Materiales: Cuerina Textil de alta calidad (tela polivin\u00edlica); Poli\u00e9ster 97%, spandex 7%; Brionny,\u00a0 poli\u00e9ster 100%<\/li>\n<li>Color: Negro<\/li>\n<\/ul>\n<p><span style=\"font-weight: 400;\">(trabajamos todos los d\u00edas por migrar nuestros productos hechos en piel a productos hechos con materiales de NO origen animal)\u00a0 @fundacion_lapanaderiarusa<\/span><\/p>\n<p><strong>Recomendaciones de cuidado:<\/strong><\/p>\n<ul>\n<li>No planchar<\/li>\n<li>Lavar en seco<\/li>\n<li>Lavar en lavander\u00eda<\/li>\n<\/ul>\n<p>&nbsp;<\/p>\n<p><strong>M\u00e9todos de pago:<\/strong><\/p>\n<p><strong><img loading=\"lazy\" decoding=\"async\" class=\"alignnone wp-image-28588 size-medium\" src=\"https:\/\/industriasroboto.com\/wp-content\/uploads\/2020\/11\/medios-de-pago-300x80.jpg\" alt=\"\" width=\"300\" height=\"80\" \/><\/strong><\/p>\n<p>&nbsp;<\/p>\n","protected":false},"featured_media":51811,"comment_status":"open","ping_status":"closed","template":"","meta":[],"product_brand":[],"product_cat":[131,125,128],"product_tag":[],"class_list":{"0":"post-40364","1":"product","2":"type-product","3":"status-publish","4":"has-post-thumbnail","6":"product_cat-abrigos-y-chamarras","7":"product_cat-dark-street-wear-es","8":"product_cat-hombre-es","10":"first","11":"outofstock","12":"taxable","13":"shipping-taxable","14":"purchasable","15":"product-type-variable","16":"has-default-attributes"},"yoast_head":"<!-- This site is optimized with the Yoast SEO plugin v27.2 - https:\/\/yoast.com\/product\/yoast-seo-wordpress\/ -->\n<title>Biker Cl\u00e1sica | Industrias Roboto<\/title>\n<meta name=\"robots\" content=\"index, follow, max-snippet:-1, max-image-preview:large, max-video-preview:-1\" \/>\n<link rel=\"canonical\" href=\"https:\/\/industriasroboto.com\/es\/producto\/biker-clasica\/\" \/>\n<meta property=\"og:locale\" content=\"es_ES\" \/>\n<meta property=\"og:type\" content=\"article\" \/>\n<meta property=\"og:title\" content=\"Biker Cl\u00e1sica | Industrias Roboto\" \/>\n<meta property=\"og:description\" content=\"Prenda disponible para entrega inmediata en nuestro show room cdmx. Otras ciudades dentro del territorio mexicano recibe en solo 3 d\u00edas h\u00e1biles.  Consulta disponibilidad exacta de tallas aqu\u00ed &#x1f447;&#x1f447;&#x1f447;  [vc_row][vc_column][vc_btn title=&quot;Consultar disponibilidad&quot; style=&quot;flat&quot; shape=&quot;square&quot; color=&quot;black&quot; i_icon_fontawesome=&quot;fa fa-whatsapp&quot; add_icon=&quot;true&quot; link=&quot;url:https%3A%2F%2Fweb.whatsapp.com%2Fsend%3Fphone%3D5215547934962%26text%3DHola.%2520Estoy%2520interesado%2520en...|title:Consultar%20disponibilidad|target:%20_blank|&quot;][\/vc_column][\/vc_row]  &nbsp;  Caracter\u00edsticas:   3 bolsillos externos  1 bolsillo interno  1 bolsillo pistolero  Acolchado en espalda y mangas  Materiales: Cuerina Textil de alta calidad (tela polivin\u00edlica); Poli\u00e9ster 97%, spandex 7%; Brionny,\u00a0 poli\u00e9ster 100%  Color: Negro  (trabajamos todos los d\u00edas por migrar nuestros productos hechos en piel a productos hechos con materiales de NO origen animal)\u00a0 @fundacion_lapanaderiarusa  Recomendaciones de cuidado:   No planchar  Lavar en seco  Lavar en lavander\u00eda  &nbsp;  M\u00e9todos de pago:    &nbsp;\" \/>\n<meta property=\"og:url\" content=\"https:\/\/industriasroboto.com\/es\/producto\/biker-clasica\/\" \/>\n<meta property=\"og:site_name\" content=\"Industrias Roboto\" \/>\n<meta property=\"article:publisher\" content=\"https:\/\/www.facebook.com\/Robotoindustries\/\" \/>\n<meta property=\"article:modified_time\" content=\"2025-09-04T17:44:26+00:00\" \/>\n<meta property=\"og:image\" content=\"https:\/\/industriasroboto.com\/wp-content\/uploads\/2023\/11\/Biker-Clasica-6-1.jpg\" \/>\n\t<meta property=\"og:image:width\" content=\"1080\" \/>\n\t<meta property=\"og:image:height\" content=\"1747\" \/>\n\t<meta property=\"og:image:type\" content=\"image\/jpeg\" \/>\n<meta name=\"twitter:card\" content=\"summary_large_image\" \/>\n<meta name=\"twitter:label1\" content=\"Tiempo de lectura\" \/>\n\t<meta name=\"twitter:data1\" content=\"1 minuto\" \/>\n<script type=\"application\/ld+json\" class=\"yoast-schema-graph\">{\"@context\":\"https:\/\/schema.org\",\"@graph\":[{\"@type\":\"WebPage\",\"@id\":\"https:\/\/industriasroboto.com\/es\/producto\/biker-clasica\/\",\"url\":\"https:\/\/industriasroboto.com\/es\/producto\/biker-clasica\/\",\"name\":\"Biker Cl\u00e1sica | Industrias Roboto\",\"isPartOf\":{\"@id\":\"https:\/\/industriasroboto.com\/en\/#website\"},\"primaryImageOfPage\":{\"@id\":\"https:\/\/industriasroboto.com\/es\/producto\/biker-clasica\/#primaryimage\"},\"image\":{\"@id\":\"https:\/\/industriasroboto.com\/es\/producto\/biker-clasica\/#primaryimage\"},\"thumbnailUrl\":\"https:\/\/industriasroboto.com\/wp-content\/uploads\/2023\/11\/Biker-Clasica-6-1.jpg\",\"datePublished\":\"2023-03-03T20:13:21+00:00\",\"dateModified\":\"2025-09-04T17:44:26+00:00\",\"breadcrumb\":{\"@id\":\"https:\/\/industriasroboto.com\/es\/producto\/biker-clasica\/#breadcrumb\"},\"inLanguage\":\"es\",\"potentialAction\":[{\"@type\":\"ReadAction\",\"target\":[\"https:\/\/industriasroboto.com\/es\/producto\/biker-clasica\/\"]}]},{\"@type\":\"ImageObject\",\"inLanguage\":\"es\",\"@id\":\"https:\/\/industriasroboto.com\/es\/producto\/biker-clasica\/#primaryimage\",\"url\":\"https:\/\/industriasroboto.com\/wp-content\/uploads\/2023\/11\/Biker-Clasica-6-1.jpg\",\"contentUrl\":\"https:\/\/industriasroboto.com\/wp-content\/uploads\/2023\/11\/Biker-Clasica-6-1.jpg\",\"width\":1080,\"height\":1747},{\"@type\":\"BreadcrumbList\",\"@id\":\"https:\/\/industriasroboto.com\/es\/producto\/biker-clasica\/#breadcrumb\",\"itemListElement\":[{\"@type\":\"ListItem\",\"position\":1,\"name\":\"Portada\",\"item\":\"https:\/\/industriasroboto.com\/es\/\"},{\"@type\":\"ListItem\",\"position\":2,\"name\":\"Tienda Online | Industrias Roboto\",\"item\":\"https:\/\/industriasroboto.com\/es\/tienda\/\"},{\"@type\":\"ListItem\",\"position\":3,\"name\":\"Biker Cl\u00e1sica\"}]},{\"@type\":\"WebSite\",\"@id\":\"https:\/\/industriasroboto.com\/en\/#website\",\"url\":\"https:\/\/industriasroboto.com\/en\/\",\"name\":\"Industrias Roboto\",\"description\":\"Industrias Roboto. Bienvenido a la Era de la Moda Funcional. Dise\u00f1o y manufactura 100% colombiana\",\"publisher\":{\"@id\":\"https:\/\/industriasroboto.com\/en\/#organization\"},\"alternateName\":\"Ind. Roboto\",\"potentialAction\":[{\"@type\":\"SearchAction\",\"target\":{\"@type\":\"EntryPoint\",\"urlTemplate\":\"https:\/\/industriasroboto.com\/en\/?s={search_term_string}\"},\"query-input\":{\"@type\":\"PropertyValueSpecification\",\"valueRequired\":true,\"valueName\":\"search_term_string\"}}],\"inLanguage\":\"es\"},{\"@type\":\"Organization\",\"@id\":\"https:\/\/industriasroboto.com\/en\/#organization\",\"name\":\"Industrias Roboto\",\"url\":\"https:\/\/industriasroboto.com\/en\/\",\"logo\":{\"@type\":\"ImageObject\",\"inLanguage\":\"es\",\"@id\":\"https:\/\/industriasroboto.com\/en\/#\/schema\/logo\/image\/\",\"url\":\"https:\/\/industriasroboto.com\/wp-content\/uploads\/2026\/01\/cropped-cropped-cropped-Industrias-Roboto-Logo-Web.png\",\"contentUrl\":\"https:\/\/industriasroboto.com\/wp-content\/uploads\/2026\/01\/cropped-cropped-cropped-Industrias-Roboto-Logo-Web.png\",\"width\":227,\"height\":80,\"caption\":\"Industrias Roboto\"},\"image\":{\"@id\":\"https:\/\/industriasroboto.com\/en\/#\/schema\/logo\/image\/\"},\"sameAs\":[\"https:\/\/www.facebook.com\/Robotoindustries\/\",\"https:\/\/www.instagram.com\/ind.roboto\/\",\"https:\/\/www.youtube.com\/@industriasroboto9224\"]}]}<\/script>\n<!-- \/ Yoast SEO plugin. -->","yoast_head_json":{"title":"Biker Cl\u00e1sica | Industrias Roboto","robots":{"index":"index","follow":"follow","max-snippet":"max-snippet:-1","max-image-preview":"max-image-preview:large","max-video-preview":"max-video-preview:-1"},"canonical":"https:\/\/industriasroboto.com\/es\/producto\/biker-clasica\/","og_locale":"es_ES","og_type":"article","og_title":"Biker Cl\u00e1sica | Industrias Roboto","og_description":"Prenda disponible para entrega inmediata en nuestro show room cdmx. Otras ciudades dentro del territorio mexicano recibe en solo 3 d\u00edas h\u00e1biles.  Consulta disponibilidad exacta de tallas aqu\u00ed &#x1f447;&#x1f447;&#x1f447;  [vc_row][vc_column][vc_btn title=\"Consultar disponibilidad\" style=\"flat\" shape=\"square\" color=\"black\" i_icon_fontawesome=\"fa fa-whatsapp\" add_icon=\"true\" link=\"url:https%3A%2F%2Fweb.whatsapp.com%2Fsend%3Fphone%3D5215547934962%26text%3DHola.%2520Estoy%2520interesado%2520en...|title:Consultar%20disponibilidad|target:%20_blank|\"][\/vc_column][\/vc_row]  &nbsp;  Caracter\u00edsticas:   3 bolsillos externos  1 bolsillo interno  1 bolsillo pistolero  Acolchado en espalda y mangas  Materiales: Cuerina Textil de alta calidad (tela polivin\u00edlica); Poli\u00e9ster 97%, spandex 7%; Brionny,\u00a0 poli\u00e9ster 100%  Color: Negro  (trabajamos todos los d\u00edas por migrar nuestros productos hechos en piel a productos hechos con materiales de NO origen animal)\u00a0 @fundacion_lapanaderiarusa  Recomendaciones de cuidado:   No planchar  Lavar en seco  Lavar en lavander\u00eda  &nbsp;  M\u00e9todos de pago:    &nbsp;","og_url":"https:\/\/industriasroboto.com\/es\/producto\/biker-clasica\/","og_site_name":"Industrias Roboto","article_publisher":"https:\/\/www.facebook.com\/Robotoindustries\/","article_modified_time":"2025-09-04T17:44:26+00:00","og_image":[{"width":1080,"height":1747,"url":"https:\/\/industriasroboto.com\/wp-content\/uploads\/2023\/11\/Biker-Clasica-6-1.jpg","type":"image\/jpeg"}],"twitter_card":"summary_large_image","twitter_misc":{"Tiempo de lectura":"1 minuto"},"schema":{"@context":"https:\/\/schema.org","@graph":[{"@type":"WebPage","@id":"https:\/\/industriasroboto.com\/es\/producto\/biker-clasica\/","url":"https:\/\/industriasroboto.com\/es\/producto\/biker-clasica\/","name":"Biker Cl\u00e1sica | Industrias Roboto","isPartOf":{"@id":"https:\/\/industriasroboto.com\/en\/#website"},"primaryImageOfPage":{"@id":"https:\/\/industriasroboto.com\/es\/producto\/biker-clasica\/#primaryimage"},"image":{"@id":"https:\/\/industriasroboto.com\/es\/producto\/biker-clasica\/#primaryimage"},"thumbnailUrl":"https:\/\/industriasroboto.com\/wp-content\/uploads\/2023\/11\/Biker-Clasica-6-1.jpg","datePublished":"2023-03-03T20:13:21+00:00","dateModified":"2025-09-04T17:44:26+00:00","breadcrumb":{"@id":"https:\/\/industriasroboto.com\/es\/producto\/biker-clasica\/#breadcrumb"},"inLanguage":"es","potentialAction":[{"@type":"ReadAction","target":["https:\/\/industriasroboto.com\/es\/producto\/biker-clasica\/"]}]},{"@type":"ImageObject","inLanguage":"es","@id":"https:\/\/industriasroboto.com\/es\/producto\/biker-clasica\/#primaryimage","url":"https:\/\/industriasroboto.com\/wp-content\/uploads\/2023\/11\/Biker-Clasica-6-1.jpg","contentUrl":"https:\/\/industriasroboto.com\/wp-content\/uploads\/2023\/11\/Biker-Clasica-6-1.jpg","width":1080,"height":1747},{"@type":"BreadcrumbList","@id":"https:\/\/industriasroboto.com\/es\/producto\/biker-clasica\/#breadcrumb","itemListElement":[{"@type":"ListItem","position":1,"name":"Portada","item":"https:\/\/industriasroboto.com\/es\/"},{"@type":"ListItem","position":2,"name":"Tienda Online | Industrias Roboto","item":"https:\/\/industriasroboto.com\/es\/tienda\/"},{"@type":"ListItem","position":3,"name":"Biker Cl\u00e1sica"}]},{"@type":"WebSite","@id":"https:\/\/industriasroboto.com\/en\/#website","url":"https:\/\/industriasroboto.com\/en\/","name":"Industrias Roboto","description":"Industrias Roboto. Bienvenido a la Era de la Moda Funcional. Dise\u00f1o y manufactura 100% colombiana","publisher":{"@id":"https:\/\/industriasroboto.com\/en\/#organization"},"alternateName":"Ind. Roboto","potentialAction":[{"@type":"SearchAction","target":{"@type":"EntryPoint","urlTemplate":"https:\/\/industriasroboto.com\/en\/?s={search_term_string}"},"query-input":{"@type":"PropertyValueSpecification","valueRequired":true,"valueName":"search_term_string"}}],"inLanguage":"es"},{"@type":"Organization","@id":"https:\/\/industriasroboto.com\/en\/#organization","name":"Industrias Roboto","url":"https:\/\/industriasroboto.com\/en\/","logo":{"@type":"ImageObject","inLanguage":"es","@id":"https:\/\/industriasroboto.com\/en\/#\/schema\/logo\/image\/","url":"https:\/\/industriasroboto.com\/wp-content\/uploads\/2026\/01\/cropped-cropped-cropped-Industrias-Roboto-Logo-Web.png","contentUrl":"https:\/\/industriasroboto.com\/wp-content\/uploads\/2026\/01\/cropped-cropped-cropped-Industrias-Roboto-Logo-Web.png","width":227,"height":80,"caption":"Industrias Roboto"},"image":{"@id":"https:\/\/industriasroboto.com\/en\/#\/schema\/logo\/image\/"},"sameAs":["https:\/\/www.facebook.com\/Robotoindustries\/","https:\/\/www.instagram.com\/ind.roboto\/","https:\/\/www.youtube.com\/@industriasroboto9224"]}]}},"_links":{"self":[{"href":"https:\/\/industriasroboto.com\/es\/wp-json\/wp\/v2\/product\/40364","targetHints":{"allow":["GET"]}}],"collection":[{"href":"https:\/\/industriasroboto.com\/es\/wp-json\/wp\/v2\/product"}],"about":[{"href":"https:\/\/industriasroboto.com\/es\/wp-json\/wp\/v2\/types\/product"}],"replies":[{"embeddable":true,"href":"https:\/\/industriasroboto.com\/es\/wp-json\/wp\/v2\/comments?post=40364"}],"wp:featuredmedia":[{"embeddable":true,"href":"https:\/\/industriasroboto.com\/es\/wp-json\/wp\/v2\/media\/51811"}],"wp:attachment":[{"href":"https:\/\/industriasroboto.com\/es\/wp-json\/wp\/v2\/media?parent=40364"}],"wp:term":[{"taxonomy":"product_brand","embeddable":true,"href":"https:\/\/industriasroboto.com\/es\/wp-json\/wp\/v2\/product_brand?post=40364"},{"taxonomy":"product_cat","embeddable":true,"href":"https:\/\/industriasroboto.com\/es\/wp-json\/wp\/v2\/product_cat?post=40364"},{"taxonomy":"product_tag","embeddable":true,"href":"https:\/\/industriasroboto.com\/es\/wp-json\/wp\/v2\/product_tag?post=40364"}],"curies":[{"name":"wp","href":"https:\/\/api.w.org\/{rel}","templated":true}]}}