{"id":39260,"date":"2022-10-12T03:05:48","date_gmt":"2022-10-12T08:05:48","guid":{"rendered":"https:\/\/www.industriasroboto.com\/?post_type=product&#038;p=39260"},"modified":"2025-01-12T07:46:11","modified_gmt":"2025-01-12T12:46:11","slug":"chamarra-liverpool-verde-hombre","status":"publish","type":"product","link":"https:\/\/industriasroboto.com\/es\/producto\/chamarra-liverpool-verde-hombre\/","title":{"rendered":"Chamarra Liverpool Verde Hombre"},"content":{"rendered":"<p><img loading=\"lazy\" decoding=\"async\" class=\"alignnone wp-image-36606 size-full\" src=\"https:\/\/industriasroboto.com\/wp-content\/uploads\/2022\/02\/LIVERPOOL-01.jpg\" alt=\"Tablas de medidas\" width=\"792\" height=\"612\" \/><\/p>\n","protected":false},"excerpt":{"rendered":"<p><strong>Prenda disponible para entrega inmediata en nuestro show room cdmx. Otras ciudades dentro del territorio mexicano recibe en solo 3 d\u00edas h\u00e1biles.<\/strong><\/p>\n<p><strong>Consulta disponibilidad exacta de tallas aqu\u00ed &#x1f447;&#x1f447;&#x1f447;<\/strong><\/p>\n<p>[vc_row][vc_column][vc_btn title=\u00bbConsultar disponibilidad\u00bb style=\u00bbflat\u00bb shape=\u00bbsquare\u00bb color=\u00bbblack\u00bb i_icon_fontawesome=\u00bbfa fa-whatsapp\u00bb add_icon=\u00bbtrue\u00bb link=\u00bburl:https%3A%2F%2Fweb.whatsapp.com%2Fsend%3Fphone%3D5215547934962%26text%3DHola.%2520Estoy%2520interesado%2520en&#8230;|title:Consultar%20disponibilidad|target:%20_blank|\u00bb][\/vc_column][\/vc_row]<\/p>\n<p>&nbsp;<\/p>\n<p><strong>Caracter\u00edsticas:<\/strong><\/p>\n<ul>\n<li>Material: Dril, 100% Algod\u00f3n; Algod\u00f3n M\u00f3naco. 40% algod\u00f3n, 60% poli\u00e9ster<\/li>\n<li>Capota removible<\/li>\n<\/ul>\n<p>&nbsp;<\/p>\n<p><strong>M\u00e9todos de pago:<\/strong><\/p>\n<p><strong><img loading=\"lazy\" decoding=\"async\" class=\"alignnone wp-image-28588 size-medium\" src=\"https:\/\/industriasroboto.com\/wp-content\/uploads\/2020\/11\/medios-de-pago-300x80.jpg\" alt=\"\" width=\"300\" height=\"80\" \/><\/strong><\/p>\n","protected":false},"featured_media":46639,"comment_status":"open","ping_status":"closed","template":"","meta":[],"product_brand":[],"product_cat":[131,128],"product_tag":[],"class_list":{"0":"post-39260","1":"product","2":"type-product","3":"status-publish","4":"has-post-thumbnail","6":"product_cat-abrigos-y-chamarras","7":"product_cat-hombre-es","9":"first","10":"outofstock","11":"taxable","12":"shipping-taxable","13":"purchasable","14":"product-type-variable","15":"has-default-attributes"},"yoast_head":"<!-- This site is optimized with the Yoast SEO plugin v27.2 - https:\/\/yoast.com\/product\/yoast-seo-wordpress\/ -->\n<title>Chamarra Liverpool Verde Hombre | Industrias Roboto<\/title>\n<meta name=\"robots\" content=\"index, follow, max-snippet:-1, max-image-preview:large, max-video-preview:-1\" \/>\n<link rel=\"canonical\" href=\"https:\/\/industriasroboto.com\/es\/producto\/chamarra-liverpool-verde-hombre\/\" \/>\n<meta property=\"og:locale\" content=\"es_ES\" \/>\n<meta property=\"og:type\" content=\"article\" \/>\n<meta property=\"og:title\" content=\"Chamarra Liverpool Verde Hombre | Industrias Roboto\" \/>\n<meta property=\"og:description\" content=\"Prenda disponible para entrega inmediata en nuestro show room cdmx. Otras ciudades dentro del territorio mexicano recibe en solo 3 d\u00edas h\u00e1biles.  Consulta disponibilidad exacta de tallas aqu\u00ed &#x1f447;&#x1f447;&#x1f447;  [vc_row][vc_column][vc_btn title=&quot;Consultar disponibilidad&quot; style=&quot;flat&quot; shape=&quot;square&quot; color=&quot;black&quot; i_icon_fontawesome=&quot;fa fa-whatsapp&quot; add_icon=&quot;true&quot; link=&quot;url:https%3A%2F%2Fweb.whatsapp.com%2Fsend%3Fphone%3D5215547934962%26text%3DHola.%2520Estoy%2520interesado%2520en...|title:Consultar%20disponibilidad|target:%20_blank|&quot;][\/vc_column][\/vc_row]  &nbsp;  Caracter\u00edsticas:   Material: Dril, 100% Algod\u00f3n; Algod\u00f3n M\u00f3naco. 40% algod\u00f3n, 60% poli\u00e9ster  Capota removible  &nbsp;  M\u00e9todos de pago:\" \/>\n<meta property=\"og:url\" content=\"https:\/\/industriasroboto.com\/es\/producto\/chamarra-liverpool-verde-hombre\/\" \/>\n<meta property=\"og:site_name\" content=\"Industrias Roboto\" \/>\n<meta property=\"article:publisher\" content=\"https:\/\/www.facebook.com\/Robotoindustries\/\" \/>\n<meta property=\"article:modified_time\" content=\"2025-01-12T12:46:11+00:00\" \/>\n<meta property=\"og:image\" content=\"https:\/\/industriasroboto.com\/wp-content\/uploads\/2022\/10\/Cazadora-Liverrpool-Verde-4-scaled-1.jpg\" \/>\n\t<meta property=\"og:image:width\" content=\"1920\" \/>\n\t<meta property=\"og:image:height\" content=\"2560\" \/>\n\t<meta property=\"og:image:type\" content=\"image\/jpeg\" \/>\n<meta name=\"twitter:card\" content=\"summary_large_image\" \/>\n<meta name=\"twitter:label1\" content=\"Tiempo de lectura\" \/>\n\t<meta name=\"twitter:data1\" content=\"1 minuto\" \/>\n<script type=\"application\/ld+json\" class=\"yoast-schema-graph\">{\"@context\":\"https:\/\/schema.org\",\"@graph\":[{\"@type\":\"WebPage\",\"@id\":\"https:\/\/industriasroboto.com\/es\/producto\/chamarra-liverpool-verde-hombre\/\",\"url\":\"https:\/\/industriasroboto.com\/es\/producto\/chamarra-liverpool-verde-hombre\/\",\"name\":\"Chamarra Liverpool Verde Hombre | Industrias Roboto\",\"isPartOf\":{\"@id\":\"https:\/\/industriasroboto.com\/en\/#website\"},\"primaryImageOfPage\":{\"@id\":\"https:\/\/industriasroboto.com\/es\/producto\/chamarra-liverpool-verde-hombre\/#primaryimage\"},\"image\":{\"@id\":\"https:\/\/industriasroboto.com\/es\/producto\/chamarra-liverpool-verde-hombre\/#primaryimage\"},\"thumbnailUrl\":\"https:\/\/industriasroboto.com\/wp-content\/uploads\/2022\/10\/Cazadora-Liverrpool-Verde-4-scaled-1.jpg\",\"datePublished\":\"2022-10-12T08:05:48+00:00\",\"dateModified\":\"2025-01-12T12:46:11+00:00\",\"breadcrumb\":{\"@id\":\"https:\/\/industriasroboto.com\/es\/producto\/chamarra-liverpool-verde-hombre\/#breadcrumb\"},\"inLanguage\":\"es\",\"potentialAction\":[{\"@type\":\"ReadAction\",\"target\":[\"https:\/\/industriasroboto.com\/es\/producto\/chamarra-liverpool-verde-hombre\/\"]}]},{\"@type\":\"ImageObject\",\"inLanguage\":\"es\",\"@id\":\"https:\/\/industriasroboto.com\/es\/producto\/chamarra-liverpool-verde-hombre\/#primaryimage\",\"url\":\"https:\/\/industriasroboto.com\/wp-content\/uploads\/2022\/10\/Cazadora-Liverrpool-Verde-4-scaled-1.jpg\",\"contentUrl\":\"https:\/\/industriasroboto.com\/wp-content\/uploads\/2022\/10\/Cazadora-Liverrpool-Verde-4-scaled-1.jpg\",\"width\":1920,\"height\":2560},{\"@type\":\"BreadcrumbList\",\"@id\":\"https:\/\/industriasroboto.com\/es\/producto\/chamarra-liverpool-verde-hombre\/#breadcrumb\",\"itemListElement\":[{\"@type\":\"ListItem\",\"position\":1,\"name\":\"Portada\",\"item\":\"https:\/\/industriasroboto.com\/es\/\"},{\"@type\":\"ListItem\",\"position\":2,\"name\":\"Tienda Online | Industrias Roboto\",\"item\":\"https:\/\/industriasroboto.com\/es\/tienda\/\"},{\"@type\":\"ListItem\",\"position\":3,\"name\":\"Chamarra Liverpool Verde Hombre\"}]},{\"@type\":\"WebSite\",\"@id\":\"https:\/\/industriasroboto.com\/en\/#website\",\"url\":\"https:\/\/industriasroboto.com\/en\/\",\"name\":\"Industrias Roboto\",\"description\":\"Industrias Roboto. Bienvenido a la Era de la Moda Funcional. Dise\u00f1o y manufactura 100% colombiana\",\"publisher\":{\"@id\":\"https:\/\/industriasroboto.com\/en\/#organization\"},\"alternateName\":\"Ind. Roboto\",\"potentialAction\":[{\"@type\":\"SearchAction\",\"target\":{\"@type\":\"EntryPoint\",\"urlTemplate\":\"https:\/\/industriasroboto.com\/en\/?s={search_term_string}\"},\"query-input\":{\"@type\":\"PropertyValueSpecification\",\"valueRequired\":true,\"valueName\":\"search_term_string\"}}],\"inLanguage\":\"es\"},{\"@type\":\"Organization\",\"@id\":\"https:\/\/industriasroboto.com\/en\/#organization\",\"name\":\"Industrias Roboto\",\"url\":\"https:\/\/industriasroboto.com\/en\/\",\"logo\":{\"@type\":\"ImageObject\",\"inLanguage\":\"es\",\"@id\":\"https:\/\/industriasroboto.com\/en\/#\/schema\/logo\/image\/\",\"url\":\"https:\/\/industriasroboto.com\/wp-content\/uploads\/2026\/01\/cropped-cropped-cropped-Industrias-Roboto-Logo-Web.png\",\"contentUrl\":\"https:\/\/industriasroboto.com\/wp-content\/uploads\/2026\/01\/cropped-cropped-cropped-Industrias-Roboto-Logo-Web.png\",\"width\":227,\"height\":80,\"caption\":\"Industrias Roboto\"},\"image\":{\"@id\":\"https:\/\/industriasroboto.com\/en\/#\/schema\/logo\/image\/\"},\"sameAs\":[\"https:\/\/www.facebook.com\/Robotoindustries\/\",\"https:\/\/www.instagram.com\/ind.roboto\/\",\"https:\/\/www.youtube.com\/@industriasroboto9224\"]}]}<\/script>\n<!-- \/ Yoast SEO plugin. -->","yoast_head_json":{"title":"Chamarra Liverpool Verde Hombre | Industrias Roboto","robots":{"index":"index","follow":"follow","max-snippet":"max-snippet:-1","max-image-preview":"max-image-preview:large","max-video-preview":"max-video-preview:-1"},"canonical":"https:\/\/industriasroboto.com\/es\/producto\/chamarra-liverpool-verde-hombre\/","og_locale":"es_ES","og_type":"article","og_title":"Chamarra Liverpool Verde Hombre | Industrias Roboto","og_description":"Prenda disponible para entrega inmediata en nuestro show room cdmx. Otras ciudades dentro del territorio mexicano recibe en solo 3 d\u00edas h\u00e1biles.  Consulta disponibilidad exacta de tallas aqu\u00ed &#x1f447;&#x1f447;&#x1f447;  [vc_row][vc_column][vc_btn title=\"Consultar disponibilidad\" style=\"flat\" shape=\"square\" color=\"black\" i_icon_fontawesome=\"fa fa-whatsapp\" add_icon=\"true\" link=\"url:https%3A%2F%2Fweb.whatsapp.com%2Fsend%3Fphone%3D5215547934962%26text%3DHola.%2520Estoy%2520interesado%2520en...|title:Consultar%20disponibilidad|target:%20_blank|\"][\/vc_column][\/vc_row]  &nbsp;  Caracter\u00edsticas:   Material: Dril, 100% Algod\u00f3n; Algod\u00f3n M\u00f3naco. 40% algod\u00f3n, 60% poli\u00e9ster  Capota removible  &nbsp;  M\u00e9todos de pago:","og_url":"https:\/\/industriasroboto.com\/es\/producto\/chamarra-liverpool-verde-hombre\/","og_site_name":"Industrias Roboto","article_publisher":"https:\/\/www.facebook.com\/Robotoindustries\/","article_modified_time":"2025-01-12T12:46:11+00:00","og_image":[{"width":1920,"height":2560,"url":"https:\/\/industriasroboto.com\/wp-content\/uploads\/2022\/10\/Cazadora-Liverrpool-Verde-4-scaled-1.jpg","type":"image\/jpeg"}],"twitter_card":"summary_large_image","twitter_misc":{"Tiempo de lectura":"1 minuto"},"schema":{"@context":"https:\/\/schema.org","@graph":[{"@type":"WebPage","@id":"https:\/\/industriasroboto.com\/es\/producto\/chamarra-liverpool-verde-hombre\/","url":"https:\/\/industriasroboto.com\/es\/producto\/chamarra-liverpool-verde-hombre\/","name":"Chamarra Liverpool Verde Hombre | Industrias Roboto","isPartOf":{"@id":"https:\/\/industriasroboto.com\/en\/#website"},"primaryImageOfPage":{"@id":"https:\/\/industriasroboto.com\/es\/producto\/chamarra-liverpool-verde-hombre\/#primaryimage"},"image":{"@id":"https:\/\/industriasroboto.com\/es\/producto\/chamarra-liverpool-verde-hombre\/#primaryimage"},"thumbnailUrl":"https:\/\/industriasroboto.com\/wp-content\/uploads\/2022\/10\/Cazadora-Liverrpool-Verde-4-scaled-1.jpg","datePublished":"2022-10-12T08:05:48+00:00","dateModified":"2025-01-12T12:46:11+00:00","breadcrumb":{"@id":"https:\/\/industriasroboto.com\/es\/producto\/chamarra-liverpool-verde-hombre\/#breadcrumb"},"inLanguage":"es","potentialAction":[{"@type":"ReadAction","target":["https:\/\/industriasroboto.com\/es\/producto\/chamarra-liverpool-verde-hombre\/"]}]},{"@type":"ImageObject","inLanguage":"es","@id":"https:\/\/industriasroboto.com\/es\/producto\/chamarra-liverpool-verde-hombre\/#primaryimage","url":"https:\/\/industriasroboto.com\/wp-content\/uploads\/2022\/10\/Cazadora-Liverrpool-Verde-4-scaled-1.jpg","contentUrl":"https:\/\/industriasroboto.com\/wp-content\/uploads\/2022\/10\/Cazadora-Liverrpool-Verde-4-scaled-1.jpg","width":1920,"height":2560},{"@type":"BreadcrumbList","@id":"https:\/\/industriasroboto.com\/es\/producto\/chamarra-liverpool-verde-hombre\/#breadcrumb","itemListElement":[{"@type":"ListItem","position":1,"name":"Portada","item":"https:\/\/industriasroboto.com\/es\/"},{"@type":"ListItem","position":2,"name":"Tienda Online | Industrias Roboto","item":"https:\/\/industriasroboto.com\/es\/tienda\/"},{"@type":"ListItem","position":3,"name":"Chamarra Liverpool Verde Hombre"}]},{"@type":"WebSite","@id":"https:\/\/industriasroboto.com\/en\/#website","url":"https:\/\/industriasroboto.com\/en\/","name":"Industrias Roboto","description":"Industrias Roboto. Bienvenido a la Era de la Moda Funcional. Dise\u00f1o y manufactura 100% colombiana","publisher":{"@id":"https:\/\/industriasroboto.com\/en\/#organization"},"alternateName":"Ind. Roboto","potentialAction":[{"@type":"SearchAction","target":{"@type":"EntryPoint","urlTemplate":"https:\/\/industriasroboto.com\/en\/?s={search_term_string}"},"query-input":{"@type":"PropertyValueSpecification","valueRequired":true,"valueName":"search_term_string"}}],"inLanguage":"es"},{"@type":"Organization","@id":"https:\/\/industriasroboto.com\/en\/#organization","name":"Industrias Roboto","url":"https:\/\/industriasroboto.com\/en\/","logo":{"@type":"ImageObject","inLanguage":"es","@id":"https:\/\/industriasroboto.com\/en\/#\/schema\/logo\/image\/","url":"https:\/\/industriasroboto.com\/wp-content\/uploads\/2026\/01\/cropped-cropped-cropped-Industrias-Roboto-Logo-Web.png","contentUrl":"https:\/\/industriasroboto.com\/wp-content\/uploads\/2026\/01\/cropped-cropped-cropped-Industrias-Roboto-Logo-Web.png","width":227,"height":80,"caption":"Industrias Roboto"},"image":{"@id":"https:\/\/industriasroboto.com\/en\/#\/schema\/logo\/image\/"},"sameAs":["https:\/\/www.facebook.com\/Robotoindustries\/","https:\/\/www.instagram.com\/ind.roboto\/","https:\/\/www.youtube.com\/@industriasroboto9224"]}]}},"_links":{"self":[{"href":"https:\/\/industriasroboto.com\/es\/wp-json\/wp\/v2\/product\/39260","targetHints":{"allow":["GET"]}}],"collection":[{"href":"https:\/\/industriasroboto.com\/es\/wp-json\/wp\/v2\/product"}],"about":[{"href":"https:\/\/industriasroboto.com\/es\/wp-json\/wp\/v2\/types\/product"}],"replies":[{"embeddable":true,"href":"https:\/\/industriasroboto.com\/es\/wp-json\/wp\/v2\/comments?post=39260"}],"wp:featuredmedia":[{"embeddable":true,"href":"https:\/\/industriasroboto.com\/es\/wp-json\/wp\/v2\/media\/46639"}],"wp:attachment":[{"href":"https:\/\/industriasroboto.com\/es\/wp-json\/wp\/v2\/media?parent=39260"}],"wp:term":[{"taxonomy":"product_brand","embeddable":true,"href":"https:\/\/industriasroboto.com\/es\/wp-json\/wp\/v2\/product_brand?post=39260"},{"taxonomy":"product_cat","embeddable":true,"href":"https:\/\/industriasroboto.com\/es\/wp-json\/wp\/v2\/product_cat?post=39260"},{"taxonomy":"product_tag","embeddable":true,"href":"https:\/\/industriasroboto.com\/es\/wp-json\/wp\/v2\/product_tag?post=39260"}],"curies":[{"name":"wp","href":"https:\/\/api.w.org\/{rel}","templated":true}]}}