{"id":36918,"date":"2022-03-05T11:40:39","date_gmt":"2022-03-05T16:40:39","guid":{"rendered":"https:\/\/www.industriasroboto.com\/?post_type=product&#038;p=36918"},"modified":"2024-12-22T15:32:54","modified_gmt":"2024-12-22T20:32:54","slug":"mouth-caps-cell-mujer-cubreboca-de-uso-preventivo","status":"publish","type":"product","link":"https:\/\/industriasroboto.com\/es\/producto\/mouth-caps-cell-mujer-cubreboca-de-uso-preventivo\/","title":{"rendered":"Mouth Caps Cell Mujer. Cubreboca de uso preventivo"},"content":{"rendered":"","protected":false},"excerpt":{"rendered":"<p><strong>Tapabocas Preventivo<\/strong><\/p>\n<p><strong>Caracter\u00edsticas:<\/strong><\/p>\n<ul>\n<li>Medidas: 22 cm de ancho; 15 cm de largo<\/li>\n<li>Para uso preventivo, reduce la inhalaci\u00f3n de polvos, microorganismos y cualquier otra part\u00edcula existente en el medio ambiente.<\/li>\n<li>Evite la exposici\u00f3n a la saliva, la sangre u otros fluidos corporales.<\/li>\n<li>Malla espaciadora de aire de poli\u00e9ster 3D.<\/li>\n<li>Forro industrial fabricado en tela quir\u00fargica de calibre 90.<\/li>\n<li>Revestimiento est\u00e9tico parcial en piel sint\u00e9tica.<\/li>\n<li>Hilo caucho de 4mm<\/li>\n<li>Ajuste para nariz en cuero sint\u00e9tico y refuerzo en tache de acero<\/li>\n<li>Color: Negro<\/li>\n<li>Dise\u00f1o Propio<\/li>\n<\/ul>\n<p>&nbsp;<\/p>\n<p><strong>M\u00e9todos de Pago:<\/strong><\/p>\n<p><img loading=\"lazy\" decoding=\"async\" class=\"alignnone size-medium wp-image-28589\" src=\"https:\/\/industriasroboto.com\/wp-content\/uploads\/2020\/11\/medios-de-pago-300x80.jpg\" alt=\"\" width=\"300\" height=\"80\" \/><\/p>\n","protected":false},"featured_media":24854,"comment_status":"open","ping_status":"closed","template":"","meta":[],"product_brand":[],"product_cat":[141,145,149],"product_tag":[],"class_list":{"0":"post-36918","1":"product","2":"type-product","3":"status-publish","4":"has-post-thumbnail","6":"product_cat-mouth-caps-es","7":"product_cat-novedades","8":"product_cat-roboto-complements-es","10":"first","11":"outofstock","12":"taxable","13":"shipping-taxable","14":"purchasable","15":"product-type-simple"},"yoast_head":"<!-- This site is optimized with the Yoast SEO plugin v27.2 - https:\/\/yoast.com\/product\/yoast-seo-wordpress\/ -->\n<title>Mouth Caps Cell Mujer. Cubreboca de uso preventivo | Industrias Roboto<\/title>\n<meta name=\"robots\" content=\"index, follow, max-snippet:-1, max-image-preview:large, max-video-preview:-1\" \/>\n<link rel=\"canonical\" href=\"https:\/\/industriasroboto.com\/es\/producto\/mouth-caps-cell-mujer-cubreboca-de-uso-preventivo\/\" \/>\n<meta property=\"og:locale\" content=\"es_ES\" \/>\n<meta property=\"og:type\" content=\"article\" \/>\n<meta property=\"og:title\" content=\"Mouth Caps Cell Mujer. Cubreboca de uso preventivo | Industrias Roboto\" \/>\n<meta property=\"og:description\" content=\"Tapabocas Preventivo  Caracter\u00edsticas:   Medidas: 22 cm de ancho; 15 cm de largo  Para uso preventivo, reduce la inhalaci\u00f3n de polvos, microorganismos y cualquier otra part\u00edcula existente en el medio ambiente.  Evite la exposici\u00f3n a la saliva, la sangre u otros fluidos corporales.  Malla espaciadora de aire de poli\u00e9ster 3D.  Forro industrial fabricado en tela quir\u00fargica de calibre 90.  Revestimiento est\u00e9tico parcial en piel sint\u00e9tica.  Hilo caucho de 4mm  Ajuste para nariz en cuero sint\u00e9tico y refuerzo en tache de acero  Color: Negro  Dise\u00f1o Propio  &nbsp;  M\u00e9todos de Pago:\" \/>\n<meta property=\"og:url\" content=\"https:\/\/industriasroboto.com\/es\/producto\/mouth-caps-cell-mujer-cubreboca-de-uso-preventivo\/\" \/>\n<meta property=\"og:site_name\" content=\"Industrias Roboto\" \/>\n<meta property=\"article:publisher\" content=\"https:\/\/www.facebook.com\/Robotoindustries\/\" \/>\n<meta property=\"article:modified_time\" content=\"2024-12-22T20:32:54+00:00\" \/>\n<meta property=\"og:image\" content=\"https:\/\/industriasroboto.com\/wp-content\/uploads\/2020\/09\/DSC_0576-2.jpg\" \/>\n\t<meta property=\"og:image:width\" content=\"800\" \/>\n\t<meta property=\"og:image:height\" content=\"1200\" \/>\n\t<meta property=\"og:image:type\" content=\"image\/jpeg\" \/>\n<meta name=\"twitter:card\" content=\"summary_large_image\" \/>\n<script type=\"application\/ld+json\" class=\"yoast-schema-graph\">{\"@context\":\"https:\/\/schema.org\",\"@graph\":[{\"@type\":\"WebPage\",\"@id\":\"https:\/\/industriasroboto.com\/es\/producto\/mouth-caps-cell-mujer-cubreboca-de-uso-preventivo\/\",\"url\":\"https:\/\/industriasroboto.com\/es\/producto\/mouth-caps-cell-mujer-cubreboca-de-uso-preventivo\/\",\"name\":\"Mouth Caps Cell Mujer. Cubreboca de uso preventivo | Industrias Roboto\",\"isPartOf\":{\"@id\":\"https:\/\/industriasroboto.com\/en\/#website\"},\"primaryImageOfPage\":{\"@id\":\"https:\/\/industriasroboto.com\/es\/producto\/mouth-caps-cell-mujer-cubreboca-de-uso-preventivo\/#primaryimage\"},\"image\":{\"@id\":\"https:\/\/industriasroboto.com\/es\/producto\/mouth-caps-cell-mujer-cubreboca-de-uso-preventivo\/#primaryimage\"},\"thumbnailUrl\":\"https:\/\/industriasroboto.com\/wp-content\/uploads\/2020\/09\/DSC_0576-2.jpg\",\"datePublished\":\"2022-03-05T16:40:39+00:00\",\"dateModified\":\"2024-12-22T20:32:54+00:00\",\"breadcrumb\":{\"@id\":\"https:\/\/industriasroboto.com\/es\/producto\/mouth-caps-cell-mujer-cubreboca-de-uso-preventivo\/#breadcrumb\"},\"inLanguage\":\"es\",\"potentialAction\":[{\"@type\":\"ReadAction\",\"target\":[\"https:\/\/industriasroboto.com\/es\/producto\/mouth-caps-cell-mujer-cubreboca-de-uso-preventivo\/\"]}]},{\"@type\":\"ImageObject\",\"inLanguage\":\"es\",\"@id\":\"https:\/\/industriasroboto.com\/es\/producto\/mouth-caps-cell-mujer-cubreboca-de-uso-preventivo\/#primaryimage\",\"url\":\"https:\/\/industriasroboto.com\/wp-content\/uploads\/2020\/09\/DSC_0576-2.jpg\",\"contentUrl\":\"https:\/\/industriasroboto.com\/wp-content\/uploads\/2020\/09\/DSC_0576-2.jpg\",\"width\":800,\"height\":1200,\"caption\":\"Mouth Cap Cell Negro Mujer\"},{\"@type\":\"BreadcrumbList\",\"@id\":\"https:\/\/industriasroboto.com\/es\/producto\/mouth-caps-cell-mujer-cubreboca-de-uso-preventivo\/#breadcrumb\",\"itemListElement\":[{\"@type\":\"ListItem\",\"position\":1,\"name\":\"Portada\",\"item\":\"https:\/\/industriasroboto.com\/es\/\"},{\"@type\":\"ListItem\",\"position\":2,\"name\":\"Tienda Online | Industrias Roboto\",\"item\":\"https:\/\/industriasroboto.com\/es\/tienda\/\"},{\"@type\":\"ListItem\",\"position\":3,\"name\":\"Mouth Caps Cell Mujer. Cubreboca de uso preventivo\"}]},{\"@type\":\"WebSite\",\"@id\":\"https:\/\/industriasroboto.com\/en\/#website\",\"url\":\"https:\/\/industriasroboto.com\/en\/\",\"name\":\"Industrias Roboto\",\"description\":\"Industrias Roboto. Bienvenido a la Era de la Moda Funcional. Dise\u00f1o y manufactura 100% colombiana\",\"publisher\":{\"@id\":\"https:\/\/industriasroboto.com\/en\/#organization\"},\"alternateName\":\"Ind. Roboto\",\"potentialAction\":[{\"@type\":\"SearchAction\",\"target\":{\"@type\":\"EntryPoint\",\"urlTemplate\":\"https:\/\/industriasroboto.com\/en\/?s={search_term_string}\"},\"query-input\":{\"@type\":\"PropertyValueSpecification\",\"valueRequired\":true,\"valueName\":\"search_term_string\"}}],\"inLanguage\":\"es\"},{\"@type\":\"Organization\",\"@id\":\"https:\/\/industriasroboto.com\/en\/#organization\",\"name\":\"Industrias Roboto\",\"url\":\"https:\/\/industriasroboto.com\/en\/\",\"logo\":{\"@type\":\"ImageObject\",\"inLanguage\":\"es\",\"@id\":\"https:\/\/industriasroboto.com\/en\/#\/schema\/logo\/image\/\",\"url\":\"https:\/\/industriasroboto.com\/wp-content\/uploads\/2026\/01\/cropped-cropped-cropped-Industrias-Roboto-Logo-Web.png\",\"contentUrl\":\"https:\/\/industriasroboto.com\/wp-content\/uploads\/2026\/01\/cropped-cropped-cropped-Industrias-Roboto-Logo-Web.png\",\"width\":227,\"height\":80,\"caption\":\"Industrias Roboto\"},\"image\":{\"@id\":\"https:\/\/industriasroboto.com\/en\/#\/schema\/logo\/image\/\"},\"sameAs\":[\"https:\/\/www.facebook.com\/Robotoindustries\/\",\"https:\/\/www.instagram.com\/ind.roboto\/\",\"https:\/\/www.youtube.com\/@industriasroboto9224\"]}]}<\/script>\n<!-- \/ Yoast SEO plugin. -->","yoast_head_json":{"title":"Mouth Caps Cell Mujer. Cubreboca de uso preventivo | Industrias Roboto","robots":{"index":"index","follow":"follow","max-snippet":"max-snippet:-1","max-image-preview":"max-image-preview:large","max-video-preview":"max-video-preview:-1"},"canonical":"https:\/\/industriasroboto.com\/es\/producto\/mouth-caps-cell-mujer-cubreboca-de-uso-preventivo\/","og_locale":"es_ES","og_type":"article","og_title":"Mouth Caps Cell Mujer. Cubreboca de uso preventivo | Industrias Roboto","og_description":"Tapabocas Preventivo  Caracter\u00edsticas:   Medidas: 22 cm de ancho; 15 cm de largo  Para uso preventivo, reduce la inhalaci\u00f3n de polvos, microorganismos y cualquier otra part\u00edcula existente en el medio ambiente.  Evite la exposici\u00f3n a la saliva, la sangre u otros fluidos corporales.  Malla espaciadora de aire de poli\u00e9ster 3D.  Forro industrial fabricado en tela quir\u00fargica de calibre 90.  Revestimiento est\u00e9tico parcial en piel sint\u00e9tica.  Hilo caucho de 4mm  Ajuste para nariz en cuero sint\u00e9tico y refuerzo en tache de acero  Color: Negro  Dise\u00f1o Propio  &nbsp;  M\u00e9todos de Pago:","og_url":"https:\/\/industriasroboto.com\/es\/producto\/mouth-caps-cell-mujer-cubreboca-de-uso-preventivo\/","og_site_name":"Industrias Roboto","article_publisher":"https:\/\/www.facebook.com\/Robotoindustries\/","article_modified_time":"2024-12-22T20:32:54+00:00","og_image":[{"width":800,"height":1200,"url":"https:\/\/industriasroboto.com\/wp-content\/uploads\/2020\/09\/DSC_0576-2.jpg","type":"image\/jpeg"}],"twitter_card":"summary_large_image","schema":{"@context":"https:\/\/schema.org","@graph":[{"@type":"WebPage","@id":"https:\/\/industriasroboto.com\/es\/producto\/mouth-caps-cell-mujer-cubreboca-de-uso-preventivo\/","url":"https:\/\/industriasroboto.com\/es\/producto\/mouth-caps-cell-mujer-cubreboca-de-uso-preventivo\/","name":"Mouth Caps Cell Mujer. Cubreboca de uso preventivo | Industrias Roboto","isPartOf":{"@id":"https:\/\/industriasroboto.com\/en\/#website"},"primaryImageOfPage":{"@id":"https:\/\/industriasroboto.com\/es\/producto\/mouth-caps-cell-mujer-cubreboca-de-uso-preventivo\/#primaryimage"},"image":{"@id":"https:\/\/industriasroboto.com\/es\/producto\/mouth-caps-cell-mujer-cubreboca-de-uso-preventivo\/#primaryimage"},"thumbnailUrl":"https:\/\/industriasroboto.com\/wp-content\/uploads\/2020\/09\/DSC_0576-2.jpg","datePublished":"2022-03-05T16:40:39+00:00","dateModified":"2024-12-22T20:32:54+00:00","breadcrumb":{"@id":"https:\/\/industriasroboto.com\/es\/producto\/mouth-caps-cell-mujer-cubreboca-de-uso-preventivo\/#breadcrumb"},"inLanguage":"es","potentialAction":[{"@type":"ReadAction","target":["https:\/\/industriasroboto.com\/es\/producto\/mouth-caps-cell-mujer-cubreboca-de-uso-preventivo\/"]}]},{"@type":"ImageObject","inLanguage":"es","@id":"https:\/\/industriasroboto.com\/es\/producto\/mouth-caps-cell-mujer-cubreboca-de-uso-preventivo\/#primaryimage","url":"https:\/\/industriasroboto.com\/wp-content\/uploads\/2020\/09\/DSC_0576-2.jpg","contentUrl":"https:\/\/industriasroboto.com\/wp-content\/uploads\/2020\/09\/DSC_0576-2.jpg","width":800,"height":1200,"caption":"Mouth Cap Cell Negro Mujer"},{"@type":"BreadcrumbList","@id":"https:\/\/industriasroboto.com\/es\/producto\/mouth-caps-cell-mujer-cubreboca-de-uso-preventivo\/#breadcrumb","itemListElement":[{"@type":"ListItem","position":1,"name":"Portada","item":"https:\/\/industriasroboto.com\/es\/"},{"@type":"ListItem","position":2,"name":"Tienda Online | Industrias Roboto","item":"https:\/\/industriasroboto.com\/es\/tienda\/"},{"@type":"ListItem","position":3,"name":"Mouth Caps Cell Mujer. Cubreboca de uso preventivo"}]},{"@type":"WebSite","@id":"https:\/\/industriasroboto.com\/en\/#website","url":"https:\/\/industriasroboto.com\/en\/","name":"Industrias Roboto","description":"Industrias Roboto. Bienvenido a la Era de la Moda Funcional. Dise\u00f1o y manufactura 100% colombiana","publisher":{"@id":"https:\/\/industriasroboto.com\/en\/#organization"},"alternateName":"Ind. Roboto","potentialAction":[{"@type":"SearchAction","target":{"@type":"EntryPoint","urlTemplate":"https:\/\/industriasroboto.com\/en\/?s={search_term_string}"},"query-input":{"@type":"PropertyValueSpecification","valueRequired":true,"valueName":"search_term_string"}}],"inLanguage":"es"},{"@type":"Organization","@id":"https:\/\/industriasroboto.com\/en\/#organization","name":"Industrias Roboto","url":"https:\/\/industriasroboto.com\/en\/","logo":{"@type":"ImageObject","inLanguage":"es","@id":"https:\/\/industriasroboto.com\/en\/#\/schema\/logo\/image\/","url":"https:\/\/industriasroboto.com\/wp-content\/uploads\/2026\/01\/cropped-cropped-cropped-Industrias-Roboto-Logo-Web.png","contentUrl":"https:\/\/industriasroboto.com\/wp-content\/uploads\/2026\/01\/cropped-cropped-cropped-Industrias-Roboto-Logo-Web.png","width":227,"height":80,"caption":"Industrias Roboto"},"image":{"@id":"https:\/\/industriasroboto.com\/en\/#\/schema\/logo\/image\/"},"sameAs":["https:\/\/www.facebook.com\/Robotoindustries\/","https:\/\/www.instagram.com\/ind.roboto\/","https:\/\/www.youtube.com\/@industriasroboto9224"]}]}},"_links":{"self":[{"href":"https:\/\/industriasroboto.com\/es\/wp-json\/wp\/v2\/product\/36918","targetHints":{"allow":["GET"]}}],"collection":[{"href":"https:\/\/industriasroboto.com\/es\/wp-json\/wp\/v2\/product"}],"about":[{"href":"https:\/\/industriasroboto.com\/es\/wp-json\/wp\/v2\/types\/product"}],"replies":[{"embeddable":true,"href":"https:\/\/industriasroboto.com\/es\/wp-json\/wp\/v2\/comments?post=36918"}],"wp:featuredmedia":[{"embeddable":true,"href":"https:\/\/industriasroboto.com\/es\/wp-json\/wp\/v2\/media\/24854"}],"wp:attachment":[{"href":"https:\/\/industriasroboto.com\/es\/wp-json\/wp\/v2\/media?parent=36918"}],"wp:term":[{"taxonomy":"product_brand","embeddable":true,"href":"https:\/\/industriasroboto.com\/es\/wp-json\/wp\/v2\/product_brand?post=36918"},{"taxonomy":"product_cat","embeddable":true,"href":"https:\/\/industriasroboto.com\/es\/wp-json\/wp\/v2\/product_cat?post=36918"},{"taxonomy":"product_tag","embeddable":true,"href":"https:\/\/industriasroboto.com\/es\/wp-json\/wp\/v2\/product_tag?post=36918"}],"curies":[{"name":"wp","href":"https:\/\/api.w.org\/{rel}","templated":true}]}}