{"id":26668,"date":"2019-05-06T19:13:35","date_gmt":"2019-05-07T00:13:35","guid":{"rendered":"https:\/\/www.industriasroboto.com\/product\/maleta-cuero-doble-refuerzo\/"},"modified":"2025-11-13T23:10:20","modified_gmt":"2025-11-14T04:10:20","slug":"maleta-cuero-doble-refuerzo","status":"publish","type":"product","link":"https:\/\/industriasroboto.com\/es\/producto\/maleta-cuero-doble-refuerzo\/","title":{"rendered":"Bag IC-51"},"content":{"rendered":"","protected":false},"excerpt":{"rendered":"<p><strong>Colores: <\/strong><\/p>\n<ul>\n<li>Negro<\/li>\n<\/ul>\n<p><strong>Descripci\u00f3n:<\/strong><\/p>\n<p>Desde un futuro post-apocal\u00edptico llega este morral. Fabricada en cuero tex de alta durabilidad, la maleta IC-51 cuenta con una gran capacidad interna que se complementa con los 2 arn\u00e9s ubicados en la parte exterior que sirven como soporte y\/o ajuste de los objetos guardados en ella.<\/p>\n<p>Estilo, durabilidad y confianza que cuidan tu espalda.<\/p>\n<p>&nbsp;<\/p>\n<p><strong>Caracter\u00edsticas:<\/strong><\/p>\n<div class=\"woocommerce-product-details__short-description\">\n<ul>\n<li>Bolsillos externos: 3 Bolsillos en la tapa; 1 despu\u00e9s de la tapa<\/li>\n<li>Refuerzo en espalda<\/li>\n<li>3 Bolsillos internos (Bolsillo para port\u00e1til 17&#8243;)<\/li>\n<li>Medidas (cm): Alto= 43; Ancho= 27; Fondo= 10<\/li>\n<li>Capacidad: 11 Litros<\/li>\n<li><span style=\"font-weight: 400;\">Material sint\u00e9tico de alta calidad y ultra resistente<\/span><\/li>\n<li>100% impermeable<\/li>\n<\/ul>\n<p><span style=\"font-weight: 400;\">(trabajamos todos los d\u00edas por migrar nuestros productos hechos en piel a productos hechos con materiales de NO origen animal)\u00a0 @fundacion_lapanaderiarusa<\/span><\/p>\n<p><strong>M\u00e9todos de pago:<\/strong><\/p>\n<p><img loading=\"lazy\" decoding=\"async\" class=\"alignnone size-medium wp-image-28589\" src=\"https:\/\/industriasroboto.com\/wp-content\/uploads\/2020\/11\/medios-de-pago-300x80.jpg\" alt=\"\" width=\"300\" height=\"80\" \/><\/p>\n<\/div>\n","protected":false},"featured_media":26669,"comment_status":"open","ping_status":"closed","template":"","meta":[],"product_brand":[],"product_cat":[128,115],"product_tag":[],"class_list":{"0":"post-26668","1":"product","2":"type-product","3":"status-publish","4":"has-post-thumbnail","6":"product_cat-hombre-es","7":"product_cat-maletas-roboto-hombre-es","9":"first","10":"outofstock","11":"taxable","12":"shipping-taxable","13":"purchasable","14":"product-type-simple"},"yoast_head":"<!-- This site is optimized with the Yoast SEO plugin v27.2 - https:\/\/yoast.com\/product\/yoast-seo-wordpress\/ -->\n<title>Bag IC-51 | Industrias Roboto<\/title>\n<meta name=\"robots\" content=\"index, follow, max-snippet:-1, max-image-preview:large, max-video-preview:-1\" \/>\n<link rel=\"canonical\" href=\"https:\/\/industriasroboto.com\/es\/producto\/maleta-cuero-doble-refuerzo\/\" \/>\n<meta property=\"og:locale\" content=\"es_ES\" \/>\n<meta property=\"og:type\" content=\"article\" \/>\n<meta property=\"og:title\" content=\"Bag IC-51 | Industrias Roboto\" \/>\n<meta property=\"og:description\" content=\"Colores:    Negro  Descripci\u00f3n:  Desde un futuro post-apocal\u00edptico llega este morral. Fabricada en cuero tex de alta durabilidad, la maleta IC-51 cuenta con una gran capacidad interna que se complementa con los 2 arn\u00e9s ubicados en la parte exterior que sirven como soporte y\/o ajuste de los objetos guardados en ella.  Estilo, durabilidad y confianza que cuidan tu espalda.  &nbsp;  Caracter\u00edsticas:    Bolsillos externos: 3 Bolsillos en la tapa; 1 despu\u00e9s de la tapa  Refuerzo en espalda  3 Bolsillos internos (Bolsillo para port\u00e1til 17&quot;)  Medidas (cm): Alto= 43; Ancho= 27; Fondo= 10  Capacidad: 11 Litros  Material sint\u00e9tico de alta calidad y ultra resistente  100% impermeable  (trabajamos todos los d\u00edas por migrar nuestros productos hechos en piel a productos hechos con materiales de NO origen animal)\u00a0 @fundacion_lapanaderiarusa  M\u00e9todos de pago:\" \/>\n<meta property=\"og:url\" content=\"https:\/\/industriasroboto.com\/es\/producto\/maleta-cuero-doble-refuerzo\/\" \/>\n<meta property=\"og:site_name\" content=\"Industrias Roboto\" \/>\n<meta property=\"article:publisher\" content=\"https:\/\/www.facebook.com\/Robotoindustries\/\" \/>\n<meta property=\"article:modified_time\" content=\"2025-11-14T04:10:20+00:00\" \/>\n<meta property=\"og:image\" content=\"https:\/\/industriasroboto.com\/wp-content\/uploads\/2020\/04\/DSC_0808-1.jpg\" \/>\n\t<meta property=\"og:image:width\" content=\"851\" \/>\n\t<meta property=\"og:image:height\" content=\"1200\" \/>\n\t<meta property=\"og:image:type\" content=\"image\/jpeg\" \/>\n<meta name=\"twitter:card\" content=\"summary_large_image\" \/>\n<meta name=\"twitter:label1\" content=\"Tiempo de lectura\" \/>\n\t<meta name=\"twitter:data1\" content=\"1 minuto\" \/>\n<script type=\"application\/ld+json\" class=\"yoast-schema-graph\">{\"@context\":\"https:\/\/schema.org\",\"@graph\":[{\"@type\":\"WebPage\",\"@id\":\"https:\/\/industriasroboto.com\/es\/producto\/maleta-cuero-doble-refuerzo\/\",\"url\":\"https:\/\/industriasroboto.com\/es\/producto\/maleta-cuero-doble-refuerzo\/\",\"name\":\"Bag IC-51 | Industrias Roboto\",\"isPartOf\":{\"@id\":\"https:\/\/industriasroboto.com\/en\/#website\"},\"primaryImageOfPage\":{\"@id\":\"https:\/\/industriasroboto.com\/es\/producto\/maleta-cuero-doble-refuerzo\/#primaryimage\"},\"image\":{\"@id\":\"https:\/\/industriasroboto.com\/es\/producto\/maleta-cuero-doble-refuerzo\/#primaryimage\"},\"thumbnailUrl\":\"https:\/\/industriasroboto.com\/wp-content\/uploads\/2020\/04\/DSC_0808-1.jpg\",\"datePublished\":\"2019-05-07T00:13:35+00:00\",\"dateModified\":\"2025-11-14T04:10:20+00:00\",\"breadcrumb\":{\"@id\":\"https:\/\/industriasroboto.com\/es\/producto\/maleta-cuero-doble-refuerzo\/#breadcrumb\"},\"inLanguage\":\"es\",\"potentialAction\":[{\"@type\":\"ReadAction\",\"target\":[\"https:\/\/industriasroboto.com\/es\/producto\/maleta-cuero-doble-refuerzo\/\"]}]},{\"@type\":\"ImageObject\",\"inLanguage\":\"es\",\"@id\":\"https:\/\/industriasroboto.com\/es\/producto\/maleta-cuero-doble-refuerzo\/#primaryimage\",\"url\":\"https:\/\/industriasroboto.com\/wp-content\/uploads\/2020\/04\/DSC_0808-1.jpg\",\"contentUrl\":\"https:\/\/industriasroboto.com\/wp-content\/uploads\/2020\/04\/DSC_0808-1.jpg\",\"width\":851,\"height\":1200,\"caption\":\"Bag IC-51\"},{\"@type\":\"BreadcrumbList\",\"@id\":\"https:\/\/industriasroboto.com\/es\/producto\/maleta-cuero-doble-refuerzo\/#breadcrumb\",\"itemListElement\":[{\"@type\":\"ListItem\",\"position\":1,\"name\":\"Portada\",\"item\":\"https:\/\/industriasroboto.com\/es\/\"},{\"@type\":\"ListItem\",\"position\":2,\"name\":\"Tienda Online | Industrias Roboto\",\"item\":\"https:\/\/industriasroboto.com\/es\/tienda\/\"},{\"@type\":\"ListItem\",\"position\":3,\"name\":\"Bag IC-51\"}]},{\"@type\":\"WebSite\",\"@id\":\"https:\/\/industriasroboto.com\/en\/#website\",\"url\":\"https:\/\/industriasroboto.com\/en\/\",\"name\":\"Industrias Roboto\",\"description\":\"Industrias Roboto. Bienvenido a la Era de la Moda Funcional. Dise\u00f1o y manufactura 100% colombiana\",\"publisher\":{\"@id\":\"https:\/\/industriasroboto.com\/en\/#organization\"},\"alternateName\":\"Ind. Roboto\",\"potentialAction\":[{\"@type\":\"SearchAction\",\"target\":{\"@type\":\"EntryPoint\",\"urlTemplate\":\"https:\/\/industriasroboto.com\/en\/?s={search_term_string}\"},\"query-input\":{\"@type\":\"PropertyValueSpecification\",\"valueRequired\":true,\"valueName\":\"search_term_string\"}}],\"inLanguage\":\"es\"},{\"@type\":\"Organization\",\"@id\":\"https:\/\/industriasroboto.com\/en\/#organization\",\"name\":\"Industrias Roboto\",\"url\":\"https:\/\/industriasroboto.com\/en\/\",\"logo\":{\"@type\":\"ImageObject\",\"inLanguage\":\"es\",\"@id\":\"https:\/\/industriasroboto.com\/en\/#\/schema\/logo\/image\/\",\"url\":\"https:\/\/industriasroboto.com\/wp-content\/uploads\/2026\/01\/cropped-cropped-cropped-Industrias-Roboto-Logo-Web.png\",\"contentUrl\":\"https:\/\/industriasroboto.com\/wp-content\/uploads\/2026\/01\/cropped-cropped-cropped-Industrias-Roboto-Logo-Web.png\",\"width\":227,\"height\":80,\"caption\":\"Industrias Roboto\"},\"image\":{\"@id\":\"https:\/\/industriasroboto.com\/en\/#\/schema\/logo\/image\/\"},\"sameAs\":[\"https:\/\/www.facebook.com\/Robotoindustries\/\",\"https:\/\/www.instagram.com\/ind.roboto\/\",\"https:\/\/www.youtube.com\/@industriasroboto9224\"]}]}<\/script>\n<!-- \/ Yoast SEO plugin. -->","yoast_head_json":{"title":"Bag IC-51 | Industrias Roboto","robots":{"index":"index","follow":"follow","max-snippet":"max-snippet:-1","max-image-preview":"max-image-preview:large","max-video-preview":"max-video-preview:-1"},"canonical":"https:\/\/industriasroboto.com\/es\/producto\/maleta-cuero-doble-refuerzo\/","og_locale":"es_ES","og_type":"article","og_title":"Bag IC-51 | Industrias Roboto","og_description":"Colores:    Negro  Descripci\u00f3n:  Desde un futuro post-apocal\u00edptico llega este morral. Fabricada en cuero tex de alta durabilidad, la maleta IC-51 cuenta con una gran capacidad interna que se complementa con los 2 arn\u00e9s ubicados en la parte exterior que sirven como soporte y\/o ajuste de los objetos guardados en ella.  Estilo, durabilidad y confianza que cuidan tu espalda.  &nbsp;  Caracter\u00edsticas:    Bolsillos externos: 3 Bolsillos en la tapa; 1 despu\u00e9s de la tapa  Refuerzo en espalda  3 Bolsillos internos (Bolsillo para port\u00e1til 17\")  Medidas (cm): Alto= 43; Ancho= 27; Fondo= 10  Capacidad: 11 Litros  Material sint\u00e9tico de alta calidad y ultra resistente  100% impermeable  (trabajamos todos los d\u00edas por migrar nuestros productos hechos en piel a productos hechos con materiales de NO origen animal)\u00a0 @fundacion_lapanaderiarusa  M\u00e9todos de pago:","og_url":"https:\/\/industriasroboto.com\/es\/producto\/maleta-cuero-doble-refuerzo\/","og_site_name":"Industrias Roboto","article_publisher":"https:\/\/www.facebook.com\/Robotoindustries\/","article_modified_time":"2025-11-14T04:10:20+00:00","og_image":[{"width":851,"height":1200,"url":"https:\/\/industriasroboto.com\/wp-content\/uploads\/2020\/04\/DSC_0808-1.jpg","type":"image\/jpeg"}],"twitter_card":"summary_large_image","twitter_misc":{"Tiempo de lectura":"1 minuto"},"schema":{"@context":"https:\/\/schema.org","@graph":[{"@type":"WebPage","@id":"https:\/\/industriasroboto.com\/es\/producto\/maleta-cuero-doble-refuerzo\/","url":"https:\/\/industriasroboto.com\/es\/producto\/maleta-cuero-doble-refuerzo\/","name":"Bag IC-51 | Industrias Roboto","isPartOf":{"@id":"https:\/\/industriasroboto.com\/en\/#website"},"primaryImageOfPage":{"@id":"https:\/\/industriasroboto.com\/es\/producto\/maleta-cuero-doble-refuerzo\/#primaryimage"},"image":{"@id":"https:\/\/industriasroboto.com\/es\/producto\/maleta-cuero-doble-refuerzo\/#primaryimage"},"thumbnailUrl":"https:\/\/industriasroboto.com\/wp-content\/uploads\/2020\/04\/DSC_0808-1.jpg","datePublished":"2019-05-07T00:13:35+00:00","dateModified":"2025-11-14T04:10:20+00:00","breadcrumb":{"@id":"https:\/\/industriasroboto.com\/es\/producto\/maleta-cuero-doble-refuerzo\/#breadcrumb"},"inLanguage":"es","potentialAction":[{"@type":"ReadAction","target":["https:\/\/industriasroboto.com\/es\/producto\/maleta-cuero-doble-refuerzo\/"]}]},{"@type":"ImageObject","inLanguage":"es","@id":"https:\/\/industriasroboto.com\/es\/producto\/maleta-cuero-doble-refuerzo\/#primaryimage","url":"https:\/\/industriasroboto.com\/wp-content\/uploads\/2020\/04\/DSC_0808-1.jpg","contentUrl":"https:\/\/industriasroboto.com\/wp-content\/uploads\/2020\/04\/DSC_0808-1.jpg","width":851,"height":1200,"caption":"Bag IC-51"},{"@type":"BreadcrumbList","@id":"https:\/\/industriasroboto.com\/es\/producto\/maleta-cuero-doble-refuerzo\/#breadcrumb","itemListElement":[{"@type":"ListItem","position":1,"name":"Portada","item":"https:\/\/industriasroboto.com\/es\/"},{"@type":"ListItem","position":2,"name":"Tienda Online | Industrias Roboto","item":"https:\/\/industriasroboto.com\/es\/tienda\/"},{"@type":"ListItem","position":3,"name":"Bag IC-51"}]},{"@type":"WebSite","@id":"https:\/\/industriasroboto.com\/en\/#website","url":"https:\/\/industriasroboto.com\/en\/","name":"Industrias Roboto","description":"Industrias Roboto. Bienvenido a la Era de la Moda Funcional. Dise\u00f1o y manufactura 100% colombiana","publisher":{"@id":"https:\/\/industriasroboto.com\/en\/#organization"},"alternateName":"Ind. Roboto","potentialAction":[{"@type":"SearchAction","target":{"@type":"EntryPoint","urlTemplate":"https:\/\/industriasroboto.com\/en\/?s={search_term_string}"},"query-input":{"@type":"PropertyValueSpecification","valueRequired":true,"valueName":"search_term_string"}}],"inLanguage":"es"},{"@type":"Organization","@id":"https:\/\/industriasroboto.com\/en\/#organization","name":"Industrias Roboto","url":"https:\/\/industriasroboto.com\/en\/","logo":{"@type":"ImageObject","inLanguage":"es","@id":"https:\/\/industriasroboto.com\/en\/#\/schema\/logo\/image\/","url":"https:\/\/industriasroboto.com\/wp-content\/uploads\/2026\/01\/cropped-cropped-cropped-Industrias-Roboto-Logo-Web.png","contentUrl":"https:\/\/industriasroboto.com\/wp-content\/uploads\/2026\/01\/cropped-cropped-cropped-Industrias-Roboto-Logo-Web.png","width":227,"height":80,"caption":"Industrias Roboto"},"image":{"@id":"https:\/\/industriasroboto.com\/en\/#\/schema\/logo\/image\/"},"sameAs":["https:\/\/www.facebook.com\/Robotoindustries\/","https:\/\/www.instagram.com\/ind.roboto\/","https:\/\/www.youtube.com\/@industriasroboto9224"]}]}},"_links":{"self":[{"href":"https:\/\/industriasroboto.com\/es\/wp-json\/wp\/v2\/product\/26668","targetHints":{"allow":["GET"]}}],"collection":[{"href":"https:\/\/industriasroboto.com\/es\/wp-json\/wp\/v2\/product"}],"about":[{"href":"https:\/\/industriasroboto.com\/es\/wp-json\/wp\/v2\/types\/product"}],"replies":[{"embeddable":true,"href":"https:\/\/industriasroboto.com\/es\/wp-json\/wp\/v2\/comments?post=26668"}],"wp:featuredmedia":[{"embeddable":true,"href":"https:\/\/industriasroboto.com\/es\/wp-json\/wp\/v2\/media\/26669"}],"wp:attachment":[{"href":"https:\/\/industriasroboto.com\/es\/wp-json\/wp\/v2\/media?parent=26668"}],"wp:term":[{"taxonomy":"product_brand","embeddable":true,"href":"https:\/\/industriasroboto.com\/es\/wp-json\/wp\/v2\/product_brand?post=26668"},{"taxonomy":"product_cat","embeddable":true,"href":"https:\/\/industriasroboto.com\/es\/wp-json\/wp\/v2\/product_cat?post=26668"},{"taxonomy":"product_tag","embeddable":true,"href":"https:\/\/industriasroboto.com\/es\/wp-json\/wp\/v2\/product_tag?post=26668"}],"curies":[{"name":"wp","href":"https:\/\/api.w.org\/{rel}","templated":true}]}}