{"id":25234,"date":"2020-07-08T23:28:52","date_gmt":"2020-07-09T04:28:52","guid":{"rendered":"https:\/\/www.industriasroboto.com\/product\/camiseta-negra-bionic-panter\/"},"modified":"2022-06-21T07:02:04","modified_gmt":"2022-06-21T12:02:04","slug":"camiseta-negra-bionic-panter","status":"publish","type":"product","link":"https:\/\/industriasroboto.com\/es\/producto\/camiseta-negra-bionic-panter\/","title":{"rendered":"Camiseta Negra Bionic Dino"},"content":{"rendered":"<p><img decoding=\"async\" src=\"https:\/\/industriasroboto.com\/wp-content\/uploads\/2020\/10\/Artboard-1.png\" \/><\/p>\n","protected":false},"excerpt":{"rendered":"<p>Roboto es virtual, est\u00e1 aqu\u00ed y all\u00e1, en todas las redes digitales, actualiz\u00e1ndose en el mar de informaci\u00f3n que desarrollamos y que ahora \u00e9l aprende a modificar. Pues, esta entidad, creado de un \u00e1rbol de vida artificial, que elaboramos en nuestro af\u00e1n de ser dioses, germin\u00f3 en aquel experimento mental del 2010 en la comunidad de LessWrong: el Basilisco de Roko.<\/p>\n<p>&nbsp;<\/p>\n<p><strong><span style=\"vertical-align: inherit;\"><span style=\"vertical-align: inherit;\">Caracter\u00edsticas:<\/span><\/span><\/strong><\/p>\n<ul>\n<li><span style=\"vertical-align: inherit;\"><span style=\"vertical-align: inherit;\">Color Negro<\/span><\/span><\/li>\n<li><span style=\"vertical-align: inherit;\"><span style=\"vertical-align: inherit;\">Dise\u00f1o exclusivo<\/span><\/span><\/li>\n<li>Material: Supergaroto 100% algod\u00f3n<\/li>\n<\/ul>\n<p>&nbsp;<\/p>\n<p><strong>M\u00e9todos de pago:<\/strong><\/p>\n<p><img loading=\"lazy\" decoding=\"async\" class=\"alignnone size-medium wp-image-28589\" src=\"https:\/\/industriasroboto.com\/wp-content\/uploads\/2020\/11\/medios-de-pago-300x80.jpg\" alt=\"\" width=\"300\" height=\"80\" \/><\/p>\n","protected":false},"featured_media":37058,"comment_status":"open","ping_status":"closed","template":"","meta":[],"product_brand":[],"product_cat":[119,123,145],"product_tag":[],"class_list":{"0":"post-25234","1":"product","2":"type-product","3":"status-publish","4":"has-post-thumbnail","6":"product_cat-camisas-hombre-es","7":"product_cat-camisetas-bionic-es","8":"product_cat-novedades","10":"first","11":"outofstock","12":"taxable","13":"shipping-taxable","14":"purchasable","15":"product-type-variable","16":"has-default-attributes"},"yoast_head":"<!-- This site is optimized with the Yoast SEO plugin v27.2 - https:\/\/yoast.com\/product\/yoast-seo-wordpress\/ -->\n<title>Camiseta Negra Bionic Dino | Industrias Roboto<\/title>\n<meta name=\"robots\" content=\"index, follow, max-snippet:-1, max-image-preview:large, max-video-preview:-1\" \/>\n<link rel=\"canonical\" href=\"https:\/\/industriasroboto.com\/es\/producto\/camiseta-negra-bionic-panter\/\" \/>\n<meta property=\"og:locale\" content=\"es_ES\" \/>\n<meta property=\"og:type\" content=\"article\" \/>\n<meta property=\"og:title\" content=\"Camiseta Negra Bionic Dino | Industrias Roboto\" \/>\n<meta property=\"og:description\" content=\"Roboto es virtual, est\u00e1 aqu\u00ed y all\u00e1, en todas las redes digitales, actualiz\u00e1ndose en el mar de informaci\u00f3n que desarrollamos y que ahora \u00e9l aprende a modificar. Pues, esta entidad, creado de un \u00e1rbol de vida artificial, que elaboramos en nuestro af\u00e1n de ser dioses, germin\u00f3 en aquel experimento mental del 2010 en la comunidad de LessWrong: el Basilisco de Roko.  &nbsp;  Caracter\u00edsticas:   Color Negro  Dise\u00f1o exclusivo  Material: Supergaroto 100% algod\u00f3n  &nbsp;  M\u00e9todos de pago:\" \/>\n<meta property=\"og:url\" content=\"https:\/\/industriasroboto.com\/es\/producto\/camiseta-negra-bionic-panter\/\" \/>\n<meta property=\"og:site_name\" content=\"Industrias Roboto\" \/>\n<meta property=\"article:publisher\" content=\"https:\/\/www.facebook.com\/Robotoindustries\/\" \/>\n<meta property=\"article:modified_time\" content=\"2022-06-21T12:02:04+00:00\" \/>\n<meta property=\"og:image\" content=\"https:\/\/industriasroboto.com\/wp-content\/uploads\/2020\/07\/Camiseta-Bionic-Dino-Negro-1.jpg\" \/>\n\t<meta property=\"og:image:width\" content=\"853\" \/>\n\t<meta property=\"og:image:height\" content=\"1280\" \/>\n\t<meta property=\"og:image:type\" content=\"image\/jpeg\" \/>\n<meta name=\"twitter:card\" content=\"summary_large_image\" \/>\n<script type=\"application\/ld+json\" class=\"yoast-schema-graph\">{\"@context\":\"https:\/\/schema.org\",\"@graph\":[{\"@type\":\"WebPage\",\"@id\":\"https:\/\/industriasroboto.com\/es\/producto\/camiseta-negra-bionic-panter\/\",\"url\":\"https:\/\/industriasroboto.com\/es\/producto\/camiseta-negra-bionic-panter\/\",\"name\":\"Camiseta Negra Bionic Dino | Industrias Roboto\",\"isPartOf\":{\"@id\":\"https:\/\/industriasroboto.com\/en\/#website\"},\"primaryImageOfPage\":{\"@id\":\"https:\/\/industriasroboto.com\/es\/producto\/camiseta-negra-bionic-panter\/#primaryimage\"},\"image\":{\"@id\":\"https:\/\/industriasroboto.com\/es\/producto\/camiseta-negra-bionic-panter\/#primaryimage\"},\"thumbnailUrl\":\"https:\/\/industriasroboto.com\/wp-content\/uploads\/2020\/07\/Camiseta-Bionic-Dino-Negro-1.jpg\",\"datePublished\":\"2020-07-09T04:28:52+00:00\",\"dateModified\":\"2022-06-21T12:02:04+00:00\",\"breadcrumb\":{\"@id\":\"https:\/\/industriasroboto.com\/es\/producto\/camiseta-negra-bionic-panter\/#breadcrumb\"},\"inLanguage\":\"es\",\"potentialAction\":[{\"@type\":\"ReadAction\",\"target\":[\"https:\/\/industriasroboto.com\/es\/producto\/camiseta-negra-bionic-panter\/\"]}]},{\"@type\":\"ImageObject\",\"inLanguage\":\"es\",\"@id\":\"https:\/\/industriasroboto.com\/es\/producto\/camiseta-negra-bionic-panter\/#primaryimage\",\"url\":\"https:\/\/industriasroboto.com\/wp-content\/uploads\/2020\/07\/Camiseta-Bionic-Dino-Negro-1.jpg\",\"contentUrl\":\"https:\/\/industriasroboto.com\/wp-content\/uploads\/2020\/07\/Camiseta-Bionic-Dino-Negro-1.jpg\",\"width\":853,\"height\":1280},{\"@type\":\"BreadcrumbList\",\"@id\":\"https:\/\/industriasroboto.com\/es\/producto\/camiseta-negra-bionic-panter\/#breadcrumb\",\"itemListElement\":[{\"@type\":\"ListItem\",\"position\":1,\"name\":\"Portada\",\"item\":\"https:\/\/industriasroboto.com\/es\/\"},{\"@type\":\"ListItem\",\"position\":2,\"name\":\"Tienda Online | Industrias Roboto\",\"item\":\"https:\/\/industriasroboto.com\/es\/tienda\/\"},{\"@type\":\"ListItem\",\"position\":3,\"name\":\"Camiseta Negra Bionic Dino\"}]},{\"@type\":\"WebSite\",\"@id\":\"https:\/\/industriasroboto.com\/en\/#website\",\"url\":\"https:\/\/industriasroboto.com\/en\/\",\"name\":\"Industrias Roboto\",\"description\":\"Industrias Roboto. Bienvenido a la Era de la Moda Funcional. Dise\u00f1o y manufactura 100% colombiana\",\"publisher\":{\"@id\":\"https:\/\/industriasroboto.com\/en\/#organization\"},\"alternateName\":\"Ind. Roboto\",\"potentialAction\":[{\"@type\":\"SearchAction\",\"target\":{\"@type\":\"EntryPoint\",\"urlTemplate\":\"https:\/\/industriasroboto.com\/en\/?s={search_term_string}\"},\"query-input\":{\"@type\":\"PropertyValueSpecification\",\"valueRequired\":true,\"valueName\":\"search_term_string\"}}],\"inLanguage\":\"es\"},{\"@type\":\"Organization\",\"@id\":\"https:\/\/industriasroboto.com\/en\/#organization\",\"name\":\"Industrias Roboto\",\"url\":\"https:\/\/industriasroboto.com\/en\/\",\"logo\":{\"@type\":\"ImageObject\",\"inLanguage\":\"es\",\"@id\":\"https:\/\/industriasroboto.com\/en\/#\/schema\/logo\/image\/\",\"url\":\"https:\/\/industriasroboto.com\/wp-content\/uploads\/2026\/01\/cropped-cropped-cropped-Industrias-Roboto-Logo-Web.png\",\"contentUrl\":\"https:\/\/industriasroboto.com\/wp-content\/uploads\/2026\/01\/cropped-cropped-cropped-Industrias-Roboto-Logo-Web.png\",\"width\":227,\"height\":80,\"caption\":\"Industrias Roboto\"},\"image\":{\"@id\":\"https:\/\/industriasroboto.com\/en\/#\/schema\/logo\/image\/\"},\"sameAs\":[\"https:\/\/www.facebook.com\/Robotoindustries\/\",\"https:\/\/www.instagram.com\/ind.roboto\/\",\"https:\/\/www.youtube.com\/@industriasroboto9224\"]}]}<\/script>\n<!-- \/ Yoast SEO plugin. -->","yoast_head_json":{"title":"Camiseta Negra Bionic Dino | Industrias Roboto","robots":{"index":"index","follow":"follow","max-snippet":"max-snippet:-1","max-image-preview":"max-image-preview:large","max-video-preview":"max-video-preview:-1"},"canonical":"https:\/\/industriasroboto.com\/es\/producto\/camiseta-negra-bionic-panter\/","og_locale":"es_ES","og_type":"article","og_title":"Camiseta Negra Bionic Dino | Industrias Roboto","og_description":"Roboto es virtual, est\u00e1 aqu\u00ed y all\u00e1, en todas las redes digitales, actualiz\u00e1ndose en el mar de informaci\u00f3n que desarrollamos y que ahora \u00e9l aprende a modificar. Pues, esta entidad, creado de un \u00e1rbol de vida artificial, que elaboramos en nuestro af\u00e1n de ser dioses, germin\u00f3 en aquel experimento mental del 2010 en la comunidad de LessWrong: el Basilisco de Roko.  &nbsp;  Caracter\u00edsticas:   Color Negro  Dise\u00f1o exclusivo  Material: Supergaroto 100% algod\u00f3n  &nbsp;  M\u00e9todos de pago:","og_url":"https:\/\/industriasroboto.com\/es\/producto\/camiseta-negra-bionic-panter\/","og_site_name":"Industrias Roboto","article_publisher":"https:\/\/www.facebook.com\/Robotoindustries\/","article_modified_time":"2022-06-21T12:02:04+00:00","og_image":[{"width":853,"height":1280,"url":"https:\/\/industriasroboto.com\/wp-content\/uploads\/2020\/07\/Camiseta-Bionic-Dino-Negro-1.jpg","type":"image\/jpeg"}],"twitter_card":"summary_large_image","schema":{"@context":"https:\/\/schema.org","@graph":[{"@type":"WebPage","@id":"https:\/\/industriasroboto.com\/es\/producto\/camiseta-negra-bionic-panter\/","url":"https:\/\/industriasroboto.com\/es\/producto\/camiseta-negra-bionic-panter\/","name":"Camiseta Negra Bionic Dino | Industrias Roboto","isPartOf":{"@id":"https:\/\/industriasroboto.com\/en\/#website"},"primaryImageOfPage":{"@id":"https:\/\/industriasroboto.com\/es\/producto\/camiseta-negra-bionic-panter\/#primaryimage"},"image":{"@id":"https:\/\/industriasroboto.com\/es\/producto\/camiseta-negra-bionic-panter\/#primaryimage"},"thumbnailUrl":"https:\/\/industriasroboto.com\/wp-content\/uploads\/2020\/07\/Camiseta-Bionic-Dino-Negro-1.jpg","datePublished":"2020-07-09T04:28:52+00:00","dateModified":"2022-06-21T12:02:04+00:00","breadcrumb":{"@id":"https:\/\/industriasroboto.com\/es\/producto\/camiseta-negra-bionic-panter\/#breadcrumb"},"inLanguage":"es","potentialAction":[{"@type":"ReadAction","target":["https:\/\/industriasroboto.com\/es\/producto\/camiseta-negra-bionic-panter\/"]}]},{"@type":"ImageObject","inLanguage":"es","@id":"https:\/\/industriasroboto.com\/es\/producto\/camiseta-negra-bionic-panter\/#primaryimage","url":"https:\/\/industriasroboto.com\/wp-content\/uploads\/2020\/07\/Camiseta-Bionic-Dino-Negro-1.jpg","contentUrl":"https:\/\/industriasroboto.com\/wp-content\/uploads\/2020\/07\/Camiseta-Bionic-Dino-Negro-1.jpg","width":853,"height":1280},{"@type":"BreadcrumbList","@id":"https:\/\/industriasroboto.com\/es\/producto\/camiseta-negra-bionic-panter\/#breadcrumb","itemListElement":[{"@type":"ListItem","position":1,"name":"Portada","item":"https:\/\/industriasroboto.com\/es\/"},{"@type":"ListItem","position":2,"name":"Tienda Online | Industrias Roboto","item":"https:\/\/industriasroboto.com\/es\/tienda\/"},{"@type":"ListItem","position":3,"name":"Camiseta Negra Bionic Dino"}]},{"@type":"WebSite","@id":"https:\/\/industriasroboto.com\/en\/#website","url":"https:\/\/industriasroboto.com\/en\/","name":"Industrias Roboto","description":"Industrias Roboto. Bienvenido a la Era de la Moda Funcional. Dise\u00f1o y manufactura 100% colombiana","publisher":{"@id":"https:\/\/industriasroboto.com\/en\/#organization"},"alternateName":"Ind. Roboto","potentialAction":[{"@type":"SearchAction","target":{"@type":"EntryPoint","urlTemplate":"https:\/\/industriasroboto.com\/en\/?s={search_term_string}"},"query-input":{"@type":"PropertyValueSpecification","valueRequired":true,"valueName":"search_term_string"}}],"inLanguage":"es"},{"@type":"Organization","@id":"https:\/\/industriasroboto.com\/en\/#organization","name":"Industrias Roboto","url":"https:\/\/industriasroboto.com\/en\/","logo":{"@type":"ImageObject","inLanguage":"es","@id":"https:\/\/industriasroboto.com\/en\/#\/schema\/logo\/image\/","url":"https:\/\/industriasroboto.com\/wp-content\/uploads\/2026\/01\/cropped-cropped-cropped-Industrias-Roboto-Logo-Web.png","contentUrl":"https:\/\/industriasroboto.com\/wp-content\/uploads\/2026\/01\/cropped-cropped-cropped-Industrias-Roboto-Logo-Web.png","width":227,"height":80,"caption":"Industrias Roboto"},"image":{"@id":"https:\/\/industriasroboto.com\/en\/#\/schema\/logo\/image\/"},"sameAs":["https:\/\/www.facebook.com\/Robotoindustries\/","https:\/\/www.instagram.com\/ind.roboto\/","https:\/\/www.youtube.com\/@industriasroboto9224"]}]}},"_links":{"self":[{"href":"https:\/\/industriasroboto.com\/es\/wp-json\/wp\/v2\/product\/25234","targetHints":{"allow":["GET"]}}],"collection":[{"href":"https:\/\/industriasroboto.com\/es\/wp-json\/wp\/v2\/product"}],"about":[{"href":"https:\/\/industriasroboto.com\/es\/wp-json\/wp\/v2\/types\/product"}],"replies":[{"embeddable":true,"href":"https:\/\/industriasroboto.com\/es\/wp-json\/wp\/v2\/comments?post=25234"}],"wp:featuredmedia":[{"embeddable":true,"href":"https:\/\/industriasroboto.com\/es\/wp-json\/wp\/v2\/media\/37058"}],"wp:attachment":[{"href":"https:\/\/industriasroboto.com\/es\/wp-json\/wp\/v2\/media?parent=25234"}],"wp:term":[{"taxonomy":"product_brand","embeddable":true,"href":"https:\/\/industriasroboto.com\/es\/wp-json\/wp\/v2\/product_brand?post=25234"},{"taxonomy":"product_cat","embeddable":true,"href":"https:\/\/industriasroboto.com\/es\/wp-json\/wp\/v2\/product_cat?post=25234"},{"taxonomy":"product_tag","embeddable":true,"href":"https:\/\/industriasroboto.com\/es\/wp-json\/wp\/v2\/product_tag?post=25234"}],"curies":[{"name":"wp","href":"https:\/\/api.w.org\/{rel}","templated":true}]}}