{"id":24959,"date":"2020-08-06T16:48:44","date_gmt":"2020-08-06T21:48:44","guid":{"rendered":"https:\/\/www.industriasroboto.com\/product\/hoodie-moscu-liviano-mujer-negro\/"},"modified":"2025-09-12T19:06:42","modified_gmt":"2025-09-13T00:06:42","slug":"hoodie-moscu-liviano-mujer-negro","status":"publish","type":"product","link":"https:\/\/industriasroboto.com\/es\/producto\/hoodie-moscu-liviano-mujer-negro\/","title":{"rendered":"Hoodie Mosc\u00fa Liviano Mujer Negro"},"content":{"rendered":"<p><img loading=\"lazy\" decoding=\"async\" class=\"alignnone wp-image-24970 size-full\" src=\"https:\/\/industriasroboto.com\/wp-content\/uploads\/2020\/09\/Mesa-de-trabajo-29-1.png\" alt=\"\" width=\"793\" height=\"596\" \/><\/p>\n","protected":false},"excerpt":{"rendered":"<p><strong>Caracter\u00edsticas:<\/strong><\/p>\n<ul>\n<li><span style=\"font-weight: 400;\">Cuello alto con correa<\/span><\/li>\n<li><span style=\"font-weight: 400;\">2 bolsillos exteriores<\/span><\/li>\n<li><span style=\"font-weight: 400;\">Guantes en algod\u00f3n licrado<\/span><\/li>\n<li>Color: Negro<\/li>\n<li>Material: Burda, poli\u00e9ster 100%<\/li>\n<\/ul>\n<p>&nbsp;<\/p>\n<p><strong>Recomendaciones de cuidado:<\/strong><\/p>\n<ul>\n<li>Lavar en seco<\/li>\n<li>Lavar en lavander\u00eda<\/li>\n<\/ul>\n<p>&nbsp;<\/p>\n<p><strong>M\u00e9todos de pago:<\/strong><\/p>\n<p><img loading=\"lazy\" decoding=\"async\" class=\"alignnone size-medium wp-image-28589\" src=\"https:\/\/industriasroboto.com\/wp-content\/uploads\/2020\/11\/medios-de-pago-300x80.jpg\" alt=\"\" width=\"300\" height=\"80\" \/><\/p>\n","protected":false},"featured_media":24961,"comment_status":"open","ping_status":"closed","template":"","meta":[],"product_brand":[],"product_cat":[130,138],"product_tag":[],"class_list":{"0":"post-24959","1":"product","2":"type-product","3":"status-publish","4":"has-post-thumbnail","6":"product_cat-hoodies-mujer-es","7":"product_cat-mujer-es","9":"first","10":"outofstock","11":"taxable","12":"shipping-taxable","13":"purchasable","14":"product-type-variable","15":"has-default-attributes"},"yoast_head":"<!-- This site is optimized with the Yoast SEO plugin v27.2 - https:\/\/yoast.com\/product\/yoast-seo-wordpress\/ -->\n<title>Hoodie Mosc\u00fa Liviano Mujer Negro | Industrias Roboto<\/title>\n<meta name=\"robots\" content=\"index, follow, max-snippet:-1, max-image-preview:large, max-video-preview:-1\" \/>\n<link rel=\"canonical\" href=\"https:\/\/industriasroboto.com\/es\/producto\/hoodie-moscu-liviano-mujer-negro\/\" \/>\n<meta property=\"og:locale\" content=\"es_ES\" \/>\n<meta property=\"og:type\" content=\"article\" \/>\n<meta property=\"og:title\" content=\"Hoodie Mosc\u00fa Liviano Mujer Negro | Industrias Roboto\" \/>\n<meta property=\"og:description\" content=\"Caracter\u00edsticas:   Cuello alto con correa  2 bolsillos exteriores  Guantes en algod\u00f3n licrado  Color: Negro  Material: Burda, poli\u00e9ster 100%  &nbsp;  Recomendaciones de cuidado:   Lavar en seco  Lavar en lavander\u00eda  &nbsp;  M\u00e9todos de pago:\" \/>\n<meta property=\"og:url\" content=\"https:\/\/industriasroboto.com\/es\/producto\/hoodie-moscu-liviano-mujer-negro\/\" \/>\n<meta property=\"og:site_name\" content=\"Industrias Roboto\" \/>\n<meta property=\"article:publisher\" content=\"https:\/\/www.facebook.com\/Robotoindustries\/\" \/>\n<meta property=\"article:modified_time\" content=\"2025-09-13T00:06:42+00:00\" \/>\n<meta property=\"og:image\" content=\"https:\/\/industriasroboto.com\/wp-content\/uploads\/2020\/09\/DSC_0258-1.jpg\" \/>\n\t<meta property=\"og:image:width\" content=\"876\" \/>\n\t<meta property=\"og:image:height\" content=\"1200\" \/>\n\t<meta property=\"og:image:type\" content=\"image\/jpeg\" \/>\n<meta name=\"twitter:card\" content=\"summary_large_image\" \/>\n<meta name=\"twitter:label1\" content=\"Tiempo de lectura\" \/>\n\t<meta name=\"twitter:data1\" content=\"1 minuto\" \/>\n<script type=\"application\/ld+json\" class=\"yoast-schema-graph\">{\"@context\":\"https:\/\/schema.org\",\"@graph\":[{\"@type\":\"WebPage\",\"@id\":\"https:\/\/industriasroboto.com\/es\/producto\/hoodie-moscu-liviano-mujer-negro\/\",\"url\":\"https:\/\/industriasroboto.com\/es\/producto\/hoodie-moscu-liviano-mujer-negro\/\",\"name\":\"Hoodie Mosc\u00fa Liviano Mujer Negro | Industrias Roboto\",\"isPartOf\":{\"@id\":\"https:\/\/industriasroboto.com\/en\/#website\"},\"primaryImageOfPage\":{\"@id\":\"https:\/\/industriasroboto.com\/es\/producto\/hoodie-moscu-liviano-mujer-negro\/#primaryimage\"},\"image\":{\"@id\":\"https:\/\/industriasroboto.com\/es\/producto\/hoodie-moscu-liviano-mujer-negro\/#primaryimage\"},\"thumbnailUrl\":\"https:\/\/industriasroboto.com\/wp-content\/uploads\/2020\/09\/DSC_0258-1.jpg\",\"datePublished\":\"2020-08-06T21:48:44+00:00\",\"dateModified\":\"2025-09-13T00:06:42+00:00\",\"breadcrumb\":{\"@id\":\"https:\/\/industriasroboto.com\/es\/producto\/hoodie-moscu-liviano-mujer-negro\/#breadcrumb\"},\"inLanguage\":\"es\",\"potentialAction\":[{\"@type\":\"ReadAction\",\"target\":[\"https:\/\/industriasroboto.com\/es\/producto\/hoodie-moscu-liviano-mujer-negro\/\"]}]},{\"@type\":\"ImageObject\",\"inLanguage\":\"es\",\"@id\":\"https:\/\/industriasroboto.com\/es\/producto\/hoodie-moscu-liviano-mujer-negro\/#primaryimage\",\"url\":\"https:\/\/industriasroboto.com\/wp-content\/uploads\/2020\/09\/DSC_0258-1.jpg\",\"contentUrl\":\"https:\/\/industriasroboto.com\/wp-content\/uploads\/2020\/09\/DSC_0258-1.jpg\",\"width\":876,\"height\":1200,\"caption\":\"Hoodie Mosc\u00fa Liviano Negro Mujer\"},{\"@type\":\"BreadcrumbList\",\"@id\":\"https:\/\/industriasroboto.com\/es\/producto\/hoodie-moscu-liviano-mujer-negro\/#breadcrumb\",\"itemListElement\":[{\"@type\":\"ListItem\",\"position\":1,\"name\":\"Portada\",\"item\":\"https:\/\/industriasroboto.com\/es\/\"},{\"@type\":\"ListItem\",\"position\":2,\"name\":\"Tienda Online | Industrias Roboto\",\"item\":\"https:\/\/industriasroboto.com\/es\/tienda\/\"},{\"@type\":\"ListItem\",\"position\":3,\"name\":\"Hoodie Mosc\u00fa Liviano Mujer Negro\"}]},{\"@type\":\"WebSite\",\"@id\":\"https:\/\/industriasroboto.com\/en\/#website\",\"url\":\"https:\/\/industriasroboto.com\/en\/\",\"name\":\"Industrias Roboto\",\"description\":\"Industrias Roboto. Bienvenido a la Era de la Moda Funcional. Dise\u00f1o y manufactura 100% colombiana\",\"publisher\":{\"@id\":\"https:\/\/industriasroboto.com\/en\/#organization\"},\"alternateName\":\"Ind. Roboto\",\"potentialAction\":[{\"@type\":\"SearchAction\",\"target\":{\"@type\":\"EntryPoint\",\"urlTemplate\":\"https:\/\/industriasroboto.com\/en\/?s={search_term_string}\"},\"query-input\":{\"@type\":\"PropertyValueSpecification\",\"valueRequired\":true,\"valueName\":\"search_term_string\"}}],\"inLanguage\":\"es\"},{\"@type\":\"Organization\",\"@id\":\"https:\/\/industriasroboto.com\/en\/#organization\",\"name\":\"Industrias Roboto\",\"url\":\"https:\/\/industriasroboto.com\/en\/\",\"logo\":{\"@type\":\"ImageObject\",\"inLanguage\":\"es\",\"@id\":\"https:\/\/industriasroboto.com\/en\/#\/schema\/logo\/image\/\",\"url\":\"https:\/\/industriasroboto.com\/wp-content\/uploads\/2026\/01\/cropped-cropped-cropped-Industrias-Roboto-Logo-Web.png\",\"contentUrl\":\"https:\/\/industriasroboto.com\/wp-content\/uploads\/2026\/01\/cropped-cropped-cropped-Industrias-Roboto-Logo-Web.png\",\"width\":227,\"height\":80,\"caption\":\"Industrias Roboto\"},\"image\":{\"@id\":\"https:\/\/industriasroboto.com\/en\/#\/schema\/logo\/image\/\"},\"sameAs\":[\"https:\/\/www.facebook.com\/Robotoindustries\/\",\"https:\/\/www.instagram.com\/ind.roboto\/\",\"https:\/\/www.youtube.com\/@industriasroboto9224\"]}]}<\/script>\n<!-- \/ Yoast SEO plugin. -->","yoast_head_json":{"title":"Hoodie Mosc\u00fa Liviano Mujer Negro | Industrias Roboto","robots":{"index":"index","follow":"follow","max-snippet":"max-snippet:-1","max-image-preview":"max-image-preview:large","max-video-preview":"max-video-preview:-1"},"canonical":"https:\/\/industriasroboto.com\/es\/producto\/hoodie-moscu-liviano-mujer-negro\/","og_locale":"es_ES","og_type":"article","og_title":"Hoodie Mosc\u00fa Liviano Mujer Negro | Industrias Roboto","og_description":"Caracter\u00edsticas:   Cuello alto con correa  2 bolsillos exteriores  Guantes en algod\u00f3n licrado  Color: Negro  Material: Burda, poli\u00e9ster 100%  &nbsp;  Recomendaciones de cuidado:   Lavar en seco  Lavar en lavander\u00eda  &nbsp;  M\u00e9todos de pago:","og_url":"https:\/\/industriasroboto.com\/es\/producto\/hoodie-moscu-liviano-mujer-negro\/","og_site_name":"Industrias Roboto","article_publisher":"https:\/\/www.facebook.com\/Robotoindustries\/","article_modified_time":"2025-09-13T00:06:42+00:00","og_image":[{"width":876,"height":1200,"url":"https:\/\/industriasroboto.com\/wp-content\/uploads\/2020\/09\/DSC_0258-1.jpg","type":"image\/jpeg"}],"twitter_card":"summary_large_image","twitter_misc":{"Tiempo de lectura":"1 minuto"},"schema":{"@context":"https:\/\/schema.org","@graph":[{"@type":"WebPage","@id":"https:\/\/industriasroboto.com\/es\/producto\/hoodie-moscu-liviano-mujer-negro\/","url":"https:\/\/industriasroboto.com\/es\/producto\/hoodie-moscu-liviano-mujer-negro\/","name":"Hoodie Mosc\u00fa Liviano Mujer Negro | Industrias Roboto","isPartOf":{"@id":"https:\/\/industriasroboto.com\/en\/#website"},"primaryImageOfPage":{"@id":"https:\/\/industriasroboto.com\/es\/producto\/hoodie-moscu-liviano-mujer-negro\/#primaryimage"},"image":{"@id":"https:\/\/industriasroboto.com\/es\/producto\/hoodie-moscu-liviano-mujer-negro\/#primaryimage"},"thumbnailUrl":"https:\/\/industriasroboto.com\/wp-content\/uploads\/2020\/09\/DSC_0258-1.jpg","datePublished":"2020-08-06T21:48:44+00:00","dateModified":"2025-09-13T00:06:42+00:00","breadcrumb":{"@id":"https:\/\/industriasroboto.com\/es\/producto\/hoodie-moscu-liviano-mujer-negro\/#breadcrumb"},"inLanguage":"es","potentialAction":[{"@type":"ReadAction","target":["https:\/\/industriasroboto.com\/es\/producto\/hoodie-moscu-liviano-mujer-negro\/"]}]},{"@type":"ImageObject","inLanguage":"es","@id":"https:\/\/industriasroboto.com\/es\/producto\/hoodie-moscu-liviano-mujer-negro\/#primaryimage","url":"https:\/\/industriasroboto.com\/wp-content\/uploads\/2020\/09\/DSC_0258-1.jpg","contentUrl":"https:\/\/industriasroboto.com\/wp-content\/uploads\/2020\/09\/DSC_0258-1.jpg","width":876,"height":1200,"caption":"Hoodie Mosc\u00fa Liviano Negro Mujer"},{"@type":"BreadcrumbList","@id":"https:\/\/industriasroboto.com\/es\/producto\/hoodie-moscu-liviano-mujer-negro\/#breadcrumb","itemListElement":[{"@type":"ListItem","position":1,"name":"Portada","item":"https:\/\/industriasroboto.com\/es\/"},{"@type":"ListItem","position":2,"name":"Tienda Online | Industrias Roboto","item":"https:\/\/industriasroboto.com\/es\/tienda\/"},{"@type":"ListItem","position":3,"name":"Hoodie Mosc\u00fa Liviano Mujer Negro"}]},{"@type":"WebSite","@id":"https:\/\/industriasroboto.com\/en\/#website","url":"https:\/\/industriasroboto.com\/en\/","name":"Industrias Roboto","description":"Industrias Roboto. Bienvenido a la Era de la Moda Funcional. Dise\u00f1o y manufactura 100% colombiana","publisher":{"@id":"https:\/\/industriasroboto.com\/en\/#organization"},"alternateName":"Ind. Roboto","potentialAction":[{"@type":"SearchAction","target":{"@type":"EntryPoint","urlTemplate":"https:\/\/industriasroboto.com\/en\/?s={search_term_string}"},"query-input":{"@type":"PropertyValueSpecification","valueRequired":true,"valueName":"search_term_string"}}],"inLanguage":"es"},{"@type":"Organization","@id":"https:\/\/industriasroboto.com\/en\/#organization","name":"Industrias Roboto","url":"https:\/\/industriasroboto.com\/en\/","logo":{"@type":"ImageObject","inLanguage":"es","@id":"https:\/\/industriasroboto.com\/en\/#\/schema\/logo\/image\/","url":"https:\/\/industriasroboto.com\/wp-content\/uploads\/2026\/01\/cropped-cropped-cropped-Industrias-Roboto-Logo-Web.png","contentUrl":"https:\/\/industriasroboto.com\/wp-content\/uploads\/2026\/01\/cropped-cropped-cropped-Industrias-Roboto-Logo-Web.png","width":227,"height":80,"caption":"Industrias Roboto"},"image":{"@id":"https:\/\/industriasroboto.com\/en\/#\/schema\/logo\/image\/"},"sameAs":["https:\/\/www.facebook.com\/Robotoindustries\/","https:\/\/www.instagram.com\/ind.roboto\/","https:\/\/www.youtube.com\/@industriasroboto9224"]}]}},"_links":{"self":[{"href":"https:\/\/industriasroboto.com\/es\/wp-json\/wp\/v2\/product\/24959","targetHints":{"allow":["GET"]}}],"collection":[{"href":"https:\/\/industriasroboto.com\/es\/wp-json\/wp\/v2\/product"}],"about":[{"href":"https:\/\/industriasroboto.com\/es\/wp-json\/wp\/v2\/types\/product"}],"replies":[{"embeddable":true,"href":"https:\/\/industriasroboto.com\/es\/wp-json\/wp\/v2\/comments?post=24959"}],"wp:featuredmedia":[{"embeddable":true,"href":"https:\/\/industriasroboto.com\/es\/wp-json\/wp\/v2\/media\/24961"}],"wp:attachment":[{"href":"https:\/\/industriasroboto.com\/es\/wp-json\/wp\/v2\/media?parent=24959"}],"wp:term":[{"taxonomy":"product_brand","embeddable":true,"href":"https:\/\/industriasroboto.com\/es\/wp-json\/wp\/v2\/product_brand?post=24959"},{"taxonomy":"product_cat","embeddable":true,"href":"https:\/\/industriasroboto.com\/es\/wp-json\/wp\/v2\/product_cat?post=24959"},{"taxonomy":"product_tag","embeddable":true,"href":"https:\/\/industriasroboto.com\/es\/wp-json\/wp\/v2\/product_tag?post=24959"}],"curies":[{"name":"wp","href":"https:\/\/api.w.org\/{rel}","templated":true}]}}