{"id":29958,"date":"2021-01-12T17:03:29","date_gmt":"2021-01-12T22:03:29","guid":{"rendered":"https:\/\/www.industriasroboto.com\/?page_id=29958"},"modified":"2021-01-13T14:23:27","modified_gmt":"2021-01-13T19:23:27","slug":"ecuador-coming-soon","status":"publish","type":"page","link":"https:\/\/industriasroboto.com\/es\/ecuador-coming-soon\/","title":{"rendered":"Ecuador Coming Soon"},"content":{"rendered":"<section class=\"wpb-content-wrapper\">[vc_row full_width=\u00bbstretch_row_content_no_spaces\u00bb content_placement=\u00bbtop\u00bb css=\u00bb.vc_custom_1601325065034{margin-top: 100px !important;}\u00bb][vc_column width=\u00bb1\/2&#8243;][vc_empty_space][pixxy_banner style_banner=\u00bbclassic\u00bb light=\u00bbyes\u00bb btn_style=\u00bba-btn\u00bb add_btn_style=\u00bba-btn\u00bb background_position=\u00bbcenter_top\u00bb overlay=\u00bbyes\u00bb title=\u00bbECUADOR\u00bb text=\u00bb\u00a1Prep\u00e1rate para la llegada del futuro pasado!\u00bb image=\u00bb29952&#8243;][\/vc_column][vc_column width=\u00bb1\/2&#8243; css=\u00bb.vc_custom_1601324185063{padding-top: 90px !important;padding-right: 30px !important;padding-left: 30px !important;}\u00bb][vc_column_text]\n<div id=\"mc_embed_signup\">\n<form id=\"mc-embedded-subscribe-form\" class=\"validate\" action=\"https:\/\/spacelab.us15.list-manage.com\/subscribe\/post?u=4fd5ca1aebbdb5404438849de&amp;id=30d51e3345\" method=\"post\" name=\"mc-embedded-subscribe-form\" novalidate=\"\" target=\"_blank\">\n<div id=\"mc_embed_signup_scroll\">\n<h2>Suscr\u00edbete al lanzamiento de la marca de ropa m\u00e1s famosa del mundo (bueno, quiz\u00e1s no la m\u00e1s famosa pero si la m\u00e1s pro)<\/h2>\n<div class=\"indicates-required\"><span class=\"asterisk\">*<\/span> campos requeridos<\/div>\n<div class=\"mc-field-group\"><label for=\"mce-EMAIL\">Email Address <span class=\"asterisk\">*<\/span><br \/>\n<\/label><br \/>\n<input id=\"mce-EMAIL\" class=\"required email\" name=\"EMAIL\" type=\"email\" value=\"\" \/><\/div>\n<div class=\"mc-field-group\"><label for=\"mce-FNAME\">Nombre <\/label><br \/>\n<input id=\"mce-FNAME\" class=\"\" name=\"FNAME\" type=\"text\" value=\"\" \/><\/div>\n<div class=\"mc-field-group\"><label for=\"mce-LNAME\">Apellido <\/label><br \/>\n<input id=\"mce-LNAME\" class=\"\" name=\"LNAME\" type=\"text\" value=\"\" \/><\/div>\n<div id=\"mce-responses\" class=\"clear\">\n<div id=\"mce-error-response\" class=\"response\" style=\"display: none;\"><\/div>\n<div id=\"mce-success-response\" class=\"response\" style=\"display: none;\"><\/div>\n<\/div>\n<p><!-- real people should not fill this in and expect good things - do not remove this or risk form bot signups--><\/p>\n<div style=\"position: absolute; left: -5000px;\" aria-hidden=\"true\"><input tabindex=\"-1\" name=\"b_4fd5ca1aebbdb5404438849de_30d51e3345\" type=\"text\" value=\"\" \/><\/div>\n<div class=\"clear\"><input id=\"mc-embedded-subscribe\" class=\"button\" name=\"subscribe\" type=\"submit\" value=\"Suscribirme\" \/><\/div>\n<\/div>\n<\/form>\n<\/div>\n<p><script type='text\/javascript' src='\/\/s3.amazonaws.com\/downloads.mailchimp.com\/js\/mc-validate.js'><\/script><script type='text\/javascript'>(function($) {window.fnames = new Array(); window.ftypes = new Array();fnames[0]='EMAIL';ftypes[0]='email';fnames[1]='FNAME';ftypes[1]='text';fnames[2]='LNAME';ftypes[2]='text'; \/*\n * Translated default messages for the $ validation plugin.\n * Locale: ES\n *\/\n$.extend($.validator.messages, {\n  required: \"Este campo es obligatorio.\",\n  remote: \"Por favor, rellena este campo.\",\n  email: \"Por favor, escribe una direcci\u00f3n de correo v\u00e1lida\",\n  url: \"Por favor, escribe una URL v\u00e1lida.\",\n  date: \"Por favor, escribe una fecha v\u00e1lida.\",\n  dateISO: \"Por favor, escribe una fecha (ISO) v\u00e1lida.\",\n  number: \"Por favor, escribe un n\u00famero entero v\u00e1lido.\",\n  digits: \"Por favor, escribe s\u00f3lo d\u00edgitos.\",\n  creditcard: \"Por favor, escribe un n\u00famero de tarjeta v\u00e1lido.\",\n  equalTo: \"Por favor, escribe el mismo valor de nuevo.\",\n  accept: \"Por favor, escribe un valor con una extensi\u00f3n aceptada.\",\n  maxlength: $.validator.format(\"Por favor, no escribas m\u00e1s de {0} caracteres.\"),\n  minlength: $.validator.format(\"Por favor, no escribas menos de {0} caracteres.\"),\n  rangelength: $.validator.format(\"Por favor, escribe un valor entre {0} y {1} caracteres.\"),\n  range: $.validator.format(\"Por favor, escribe un valor entre {0} y {1}.\"),\n  max: $.validator.format(\"Por favor, escribe un valor menor o igual a {0}.\"),\n  min: $.validator.format(\"Por favor, escribe un valor mayor o igual a {0}.\")\n});}(jQuery));var $mcj = jQuery.noConflict(true);<\/script><br \/>\n<!--End mc_embed_signup-->[\/vc_column_text][\/vc_column][\/vc_row][vc_row full_width=\u00bbstretch_row_content_no_spaces\u00bb][vc_column][vc_empty_space][pixxy_headings style=\u00bbtyping\u00bb title=\u00bbYa puedes comprar en <b>d\u00f3lares estadounidenses (USD)<b> en nuestras p\u00e1ginas web\u00bb][vc_empty_space][pixxy_headings style=\u00bbwith-media\u00bb subtitle=\u00bbHaz parte del futuro\u00bb title=\u00bbIndustrias Roboto\u00bb title_size=\u00bbtitle&#8211;big\u00bb description=\u00bbDisfrute de nuestras l\u00edneas de prendas funcionales, perfectas para la inclemencia del d\u00eda a d\u00eda.<br \/>\nConoce nuestros productos, actualmente en d\u00f3lares estadounidenses (USD), pesos colombianos (COP) y pesos mexicanos (MXN)\u00bb description_size=\u00bbdescription&#8211;big\u00bb btn_style=\u00bba-btn\u00bb media_pos=\u00bbright\u00bb button=\u00bburl:https%3A%2F%2Fwww.industriasroboto.com|title:Conocer%20la%20marca||\u00bb media_image=\u00bb29150&#8243;][pixxy_headings style=\u00bbwith-media\u00bb subtitle=\u00bbCuramos la nostalgia de una \u00e9poca\u00bb title=\u00bbLa Panader\u00eda Rusa\u00bb title_size=\u00bbtitle&#8211;big\u00bb description=\u00bbPrendas inspiradas en la<b> Segunda Guerra Mundial<b><br \/>\nConoce nuestros productos, actualmente en pesos colombianos.\u00bb description_size=\u00bbdescription&#8211;big\u00bb btn_style=\u00bba-btn\u00bb button=\u00bburl:http%3A%2F%2Fwww.lapanaderiarusa.com%2F|title:Conocer%20la%20marca||\u00bb media_image=\u00bb25098&#8243;][\/vc_column][\/vc_row][vc_row][vc_column][\/vc_column][\/vc_row]\n<\/section>","protected":false},"excerpt":{"rendered":"<p>[vc_row full_width=\u00bbstretch_row_content_no_spaces\u00bb content_placement=\u00bbtop\u00bb css=\u00bb.vc_custom_1601325065034{margin-top: 100px !important;}\u00bb][vc_column width=\u00bb1\/2&#8243;][vc_empty_space][pixxy_banner style_banner=\u00bbclassic\u00bb light=\u00bbyes\u00bb btn_style=\u00bba-btn\u00bb add_btn_style=\u00bba-btn\u00bb background_position=\u00bbcenter_top\u00bb overlay=\u00bbyes\u00bb title=\u00bbECUADOR\u00bb text=\u00bb\u00a1Prep\u00e1rate para la llegada del futuro pasado!\u00bb image=\u00bb29952&#8243;][\/vc_column][vc_column width=\u00bb1\/2&#8243; css=\u00bb.vc_custom_1601324185063{padding-top: 90px !important;padding-right: 30px !important;padding-left: 30px !important;}\u00bb][vc_column_text] Suscr\u00edbete al lanzamiento de la marca de ropa m\u00e1s famosa del mundo (bueno, quiz\u00e1s no la m\u00e1s famosa pero si&hellip;<\/p>\n","protected":false},"author":1,"featured_media":29952,"parent":0,"menu_order":0,"comment_status":"closed","ping_status":"closed","template":"","meta":{"footnotes":""},"class_list":["post-29958","page","type-page","status-publish","has-post-thumbnail","hentry"],"yoast_head":"<!-- This site is optimized with the Yoast SEO plugin v27.2 - https:\/\/yoast.com\/product\/yoast-seo-wordpress\/ -->\n<title>Ecuador Coming Soon | Industrias Roboto<\/title>\n<meta name=\"robots\" content=\"index, follow, max-snippet:-1, max-image-preview:large, max-video-preview:-1\" \/>\n<link rel=\"canonical\" href=\"https:\/\/industriasroboto.com\/es\/ecuador-coming-soon\/\" \/>\n<meta property=\"og:locale\" content=\"es_ES\" \/>\n<meta property=\"og:type\" content=\"article\" \/>\n<meta property=\"og:title\" content=\"Ecuador Coming Soon | Industrias Roboto\" \/>\n<meta property=\"og:description\" content=\"[vc_row full_width=\u00bbstretch_row_content_no_spaces\u00bb content_placement=\u00bbtop\u00bb css=\u00bb.vc_custom_1601325065034{margin-top: 100px !important;}\u00bb][vc_column width=\u00bb1\/2&#8243;][vc_empty_space][pixxy_banner style_banner=\u00bbclassic\u00bb light=\u00bbyes\u00bb btn_style=\u00bba-btn\u00bb add_btn_style=\u00bba-btn\u00bb background_position=\u00bbcenter_top\u00bb overlay=\u00bbyes\u00bb title=\u00bbECUADOR\u00bb text=\u00bb\u00a1Prep\u00e1rate para la llegada del futuro pasado!\u00bb image=\u00bb29952&#8243;][\/vc_column][vc_column width=\u00bb1\/2&#8243; css=\u00bb.vc_custom_1601324185063{padding-top: 90px !important;padding-right: 30px !important;padding-left: 30px !important;}\u00bb][vc_column_text] Suscr\u00edbete al lanzamiento de la marca de ropa m\u00e1s famosa del mundo (bueno, quiz\u00e1s no la m\u00e1s famosa pero si&hellip;\" \/>\n<meta property=\"og:url\" content=\"https:\/\/industriasroboto.com\/es\/ecuador-coming-soon\/\" \/>\n<meta property=\"og:site_name\" content=\"Industrias Roboto\" \/>\n<meta property=\"article:publisher\" content=\"https:\/\/www.facebook.com\/Robotoindustries\/\" \/>\n<meta property=\"article:modified_time\" content=\"2021-01-13T19:23:27+00:00\" \/>\n<meta property=\"og:image\" content=\"https:\/\/industriasroboto.com\/wp-content\/uploads\/2021\/01\/ruso-101-2.jpg\" \/>\n\t<meta property=\"og:image:width\" content=\"798\" \/>\n\t<meta property=\"og:image:height\" content=\"1200\" \/>\n\t<meta property=\"og:image:type\" content=\"image\/jpeg\" \/>\n<meta name=\"twitter:card\" content=\"summary_large_image\" \/>\n<meta name=\"twitter:label1\" content=\"Tiempo de lectura\" \/>\n\t<meta name=\"twitter:data1\" content=\"1 minuto\" \/>\n<script type=\"application\/ld+json\" class=\"yoast-schema-graph\">{\"@context\":\"https:\/\/schema.org\",\"@graph\":[{\"@type\":\"WebPage\",\"@id\":\"https:\/\/industriasroboto.com\/es\/ecuador-coming-soon\/\",\"url\":\"https:\/\/industriasroboto.com\/es\/ecuador-coming-soon\/\",\"name\":\"Ecuador Coming Soon | Industrias Roboto\",\"isPartOf\":{\"@id\":\"https:\/\/industriasroboto.com\/en\/#website\"},\"primaryImageOfPage\":{\"@id\":\"https:\/\/industriasroboto.com\/es\/ecuador-coming-soon\/#primaryimage\"},\"image\":{\"@id\":\"https:\/\/industriasroboto.com\/es\/ecuador-coming-soon\/#primaryimage\"},\"thumbnailUrl\":\"https:\/\/industriasroboto.com\/wp-content\/uploads\/2021\/01\/ruso-101-2.jpg\",\"datePublished\":\"2021-01-12T22:03:29+00:00\",\"dateModified\":\"2021-01-13T19:23:27+00:00\",\"breadcrumb\":{\"@id\":\"https:\/\/industriasroboto.com\/es\/ecuador-coming-soon\/#breadcrumb\"},\"inLanguage\":\"es\",\"potentialAction\":[{\"@type\":\"ReadAction\",\"target\":[\"https:\/\/industriasroboto.com\/es\/ecuador-coming-soon\/\"]}]},{\"@type\":\"ImageObject\",\"inLanguage\":\"es\",\"@id\":\"https:\/\/industriasroboto.com\/es\/ecuador-coming-soon\/#primaryimage\",\"url\":\"https:\/\/industriasroboto.com\/wp-content\/uploads\/2021\/01\/ruso-101-2.jpg\",\"contentUrl\":\"https:\/\/industriasroboto.com\/wp-content\/uploads\/2021\/01\/ruso-101-2.jpg\",\"width\":798,\"height\":1200},{\"@type\":\"BreadcrumbList\",\"@id\":\"https:\/\/industriasroboto.com\/es\/ecuador-coming-soon\/#breadcrumb\",\"itemListElement\":[{\"@type\":\"ListItem\",\"position\":1,\"name\":\"Portada\",\"item\":\"https:\/\/industriasroboto.com\/es\/\"},{\"@type\":\"ListItem\",\"position\":2,\"name\":\"Ecuador Coming Soon\"}]},{\"@type\":\"WebSite\",\"@id\":\"https:\/\/industriasroboto.com\/en\/#website\",\"url\":\"https:\/\/industriasroboto.com\/en\/\",\"name\":\"Industrias Roboto\",\"description\":\"Industrias Roboto. Bienvenido a la Era de la Moda Funcional. Dise\u00f1o y manufactura 100% colombiana\",\"publisher\":{\"@id\":\"https:\/\/industriasroboto.com\/en\/#organization\"},\"alternateName\":\"Ind. Roboto\",\"potentialAction\":[{\"@type\":\"SearchAction\",\"target\":{\"@type\":\"EntryPoint\",\"urlTemplate\":\"https:\/\/industriasroboto.com\/en\/?s={search_term_string}\"},\"query-input\":{\"@type\":\"PropertyValueSpecification\",\"valueRequired\":true,\"valueName\":\"search_term_string\"}}],\"inLanguage\":\"es\"},{\"@type\":\"Organization\",\"@id\":\"https:\/\/industriasroboto.com\/en\/#organization\",\"name\":\"Industrias Roboto\",\"url\":\"https:\/\/industriasroboto.com\/en\/\",\"logo\":{\"@type\":\"ImageObject\",\"inLanguage\":\"es\",\"@id\":\"https:\/\/industriasroboto.com\/en\/#\/schema\/logo\/image\/\",\"url\":\"https:\/\/industriasroboto.com\/wp-content\/uploads\/2026\/01\/cropped-cropped-cropped-Industrias-Roboto-Logo-Web.png\",\"contentUrl\":\"https:\/\/industriasroboto.com\/wp-content\/uploads\/2026\/01\/cropped-cropped-cropped-Industrias-Roboto-Logo-Web.png\",\"width\":227,\"height\":80,\"caption\":\"Industrias Roboto\"},\"image\":{\"@id\":\"https:\/\/industriasroboto.com\/en\/#\/schema\/logo\/image\/\"},\"sameAs\":[\"https:\/\/www.facebook.com\/Robotoindustries\/\",\"https:\/\/www.instagram.com\/ind.roboto\/\",\"https:\/\/www.youtube.com\/@industriasroboto9224\"]}]}<\/script>\n<!-- \/ Yoast SEO plugin. -->","yoast_head_json":{"title":"Ecuador Coming Soon | Industrias Roboto","robots":{"index":"index","follow":"follow","max-snippet":"max-snippet:-1","max-image-preview":"max-image-preview:large","max-video-preview":"max-video-preview:-1"},"canonical":"https:\/\/industriasroboto.com\/es\/ecuador-coming-soon\/","og_locale":"es_ES","og_type":"article","og_title":"Ecuador Coming Soon | Industrias Roboto","og_description":"[vc_row full_width=\u00bbstretch_row_content_no_spaces\u00bb content_placement=\u00bbtop\u00bb css=\u00bb.vc_custom_1601325065034{margin-top: 100px !important;}\u00bb][vc_column width=\u00bb1\/2&#8243;][vc_empty_space][pixxy_banner style_banner=\u00bbclassic\u00bb light=\u00bbyes\u00bb btn_style=\u00bba-btn\u00bb add_btn_style=\u00bba-btn\u00bb background_position=\u00bbcenter_top\u00bb overlay=\u00bbyes\u00bb title=\u00bbECUADOR\u00bb text=\u00bb\u00a1Prep\u00e1rate para la llegada del futuro pasado!\u00bb image=\u00bb29952&#8243;][\/vc_column][vc_column width=\u00bb1\/2&#8243; css=\u00bb.vc_custom_1601324185063{padding-top: 90px !important;padding-right: 30px !important;padding-left: 30px !important;}\u00bb][vc_column_text] Suscr\u00edbete al lanzamiento de la marca de ropa m\u00e1s famosa del mundo (bueno, quiz\u00e1s no la m\u00e1s famosa pero si&hellip;","og_url":"https:\/\/industriasroboto.com\/es\/ecuador-coming-soon\/","og_site_name":"Industrias Roboto","article_publisher":"https:\/\/www.facebook.com\/Robotoindustries\/","article_modified_time":"2021-01-13T19:23:27+00:00","og_image":[{"width":798,"height":1200,"url":"https:\/\/industriasroboto.com\/wp-content\/uploads\/2021\/01\/ruso-101-2.jpg","type":"image\/jpeg"}],"twitter_card":"summary_large_image","twitter_misc":{"Tiempo de lectura":"1 minuto"},"schema":{"@context":"https:\/\/schema.org","@graph":[{"@type":"WebPage","@id":"https:\/\/industriasroboto.com\/es\/ecuador-coming-soon\/","url":"https:\/\/industriasroboto.com\/es\/ecuador-coming-soon\/","name":"Ecuador Coming Soon | Industrias Roboto","isPartOf":{"@id":"https:\/\/industriasroboto.com\/en\/#website"},"primaryImageOfPage":{"@id":"https:\/\/industriasroboto.com\/es\/ecuador-coming-soon\/#primaryimage"},"image":{"@id":"https:\/\/industriasroboto.com\/es\/ecuador-coming-soon\/#primaryimage"},"thumbnailUrl":"https:\/\/industriasroboto.com\/wp-content\/uploads\/2021\/01\/ruso-101-2.jpg","datePublished":"2021-01-12T22:03:29+00:00","dateModified":"2021-01-13T19:23:27+00:00","breadcrumb":{"@id":"https:\/\/industriasroboto.com\/es\/ecuador-coming-soon\/#breadcrumb"},"inLanguage":"es","potentialAction":[{"@type":"ReadAction","target":["https:\/\/industriasroboto.com\/es\/ecuador-coming-soon\/"]}]},{"@type":"ImageObject","inLanguage":"es","@id":"https:\/\/industriasroboto.com\/es\/ecuador-coming-soon\/#primaryimage","url":"https:\/\/industriasroboto.com\/wp-content\/uploads\/2021\/01\/ruso-101-2.jpg","contentUrl":"https:\/\/industriasroboto.com\/wp-content\/uploads\/2021\/01\/ruso-101-2.jpg","width":798,"height":1200},{"@type":"BreadcrumbList","@id":"https:\/\/industriasroboto.com\/es\/ecuador-coming-soon\/#breadcrumb","itemListElement":[{"@type":"ListItem","position":1,"name":"Portada","item":"https:\/\/industriasroboto.com\/es\/"},{"@type":"ListItem","position":2,"name":"Ecuador Coming Soon"}]},{"@type":"WebSite","@id":"https:\/\/industriasroboto.com\/en\/#website","url":"https:\/\/industriasroboto.com\/en\/","name":"Industrias Roboto","description":"Industrias Roboto. Bienvenido a la Era de la Moda Funcional. Dise\u00f1o y manufactura 100% colombiana","publisher":{"@id":"https:\/\/industriasroboto.com\/en\/#organization"},"alternateName":"Ind. Roboto","potentialAction":[{"@type":"SearchAction","target":{"@type":"EntryPoint","urlTemplate":"https:\/\/industriasroboto.com\/en\/?s={search_term_string}"},"query-input":{"@type":"PropertyValueSpecification","valueRequired":true,"valueName":"search_term_string"}}],"inLanguage":"es"},{"@type":"Organization","@id":"https:\/\/industriasroboto.com\/en\/#organization","name":"Industrias Roboto","url":"https:\/\/industriasroboto.com\/en\/","logo":{"@type":"ImageObject","inLanguage":"es","@id":"https:\/\/industriasroboto.com\/en\/#\/schema\/logo\/image\/","url":"https:\/\/industriasroboto.com\/wp-content\/uploads\/2026\/01\/cropped-cropped-cropped-Industrias-Roboto-Logo-Web.png","contentUrl":"https:\/\/industriasroboto.com\/wp-content\/uploads\/2026\/01\/cropped-cropped-cropped-Industrias-Roboto-Logo-Web.png","width":227,"height":80,"caption":"Industrias Roboto"},"image":{"@id":"https:\/\/industriasroboto.com\/en\/#\/schema\/logo\/image\/"},"sameAs":["https:\/\/www.facebook.com\/Robotoindustries\/","https:\/\/www.instagram.com\/ind.roboto\/","https:\/\/www.youtube.com\/@industriasroboto9224"]}]}},"_links":{"self":[{"href":"https:\/\/industriasroboto.com\/es\/wp-json\/wp\/v2\/pages\/29958","targetHints":{"allow":["GET"]}}],"collection":[{"href":"https:\/\/industriasroboto.com\/es\/wp-json\/wp\/v2\/pages"}],"about":[{"href":"https:\/\/industriasroboto.com\/es\/wp-json\/wp\/v2\/types\/page"}],"author":[{"embeddable":true,"href":"https:\/\/industriasroboto.com\/es\/wp-json\/wp\/v2\/users\/1"}],"replies":[{"embeddable":true,"href":"https:\/\/industriasroboto.com\/es\/wp-json\/wp\/v2\/comments?post=29958"}],"version-history":[{"count":0,"href":"https:\/\/industriasroboto.com\/es\/wp-json\/wp\/v2\/pages\/29958\/revisions"}],"wp:featuredmedia":[{"embeddable":true,"href":"https:\/\/industriasroboto.com\/es\/wp-json\/wp\/v2\/media\/29952"}],"wp:attachment":[{"href":"https:\/\/industriasroboto.com\/es\/wp-json\/wp\/v2\/media?parent=29958"}],"curies":[{"name":"wp","href":"https:\/\/api.w.org\/{rel}","templated":true}]}}