{"id":27797,"date":"2018-07-06T11:18:34","date_gmt":"2018-07-06T11:18:34","guid":{"rendered":"https:\/\/www.industriasroboto.com\/nuestra-compania-adn-roboto\/"},"modified":"2020-10-28T17:32:21","modified_gmt":"2020-10-28T17:32:21","slug":"nuestra-compania-adn-roboto","status":"publish","type":"page","link":"https:\/\/industriasroboto.com\/es\/nuestra-compania-adn-roboto\/","title":{"rendered":"Nuestra Compa\u00f1\u00eda. ADN ROBOTO"},"content":{"rendered":"<section class=\"wpb-content-wrapper\">[vc_row full_width=\u00bbstretch_row_content_no_spaces\u00bb css=\u00bb.vc_custom_1548448937181{background-color: #000000 !important;}\u00bb][vc_column mobile_pt=\u00bbpadding-xs-30t\u00bb mobile_pb=\u00bbpadding-xs-30b\u00bb css=\u00bb.vc_custom_1548448924522{padding-right: 30px !important;padding-left: 30px !important;}\u00bb][pixxy_physics_banner 1=\u00bb\u2013\u00bb 2=\u00bbDise\u00f1o\u00bb 3=\u00bby\u00bb 4=\u00bbmanufactura\u00bb 5=\u00bbcolombiana,\u00bb 6=\u00bbcon\u00bb 7=\u00bbun\u00bb 8=\u00bbconcepto\u00bb 9=\u00bbde\u00bb 10=\u00bbprendas\u00bb 11=\u00bbfuncionales,\u00bb 12=\u00bbdise\u00f1adas\u00bb 13=\u00bbpara\u00bb 14=\u00bbenfrentar\u00bb 15=\u00bbel\u00bb 16=\u00bbd\u00eda\u00bb 17=\u00bba\u00bb 18=\u00bbd\u00eda,\u00bb 19=\u00bbsin\u00bb 20=\u00bbimportar\u00bb 21=\u00bblos\u00bb 22=\u00bbconstantes\u00bb 23=\u00bbcambios\u00bb 24=\u00bbdel\u00bb 25=\u00bbclima\u00bb 26=\u00bby\u00bb 27=\u00bbel\u00bb 28=\u00bbentorno.\u00bb 29=\u00bbAdaptando\u00bb 30=\u00bbla\u00bb 31=\u00bbanatom\u00eda\u00bb 32=\u00bbhumana\u00bb 33=\u00bba\u00bb 34=\u00bbcortes\u00bb 35=\u00bbfuturistas\u00bb 36=\u00bbde\u00bb 37=\u00bbcar\u00e1cter\u00bb 38=\u00bbrob\u00f3tico.\u00bb 39=\u00bbRedise\u00f1ar\u00bb 40=\u00bbla\u00bb 41=\u00bbmarca\u00bb 42=\u00bbes\u00bb 43=\u00bbun\u00bb 44=\u00bbproceso\u00bb 45=\u00bbcreativo,\u00bb 46=\u00bbes\u00bb 47=\u00bbestar\u00bb 48=\u00bben\u00bb 49=\u00bbconstante\u00bb 50=\u00bbmovimiento,\u00bb 51=\u00bbla\u00bb 52=\u00bbgeneraci\u00f3n\u00bb 53=\u00bbde\u00bb 54=\u00bbideas\u00bb 55=\u00bbsurge\u00bb 56=\u00bba\u00bb 57=\u00bbtrav\u00e9s\u00bb 58=\u00bbdel\u00bb 59=\u00bban\u00e1lisis\u00bb 60=\u00bbconstante\u00bb 61=\u00bbde\u00bb 62=\u00bbla\u00bb 63=\u00bbsociedad.\u00bb 64=\u00bbRoboto\u00bb 65=\u00bbse\u00bb 66=\u00bbre-inventa\u00bb 67=\u00bby\u00bb 68=\u00bbnace\u00bb 69=\u00bbINDUSTRIAS\u00bb 70=\u00bbROBOTO,\u00bb 71=\u00bbuna\u00bb 72=\u00bbmarca\u00bb 73=\u00bbque\u00bb 74=\u00bbpiensa\u00bb 75=\u00bben\u00bb 76=\u00bblos\u00bb 77=\u00bbcambios\u00bb 78=\u00bbdel\u00bb 79=\u00bbd\u00eda\u00bb 80=\u00bba\u00bb 81=\u00bbd\u00eda\u00bb 82=\u00bby\u00bb 83=\u00bbcomo\u00bb 84=\u00bblas\u00bb 85=\u00bbprendas\u00bb 86=\u00bbse\u00bb 87=\u00bbvuelven\u00bb 88=\u00bbfuncionales\u00bb 89=\u00bbllev\u00e1ndola\u00bb 90=\u00bbal\u00bb 91=\u00bbsiguiente\u00bb 92=\u00bbnivel;\u00bb 93=\u00bbuna\u00bb 94=\u00bbMODA\u00bb 95=\u00bbFUNCIONAL.\u00abbutton_color=\u00ab#b66630\u00ab\u00bb type=\u00bbdecori\u00bb animation_color=\u00bb#b66630&#8243; animation_color_2=\u00bb#b54800&#8243; style=\u00bba-btn-4&#8243; enable_btn=\u00bbtrue\u00bb title_color=\u00bb#ffffff\u00bb text_color=\u00bb#ffffff\u00bb title=\u00bbADN ROBOTO\u00bb button=\u00bburl:http%3A%2F%2Fwww.industriasroboto.com%2Fshop-industrias-roboto%2F|title:TIENDA%20ONLINE|target:%20_blank|\u00bb text=\u00bb@ind.roboto \u2013 Dise\u00f1o y manufactura latinoamericana, con un concepto de prendas funcionales, dise\u00f1adas para enfrentar el d\u00eda a d\u00eda, sin importar los constantes cambios del clima y el entorno. Adaptando la anatom\u00eda humana a cortes futuristas de car\u00e1cter rob\u00f3tico.<\/p>\n<p>Redise\u00f1ar la marca es un proceso creativo, es estar en constante movimiento, la generaci\u00f3n de ideas surge a trav\u00e9s del an\u00e1lisis constante de la sociedad. Roboto se re-inventa y nace INDUSTRIAS ROBOTO, una marca que piensa en los cambios del d\u00eda a d\u00eda y como las prendas se vuelven funcionales llev\u00e1ndola al siguiente nivel; una MODA FUNCIONAL.\u00bb][\/vc_column][\/vc_row][vc_row][vc_column][vc_row_inner desctop_lg_pt=\u00bbpadding-lg-115t\u00bb desctop_lg_pb=\u00bbpadding-lg-70b\u00bb][vc_column_inner][pixxy_headings style=\u00bbsimple\u00bb subtitle=\u00bbINDUSTRIAS ROBOTO\u00bb title=\u00bbNos reinventamos para construir un nuevo concepto, m\u00e1s fuerte y funcional.\u00bb btn_style=\u00bba-btn\u00bb][\/vc_column_inner][\/vc_row_inner][vc_row_inner desctop_mb=\u00bbmargin-lg-70b\u00bb][vc_column_inner width=\u00bb1\/2&#8243; offset=\u00bbvc_col-md-3 vc_col-xs-12&#8243;][pixxy_services style=\u00bbicon\u00bb icon=\u00bbicon-basic-gear\u00bb icon_gradient_color_1=\u00bb#b66630&#8243; icon_gradient_color_2=\u00bb#b57f5e\u00bb title_color_hover=\u00bb#b66630&#8243; title=\u00bbLA ERA DE LA MODA FUNCIONAL\u00bb text=\u00bbCada corte, bot\u00f3n y material est\u00e1 pensado para una funci\u00f3n concreta, constituyendo una prenda \u00fanica y eficaz para la ciudad.\u00bb][\/vc_column_inner][vc_column_inner width=\u00bb1\/2&#8243; offset=\u00bbvc_col-md-3 vc_col-xs-12&#8243;][pixxy_services style=\u00bbicon\u00bb icon=\u00bbicon-basic-lightbulb\u00bb icon_gradient_color_1=\u00bb#b66630&#8243; icon_gradient_color_2=\u00bb#b57f5e\u00bb title_color_hover=\u00bb#b66630&#8243; title=\u00bbIDEAS TRASCENDENTALES\u00bb text=\u00bbEl concepto de IND. ROBOTO parte de la noci\u00f3n de un futuro disruptivo y funcional, un clima implacable y prendas adecuadas a m\u00faltiples entornos.\u00bb][\/vc_column_inner][vc_column_inner width=\u00bb1\/2&#8243; offset=\u00bbvc_col-md-3 vc_col-xs-12&#8243;][pixxy_services style=\u00bbicon\u00bb icon=\u00bbicon-basic-flag1&#8243; icon_gradient_color_1=\u00bb#b66630&#8243; icon_gradient_color_2=\u00bb#b57f5e\u00bb title_color_hover=\u00bb#b66630&#8243; title=\u00bbMANUFACTURA COLOMBIANA\u00bb text=\u00bbNuestros procesos de manufactura y creaci\u00f3n, son llevados a cabo por talento 100% colombiano. Estamos comprometidos con el crecimiento de la industria nacional.\u00bb][\/vc_column_inner][vc_column_inner width=\u00bb1\/2&#8243; offset=\u00bbvc_col-md-3 vc_col-xs-12&#8243;][pixxy_services style=\u00bbicon\u00bb icon=\u00bbicon-basic-globe\u00bb icon_gradient_color_1=\u00bb#b66630&#8243; icon_gradient_color_2=\u00bb#b57f5e\u00bb title_color_hover=\u00bb#b66630&#8243; title=\u00bbVISI\u00d3N DE MERCADO GLOBAL\u00bb text=\u00bbQueremos llegar a nuevos pa\u00edses constantemente, facilitando la compra de nuestras prendas a m\u00faltiples lugares en Latinoam\u00e9rica y pronto a otras zonas del mundo.\u00bb][\/vc_column_inner][\/vc_row_inner][vc_row_inner desctop_mb=\u00bbmargin-lg-80b\u00bb][vc_column_inner][\/vc_column_inner][\/vc_row_inner][\/vc_column][\/vc_row][vc_row full_width=\u00bbstretch_row_content_no_spaces\u00bb css=\u00bb.vc_custom_1548449084571{background-color: #f2f2f2 !important;}\u00bb][vc_column css=\u00bb.vc_custom_1530031985159{padding-top: 0px !important;}\u00bb][pixxy_headings style=\u00bbwith-media\u00bb subtitle=\u00bbNuestra compa\u00f1\u00eda\u00bb title=\u00bbLa esencia de IND.ROBOTO\u00bb description=\u00bbCreamos experiencias memorables para personas \u00fanicas, a trav\u00e9s de prendas que van m\u00e1s all\u00e1 de lo convencional, siendo la mejor opci\u00f3n en moda funcional, capaz de enfrentarse a cualquier entorno.\u00bb btn_style=\u00bba-btn\u00bb button=\u00bb||target:%20_blank|\u00bb media_image=\u00bb10962&#8243;][\/vc_column][\/vc_row][vc_row full_width=\u00bbstretch_row_content_no_spaces\u00bb css=\u00bb.vc_custom_1547131374393{background-color: #ffffff !important;background-position: 0 0 !important;background-repeat: repeat !important;}\u00bb][vc_column css=\u00bb.vc_custom_1530032115918{padding-top: 0px !important;}\u00bb][pixxy_counter style_counter=\u00bbwith-media\u00bb linear_counter=\u00bb%5B%7B%22title%22%3A%22visitas%20en%20web%22%2C%22description%22%3A%22Constantemente%20trabajamos%20para%20mejorar%20el%20ADN%20de%20ROBOTO%20y%20ofrecer%20a%20todos%20nuestros%20clientes%20el%20mejor%20producto%2C%20vi%C3%A9ndose%20reflejado%20en%20nuestra%20renovaci%C3%B3n%20web.%22%2C%22number%22%3A%22273%22%2C%22symbol%22%3A%22mil%22%2C%22color%22%3A%22%23b66630%22%7D%2C%7B%22title%22%3A%22Seguidores%22%2C%22description%22%3A%22En%20nuestro%20camino%20por%20consolidar%20una%20marca%20contundente%20y%20visionaria%2C%20hemos%20construido%20una%20comunidad%20amplia%20en%20redes%20sociales.%20Est%C3%A1s%20palabras%20son%20un%20agradecimiento%20a%20todos%20aquellos%20clientes%20que%20han%20confiado%20en%20nosotros%20y%20en%20las%20ideas%20que%20transcienden%20en%20nuestras%20prendas.%22%2C%22number%22%3A%22117%22%2C%22symbol%22%3A%22mil%22%2C%22color%22%3A%22%23b66630%22%7D%5D\u00bb media_pos=\u00bbright\u00bb subtitle=\u00bbNuestro diferencial\u00bb title=\u00bbNo hacemos prendas, creamos un concepto futurista y funcional.\u00bb media_image=\u00bb10960&#8243;][\/vc_column][\/vc_row]\n<\/section>","protected":false},"excerpt":{"rendered":"<p>[vc_row full_width=\u00bbstretch_row_content_no_spaces\u00bb css=\u00bb.vc_custom_1548448937181{background-color: #000000 !important;}\u00bb][vc_column mobile_pt=\u00bbpadding-xs-30t\u00bb mobile_pb=\u00bbpadding-xs-30b\u00bb css=\u00bb.vc_custom_1548448924522{padding-right: 30px !important;padding-left: 30px !important;}\u00bb][pixxy_physics_banner 1=\u00bb\u2013\u00bb 2=\u00bbDise\u00f1o\u00bb 3=\u00bby\u00bb 4=\u00bbmanufactura\u00bb 5=\u00bbcolombiana,\u00bb 6=\u00bbcon\u00bb 7=\u00bbun\u00bb 8=\u00bbconcepto\u00bb 9=\u00bbde\u00bb 10=\u00bbprendas\u00bb 11=\u00bbfuncionales,\u00bb 12=\u00bbdise\u00f1adas\u00bb 13=\u00bbpara\u00bb 14=\u00bbenfrentar\u00bb 15=\u00bbel\u00bb 16=\u00bbd\u00eda\u00bb 17=\u00bba\u00bb 18=\u00bbd\u00eda,\u00bb 19=\u00bbsin\u00bb 20=\u00bbimportar\u00bb 21=\u00bblos\u00bb 22=\u00bbconstantes\u00bb 23=\u00bbcambios\u00bb 24=\u00bbdel\u00bb 25=\u00bbclima\u00bb 26=\u00bby\u00bb 27=\u00bbel\u00bb 28=\u00bbentorno.\u00bb 29=\u00bbAdaptando\u00bb 30=\u00bbla\u00bb 31=\u00bbanatom\u00eda\u00bb 32=\u00bbhumana\u00bb 33=\u00bba\u00bb 34=\u00bbcortes\u00bb 35=\u00bbfuturistas\u00bb 36=\u00bbde\u00bb 37=\u00bbcar\u00e1cter\u00bb 38=\u00bbrob\u00f3tico.\u00bb&hellip;<\/p>\n","protected":false},"author":1,"featured_media":0,"parent":0,"menu_order":0,"comment_status":"closed","ping_status":"closed","template":"","meta":{"footnotes":""},"class_list":["post-27797","page","type-page","status-publish","hentry"],"yoast_head":"<!-- This site is optimized with the Yoast SEO plugin v27.2 - https:\/\/yoast.com\/product\/yoast-seo-wordpress\/ -->\n<title>Nuestra Compa\u00f1\u00eda. ADN ROBOTO | Industrias Roboto<\/title>\n<meta name=\"robots\" content=\"index, follow, max-snippet:-1, max-image-preview:large, max-video-preview:-1\" \/>\n<link rel=\"canonical\" href=\"https:\/\/industriasroboto.com\/es\/nuestra-compania-adn-roboto\/\" \/>\n<meta property=\"og:locale\" content=\"es_ES\" \/>\n<meta property=\"og:type\" content=\"article\" \/>\n<meta property=\"og:title\" content=\"Nuestra Compa\u00f1\u00eda. ADN ROBOTO | Industrias Roboto\" \/>\n<meta property=\"og:description\" content=\"[vc_row full_width=\u00bbstretch_row_content_no_spaces\u00bb css=\u00bb.vc_custom_1548448937181{background-color: #000000 !important;}\u00bb][vc_column mobile_pt=\u00bbpadding-xs-30t\u00bb mobile_pb=\u00bbpadding-xs-30b\u00bb css=\u00bb.vc_custom_1548448924522{padding-right: 30px !important;padding-left: 30px !important;}\u00bb][pixxy_physics_banner 1=\u00bb\u2013\u00bb 2=\u00bbDise\u00f1o\u00bb 3=\u00bby\u00bb 4=\u00bbmanufactura\u00bb 5=\u00bbcolombiana,\u00bb 6=\u00bbcon\u00bb 7=\u00bbun\u00bb 8=\u00bbconcepto\u00bb 9=\u00bbde\u00bb 10=\u00bbprendas\u00bb 11=\u00bbfuncionales,\u00bb 12=\u00bbdise\u00f1adas\u00bb 13=\u00bbpara\u00bb 14=\u00bbenfrentar\u00bb 15=\u00bbel\u00bb 16=\u00bbd\u00eda\u00bb 17=\u00bba\u00bb 18=\u00bbd\u00eda,\u00bb 19=\u00bbsin\u00bb 20=\u00bbimportar\u00bb 21=\u00bblos\u00bb 22=\u00bbconstantes\u00bb 23=\u00bbcambios\u00bb 24=\u00bbdel\u00bb 25=\u00bbclima\u00bb 26=\u00bby\u00bb 27=\u00bbel\u00bb 28=\u00bbentorno.\u00bb 29=\u00bbAdaptando\u00bb 30=\u00bbla\u00bb 31=\u00bbanatom\u00eda\u00bb 32=\u00bbhumana\u00bb 33=\u00bba\u00bb 34=\u00bbcortes\u00bb 35=\u00bbfuturistas\u00bb 36=\u00bbde\u00bb 37=\u00bbcar\u00e1cter\u00bb 38=\u00bbrob\u00f3tico.\u00bb&hellip;\" \/>\n<meta property=\"og:url\" content=\"https:\/\/industriasroboto.com\/es\/nuestra-compania-adn-roboto\/\" \/>\n<meta property=\"og:site_name\" content=\"Industrias Roboto\" \/>\n<meta property=\"article:publisher\" content=\"https:\/\/www.facebook.com\/Robotoindustries\/\" \/>\n<meta property=\"article:modified_time\" content=\"2020-10-28T17:32:21+00:00\" \/>\n<meta name=\"twitter:card\" content=\"summary_large_image\" \/>\n<meta name=\"twitter:label1\" content=\"Tiempo de lectura\" \/>\n\t<meta name=\"twitter:data1\" content=\"4 minutos\" \/>\n<script type=\"application\/ld+json\" class=\"yoast-schema-graph\">{\"@context\":\"https:\/\/schema.org\",\"@graph\":[{\"@type\":\"WebPage\",\"@id\":\"https:\/\/industriasroboto.com\/es\/nuestra-compania-adn-roboto\/\",\"url\":\"https:\/\/industriasroboto.com\/es\/nuestra-compania-adn-roboto\/\",\"name\":\"Nuestra Compa\u00f1\u00eda. ADN ROBOTO | Industrias Roboto\",\"isPartOf\":{\"@id\":\"https:\/\/industriasroboto.com\/en\/#website\"},\"datePublished\":\"2018-07-06T11:18:34+00:00\",\"dateModified\":\"2020-10-28T17:32:21+00:00\",\"breadcrumb\":{\"@id\":\"https:\/\/industriasroboto.com\/es\/nuestra-compania-adn-roboto\/#breadcrumb\"},\"inLanguage\":\"es\",\"potentialAction\":[{\"@type\":\"ReadAction\",\"target\":[\"https:\/\/industriasroboto.com\/es\/nuestra-compania-adn-roboto\/\"]}]},{\"@type\":\"BreadcrumbList\",\"@id\":\"https:\/\/industriasroboto.com\/es\/nuestra-compania-adn-roboto\/#breadcrumb\",\"itemListElement\":[{\"@type\":\"ListItem\",\"position\":1,\"name\":\"Portada\",\"item\":\"https:\/\/industriasroboto.com\/es\/\"},{\"@type\":\"ListItem\",\"position\":2,\"name\":\"Nuestra Compa\u00f1\u00eda. ADN ROBOTO\"}]},{\"@type\":\"WebSite\",\"@id\":\"https:\/\/industriasroboto.com\/en\/#website\",\"url\":\"https:\/\/industriasroboto.com\/en\/\",\"name\":\"Industrias Roboto\",\"description\":\"Industrias Roboto. Bienvenido a la Era de la Moda Funcional. Dise\u00f1o y manufactura 100% colombiana\",\"publisher\":{\"@id\":\"https:\/\/industriasroboto.com\/en\/#organization\"},\"alternateName\":\"Ind. Roboto\",\"potentialAction\":[{\"@type\":\"SearchAction\",\"target\":{\"@type\":\"EntryPoint\",\"urlTemplate\":\"https:\/\/industriasroboto.com\/en\/?s={search_term_string}\"},\"query-input\":{\"@type\":\"PropertyValueSpecification\",\"valueRequired\":true,\"valueName\":\"search_term_string\"}}],\"inLanguage\":\"es\"},{\"@type\":\"Organization\",\"@id\":\"https:\/\/industriasroboto.com\/en\/#organization\",\"name\":\"Industrias Roboto\",\"url\":\"https:\/\/industriasroboto.com\/en\/\",\"logo\":{\"@type\":\"ImageObject\",\"inLanguage\":\"es\",\"@id\":\"https:\/\/industriasroboto.com\/en\/#\/schema\/logo\/image\/\",\"url\":\"https:\/\/industriasroboto.com\/wp-content\/uploads\/2026\/01\/cropped-cropped-cropped-Industrias-Roboto-Logo-Web.png\",\"contentUrl\":\"https:\/\/industriasroboto.com\/wp-content\/uploads\/2026\/01\/cropped-cropped-cropped-Industrias-Roboto-Logo-Web.png\",\"width\":227,\"height\":80,\"caption\":\"Industrias Roboto\"},\"image\":{\"@id\":\"https:\/\/industriasroboto.com\/en\/#\/schema\/logo\/image\/\"},\"sameAs\":[\"https:\/\/www.facebook.com\/Robotoindustries\/\",\"https:\/\/www.instagram.com\/ind.roboto\/\",\"https:\/\/www.youtube.com\/@industriasroboto9224\"]}]}<\/script>\n<!-- \/ Yoast SEO plugin. -->","yoast_head_json":{"title":"Nuestra Compa\u00f1\u00eda. ADN ROBOTO | Industrias Roboto","robots":{"index":"index","follow":"follow","max-snippet":"max-snippet:-1","max-image-preview":"max-image-preview:large","max-video-preview":"max-video-preview:-1"},"canonical":"https:\/\/industriasroboto.com\/es\/nuestra-compania-adn-roboto\/","og_locale":"es_ES","og_type":"article","og_title":"Nuestra Compa\u00f1\u00eda. ADN ROBOTO | Industrias Roboto","og_description":"[vc_row full_width=\u00bbstretch_row_content_no_spaces\u00bb css=\u00bb.vc_custom_1548448937181{background-color: #000000 !important;}\u00bb][vc_column mobile_pt=\u00bbpadding-xs-30t\u00bb mobile_pb=\u00bbpadding-xs-30b\u00bb css=\u00bb.vc_custom_1548448924522{padding-right: 30px !important;padding-left: 30px !important;}\u00bb][pixxy_physics_banner 1=\u00bb\u2013\u00bb 2=\u00bbDise\u00f1o\u00bb 3=\u00bby\u00bb 4=\u00bbmanufactura\u00bb 5=\u00bbcolombiana,\u00bb 6=\u00bbcon\u00bb 7=\u00bbun\u00bb 8=\u00bbconcepto\u00bb 9=\u00bbde\u00bb 10=\u00bbprendas\u00bb 11=\u00bbfuncionales,\u00bb 12=\u00bbdise\u00f1adas\u00bb 13=\u00bbpara\u00bb 14=\u00bbenfrentar\u00bb 15=\u00bbel\u00bb 16=\u00bbd\u00eda\u00bb 17=\u00bba\u00bb 18=\u00bbd\u00eda,\u00bb 19=\u00bbsin\u00bb 20=\u00bbimportar\u00bb 21=\u00bblos\u00bb 22=\u00bbconstantes\u00bb 23=\u00bbcambios\u00bb 24=\u00bbdel\u00bb 25=\u00bbclima\u00bb 26=\u00bby\u00bb 27=\u00bbel\u00bb 28=\u00bbentorno.\u00bb 29=\u00bbAdaptando\u00bb 30=\u00bbla\u00bb 31=\u00bbanatom\u00eda\u00bb 32=\u00bbhumana\u00bb 33=\u00bba\u00bb 34=\u00bbcortes\u00bb 35=\u00bbfuturistas\u00bb 36=\u00bbde\u00bb 37=\u00bbcar\u00e1cter\u00bb 38=\u00bbrob\u00f3tico.\u00bb&hellip;","og_url":"https:\/\/industriasroboto.com\/es\/nuestra-compania-adn-roboto\/","og_site_name":"Industrias Roboto","article_publisher":"https:\/\/www.facebook.com\/Robotoindustries\/","article_modified_time":"2020-10-28T17:32:21+00:00","twitter_card":"summary_large_image","twitter_misc":{"Tiempo de lectura":"4 minutos"},"schema":{"@context":"https:\/\/schema.org","@graph":[{"@type":"WebPage","@id":"https:\/\/industriasroboto.com\/es\/nuestra-compania-adn-roboto\/","url":"https:\/\/industriasroboto.com\/es\/nuestra-compania-adn-roboto\/","name":"Nuestra Compa\u00f1\u00eda. ADN ROBOTO | Industrias Roboto","isPartOf":{"@id":"https:\/\/industriasroboto.com\/en\/#website"},"datePublished":"2018-07-06T11:18:34+00:00","dateModified":"2020-10-28T17:32:21+00:00","breadcrumb":{"@id":"https:\/\/industriasroboto.com\/es\/nuestra-compania-adn-roboto\/#breadcrumb"},"inLanguage":"es","potentialAction":[{"@type":"ReadAction","target":["https:\/\/industriasroboto.com\/es\/nuestra-compania-adn-roboto\/"]}]},{"@type":"BreadcrumbList","@id":"https:\/\/industriasroboto.com\/es\/nuestra-compania-adn-roboto\/#breadcrumb","itemListElement":[{"@type":"ListItem","position":1,"name":"Portada","item":"https:\/\/industriasroboto.com\/es\/"},{"@type":"ListItem","position":2,"name":"Nuestra Compa\u00f1\u00eda. ADN ROBOTO"}]},{"@type":"WebSite","@id":"https:\/\/industriasroboto.com\/en\/#website","url":"https:\/\/industriasroboto.com\/en\/","name":"Industrias Roboto","description":"Industrias Roboto. Bienvenido a la Era de la Moda Funcional. Dise\u00f1o y manufactura 100% colombiana","publisher":{"@id":"https:\/\/industriasroboto.com\/en\/#organization"},"alternateName":"Ind. Roboto","potentialAction":[{"@type":"SearchAction","target":{"@type":"EntryPoint","urlTemplate":"https:\/\/industriasroboto.com\/en\/?s={search_term_string}"},"query-input":{"@type":"PropertyValueSpecification","valueRequired":true,"valueName":"search_term_string"}}],"inLanguage":"es"},{"@type":"Organization","@id":"https:\/\/industriasroboto.com\/en\/#organization","name":"Industrias Roboto","url":"https:\/\/industriasroboto.com\/en\/","logo":{"@type":"ImageObject","inLanguage":"es","@id":"https:\/\/industriasroboto.com\/en\/#\/schema\/logo\/image\/","url":"https:\/\/industriasroboto.com\/wp-content\/uploads\/2026\/01\/cropped-cropped-cropped-Industrias-Roboto-Logo-Web.png","contentUrl":"https:\/\/industriasroboto.com\/wp-content\/uploads\/2026\/01\/cropped-cropped-cropped-Industrias-Roboto-Logo-Web.png","width":227,"height":80,"caption":"Industrias Roboto"},"image":{"@id":"https:\/\/industriasroboto.com\/en\/#\/schema\/logo\/image\/"},"sameAs":["https:\/\/www.facebook.com\/Robotoindustries\/","https:\/\/www.instagram.com\/ind.roboto\/","https:\/\/www.youtube.com\/@industriasroboto9224"]}]}},"_links":{"self":[{"href":"https:\/\/industriasroboto.com\/es\/wp-json\/wp\/v2\/pages\/27797","targetHints":{"allow":["GET"]}}],"collection":[{"href":"https:\/\/industriasroboto.com\/es\/wp-json\/wp\/v2\/pages"}],"about":[{"href":"https:\/\/industriasroboto.com\/es\/wp-json\/wp\/v2\/types\/page"}],"author":[{"embeddable":true,"href":"https:\/\/industriasroboto.com\/es\/wp-json\/wp\/v2\/users\/1"}],"replies":[{"embeddable":true,"href":"https:\/\/industriasroboto.com\/es\/wp-json\/wp\/v2\/comments?post=27797"}],"version-history":[{"count":0,"href":"https:\/\/industriasroboto.com\/es\/wp-json\/wp\/v2\/pages\/27797\/revisions"}],"wp:attachment":[{"href":"https:\/\/industriasroboto.com\/es\/wp-json\/wp\/v2\/media?parent=27797"}],"curies":[{"name":"wp","href":"https:\/\/api.w.org\/{rel}","templated":true}]}}